{"id":14627,"date":"2025-11-28T09:52:00","date_gmt":"2025-11-28T08:52:00","guid":{"rendered":"https:\/\/lovesleepee.com\/product\/sleeping-bag-with-detachable-sleeves-sand\/"},"modified":"2026-02-16T17:02:23","modified_gmt":"2026-02-16T16:02:23","slug":"sac-de-couchage-avec-manches-amovibles-sable","status":"publish","type":"product","link":"https:\/\/lovesleepee.com\/fr\/produits\/sac-de-couchage-avec-manches-amovibles-sable\/","title":{"rendered":"Sac de couchage avec manches d\u00e9tachables"},"content":{"rendered":"<h3><strong>Sac de couchage avec manches amovibles <\/strong><\/h3>\n<p>Every parent knows how important a baby&#8217;s sleep is &#8211; both for the baby and for the parents. As it is our mission to ensure a long and safe sleep, we are proud to present to you a product that we have worked on for a long time to make it perfect!<\/p>\n<p>As the market leader in sleeping bags, we have developed the Sleeping Bag with detachable sleeves. It&#8217;s the perfect choice especially for the colder months.<\/p>\n<p>The sleeping bag is designed to provide maximum comfort for your baby and to make life easier for parents. The sleeping bag has detachable sleeves, making it a versatile solution for all weathers.<\/p>\n<ul>\n<li><strong>When it&#8217;s chilly<\/strong>, you can leave the sleeves off to keep baby fully wrapped up.<\/li>\n<li><strong>On warmer nights<\/strong>, simply detach them, turning the sleeping bag into a comfortable sleeveless version.<\/li>\n<\/ul>\n<p>This is one solution that adapts to changing needs!<\/p>\n<p>In addition, the sleeping bag has two zippers, which will be a practical solution for parents:<\/p>\n<ul>\n<li><strong>Zipper for nappy change:<\/strong> the convenient zipper located in the middle of the sleeping bag allows a quick nappy change without waking the baby. This makes night-time changing easy and less stressful<\/li>\n<li><strong>Zipper around the sleeping bag:<\/strong> The sleeping bag can be fully unfolded flat, making it easy to tuck your baby in &#8211; without unnecessary manoeuvring, especially when your little one is asleep Warmth and comfort all night long<\/li>\n<\/ul>\n<p>Our sleeping bag is made from soft, natural and breathable materials that provide adequate thermal insulation. This protects your little one from the cold and ensures a peaceful and uninterrupted sleep.<\/p>\n<h4><strong>Why our sleeping bag? <\/strong><\/h4>\n<ul>\n<li><strong>Suitable for all seasons<\/strong> &#8211; thanks to detachable sleeves.<\/li>\n<li><strong>Comfortable to use<\/strong> &#8211; zipper around the sleeping bag and additional zipper for nappy changes.<\/li>\n<li><strong>Safety and durability<\/strong> &#8211; carefully selected, skin-friendly materials.<\/li>\n<li><strong>Facile d'entretien<\/strong> &#8211; product easy to wash and clean.<\/li>\n<\/ul>\n<p>Ensure a peaceful sleep for your baby and comfort during night-time care. Our sleeping bag is an indispensable part of any layette, which both babies and parents will love!<\/p>\n<p><strong>Composition :<\/strong> 95% cotton, 5% elastane, filling: silicone fleece TOG scale: 2.5<\/p>\n<p><strong>Comment le laver ?<\/strong> Machine wash at 40\u00b0 on delicate programme &#8211; max 800 spin speed, do not use bleach, do not tumble dry<\/p>\n<p><strong>L'\u00e2ge :<\/strong> 6- 24 months<\/p>\n<p><strong>Dimensions :<\/strong> Longueur \u00e0 partir de l'\u00e9paule : 85 cm, largeur : 47 cm<\/p>","protected":false},"excerpt":{"rendered":"<p>Sac de couchage avec manches amovibles Tous les parents savent \u00e0 quel point le sommeil de leur b\u00e9b\u00e9 est important - \u00e0 la fois pour lui et pour les autres.<\/p>","protected":false},"featured_media":12890,"comment_status":"closed","ping_status":"closed","template":"","meta":[],"product_brand":[],"product_cat":[1001,787],"product_tag":[],"class_list":{"0":"post-14627","1":"product","2":"type-product","3":"status-publish","4":"has-post-thumbnail","6":"product_cat-sleeping_bag_detach","7":"product_cat-sleeping-bags","8":"pa_pattern-grey","9":"pa_pattern-pink","10":"pa_pattern-sand","12":"first","13":"outofstock","14":"shipping-taxable","15":"purchasable","16":"product-type-variable","17":"wvs-archive-product-wrapper"},"_links":{"self":[{"href":"https:\/\/lovesleepee.com\/fr\/wp-json\/wp\/v2\/product\/14627","targetHints":{"allow":["GET"]}}],"collection":[{"href":"https:\/\/lovesleepee.com\/fr\/wp-json\/wp\/v2\/product"}],"about":[{"href":"https:\/\/lovesleepee.com\/fr\/wp-json\/wp\/v2\/types\/product"}],"replies":[{"embeddable":true,"href":"https:\/\/lovesleepee.com\/fr\/wp-json\/wp\/v2\/comments?post=14627"}],"wp:featuredmedia":[{"embeddable":true,"href":"https:\/\/lovesleepee.com\/fr\/wp-json\/wp\/v2\/media\/12890"}],"wp:attachment":[{"href":"https:\/\/lovesleepee.com\/fr\/wp-json\/wp\/v2\/media?parent=14627"}],"wp:term":[{"taxonomy":"product_brand","embeddable":true,"href":"https:\/\/lovesleepee.com\/fr\/wp-json\/wp\/v2\/product_brand?post=14627"},{"taxonomy":"product_cat","embeddable":true,"href":"https:\/\/lovesleepee.com\/fr\/wp-json\/wp\/v2\/product_cat?post=14627"},{"taxonomy":"product_tag","embeddable":true,"href":"https:\/\/lovesleepee.com\/fr\/wp-json\/wp\/v2\/product_tag?post=14627"}],"curies":[{"name":"wp","href":"https:\/\/api.w.org\/{rel}","templated":true}]}}