{"id":14619,"date":"2025-06-04T13:51:00","date_gmt":"2025-06-04T11:51:00","guid":{"rendered":"https:\/\/lovesleepee.com\/product\/modular-baby-nest-with-toy-arch-3-in-1-sand\/"},"modified":"2026-02-14T18:18:50","modified_gmt":"2026-02-14T17:18:50","slug":"nid-denfant-modulable-avec-arche-a-jouets-3-en-1-sable","status":"publish","type":"product","link":"https:\/\/lovesleepee.com\/fr\/produits\/nid-denfant-modulable-avec-arche-a-jouets-3-en-1-sable\/","title":{"rendered":"Modular Baby Nest with Toy Arch 3 in 1"},"content":{"rendered":"<h1>Sleepee 3-en-1 Nid modulaire pour b\u00e9b\u00e9 avec arche de jouets - Sommeil, proximit\u00e9 et jeu sensoriel<\/h1>\n<p>Nous avons cr\u00e9\u00e9 plus qu'un simple nid d'enfant - il s'agit d'un espace complet et multifonctionnel pour votre petit d\u00e8s le d\u00e9but. L'espace <strong>Sleepee 3-in-1 Nid de b\u00e9b\u00e9 modulaire avec arche de jouets<\/strong> combine un sommeil r\u00e9parateur, un sentiment de s\u00e9curit\u00e9 et un espace d\u00e9di\u00e9 aux jeux sensoriels, le tout dans un design magnifique.<\/p>\n<h2>Qu'est-ce qui est inclus ?<\/h2>\n<ul>\n<li><strong>Nid de b\u00e9b\u00e9 respirant Sleepee<\/strong> - avec des c\u00f4t\u00e9s amovibles et un matelas stable qui favorise l'alignement de la colonne vert\u00e9brale pendant le sommeil.<\/li>\n<li><strong>Jouer \u00e0 l'arche avec des jouets<\/strong> - comprend quatre jouets suspendus interchangeables (miroir, hochet, formes, jouet sensoriel) pour favoriser le d\u00e9veloppement sensoriel et moteur.<\/li>\n<li><strong>Sac de transport \u00e9cologique<\/strong> - pour faciliter le stockage et les d\u00e9placements.<\/li>\n<\/ul>\n<h2>Pourquoi le choisir ?<\/h2>\n<ul>\n<li><strong>Un espace de sommeil s\u00fbr<\/strong> - conception ergonomique avec des mat\u00e9riaux respirants<\/li>\n<li><strong>Le d\u00e9veloppement par le jeu<\/strong> - zone sensorielle qui stimule la vue, l'ou\u00efe et le toucher<\/li>\n<li><strong>Hauteur r\u00e9glable du jouet<\/strong> - personnalisable en fonction du stade de d\u00e9veloppement de votre b\u00e9b\u00e9<\/li>\n<li><strong>Portable et pratique<\/strong> - con\u00e7u pour aller partout o\u00f9 vous allez<\/li>\n<\/ul>\n<p>Il s'agit d'une solution qui <strong>grandit avec votre b\u00e9b\u00e9<\/strong> - favoriser leur d\u00e9veloppement et leur confort quotidien de mani\u00e8re s\u00fbre et \u00e9l\u00e9gante.<\/p>\n<p>Composition :<\/p>\n<p>C\u00f4t\u00e9s : polyester 100%<\/p>\n<p>Int\u00e9rieur : 95% coton, 5% spandex<\/p>\n<p>Dimensions : longueur 70cm, largeur 45cm, hauteur 15cm.<\/p>\n<p>Arche de jeu : Dimensions : longueur totale de l'arche 116cm, largeur du bas 23cm au haut 10cm, \u00e9paisseur du bas 7 au haut 2cm.<\/p>","protected":false},"excerpt":{"rendered":"<p>Sleepee 3-in-1 Nid modulaire pour b\u00e9b\u00e9 avec arche de jouets - Sommeil, proximit\u00e9 et jeu sensoriel Nous avons cr\u00e9\u00e9 plus qu'un simple nid pour b\u00e9b\u00e9.<\/p>","protected":false},"featured_media":11173,"comment_status":"closed","ping_status":"closed","template":"","meta":[],"product_brand":[],"product_cat":[1047,1042],"product_tag":[],"class_list":{"0":"post-14619","1":"product","2":"type-product","3":"status-publish","4":"has-post-thumbnail","6":"product_cat-modular-3-in-1-baby-nest-with-play-arch","7":"product_cat-modular-baby-nest-cocoon","8":"pa_pattern-grey","9":"pa_pattern-pink","10":"pa_pattern-sand","12":"first","13":"instock","14":"shipping-taxable","15":"purchasable","16":"product-type-variable","17":"wvs-archive-product-wrapper"},"_links":{"self":[{"href":"https:\/\/lovesleepee.com\/fr\/wp-json\/wp\/v2\/product\/14619","targetHints":{"allow":["GET"]}}],"collection":[{"href":"https:\/\/lovesleepee.com\/fr\/wp-json\/wp\/v2\/product"}],"about":[{"href":"https:\/\/lovesleepee.com\/fr\/wp-json\/wp\/v2\/types\/product"}],"replies":[{"embeddable":true,"href":"https:\/\/lovesleepee.com\/fr\/wp-json\/wp\/v2\/comments?post=14619"}],"wp:featuredmedia":[{"embeddable":true,"href":"https:\/\/lovesleepee.com\/fr\/wp-json\/wp\/v2\/media\/11173"}],"wp:attachment":[{"href":"https:\/\/lovesleepee.com\/fr\/wp-json\/wp\/v2\/media?parent=14619"}],"wp:term":[{"taxonomy":"product_brand","embeddable":true,"href":"https:\/\/lovesleepee.com\/fr\/wp-json\/wp\/v2\/product_brand?post=14619"},{"taxonomy":"product_cat","embeddable":true,"href":"https:\/\/lovesleepee.com\/fr\/wp-json\/wp\/v2\/product_cat?post=14619"},{"taxonomy":"product_tag","embeddable":true,"href":"https:\/\/lovesleepee.com\/fr\/wp-json\/wp\/v2\/product_tag?post=14619"}],"curies":[{"name":"wp","href":"https:\/\/api.w.org\/{rel}","templated":true}]}}