{"id":14615,"date":"2025-06-04T13:50:00","date_gmt":"2025-06-04T11:50:00","guid":{"rendered":"https:\/\/lovesleepee.com\/product\/adjustable-toy-arch-sand\/"},"modified":"2026-02-14T18:24:46","modified_gmt":"2026-02-14T17:24:46","slug":"arche-reglable-pour-jouets-sable","status":"publish","type":"product","link":"https:\/\/lovesleepee.com\/fr\/produits\/arche-reglable-pour-jouets-sable\/","title":{"rendered":"Adjustable Toy Arch"},"content":{"rendered":"<h1>Arche de jeu r\u00e9glable Sleepee - Un soutien parfait pour le d\u00e9veloppement de votre b\u00e9b\u00e9<\/h1>\n<p>D\u00e9couvrez notre nouvelle <strong>Arche de jeu r\u00e9glable Sleepee<\/strong>! Vous pouvez l'utiliser seul en le pla\u00e7ant sur un tapis de jeu ou comme accessoire d'un nid d'enfant. Con\u00e7u pour les besoins de votre b\u00e9b\u00e9 <strong>le d\u00e9veloppement sensoriel<\/strong> Il est fabriqu\u00e9 dans un mat\u00e9riau \u00e9l\u00e9gant et doux, le velours. Le produit comprend quatre jouets diff\u00e9rents que vous pouvez m\u00e9langer librement.<\/p>\n<h2>Une construction stable et s\u00fbre<\/h2>\n<p>La base \u00e9largie de l'arche offre une stabilit\u00e9 exceptionnelle quelle que soit la surface sur laquelle elle est pos\u00e9e. La fermeture \u00e9clair est esth\u00e9tiquement cach\u00e9e pour conserver une apparence \u00e9l\u00e9gante et assurer la s\u00e9curit\u00e9 de votre b\u00e9b\u00e9.<\/p>\n<h2>Des jouets qui favorisent le d\u00e9veloppement<\/h2>\n<p>L'arche comprend quatre jouets suspendus uniques, chacun con\u00e7u pour favoriser le d\u00e9veloppement global de votre b\u00e9b\u00e9 :<\/p>\n<ul>\n<li>? <strong>Miroir<\/strong> - aide \u00e0 d\u00e9velopper la conscience de soi et encourage les premiers sourires de votre b\u00e9b\u00e9. Les b\u00e9b\u00e9s adorent regarder les visages !<\/li>\n<li>? <strong>Hochet avec cloche<\/strong> - stimule l'ou\u00efe, capte l'attention et enseigne la relation de cause \u00e0 effet.<\/li>\n<li>? <strong>Ensemble de trois formes<\/strong> - Les diff\u00e9rentes formes et textures favorisent le d\u00e9veloppement du sens du toucher et de la coordination \u0153il-main.<\/li>\n<li>? <strong>Jouet sensoriel<\/strong> - le jouet doux en forme de nuage et les \u00e9l\u00e9ments d\u00e9taill\u00e9s \u00e9veillent la curiosit\u00e9 et aident \u00e0 d\u00e9velopper la motricit\u00e9 fine.<\/li>\n<\/ul>\n<h2>Hauteur r\u00e9glable - Con\u00e7u pour les plus jeunes<\/h2>\n<p>Tous les jouets sont suspendus \u00e0 des rubans r\u00e9glables, ce qui vous permet d'adapter parfaitement leur hauteur \u00e0 l'\u00e2ge et aux besoins de votre enfant. Pour les nouveau-n\u00e9s, l'id\u00e9al est de placer les jouets au niveau du ventre, ce qui permet aux b\u00e9b\u00e9s de les observer et de les atteindre sans lever la t\u00eate, favorisant ainsi le d\u00e9veloppement ergonomique de la colonne vert\u00e9brale et du cou.<\/p>\n<h2>Deux en un - Jeu et d\u00e9veloppement<\/h2>\n<p>Notre arche de jeu r\u00e9glable Sleepee n'est pas seulement un accessoire mignon pour le nid de b\u00e9b\u00e9 - c'est un outil de d\u00e9veloppement pour les premiers mois de votre enfant. Elle allie un design \u00e9l\u00e9gant \u00e0 la fonctionnalit\u00e9 quotidienne dont vous avez besoin.<\/p>\n<p>Le produit est livr\u00e9 avec un magnifique sac en tissu respectueux de l'environnement ! Il permet d'emporter facilement l'arche en voyage ou en excursion.<\/p>","protected":false},"excerpt":{"rendered":"<p>Arche de jeu r\u00e9glable Sleepee - Un soutien parfait pour le d\u00e9veloppement de votre b\u00e9b\u00e9 D\u00e9couvrez notre nouvelle arche de jeu r\u00e9glable Sleepee ! Vous pouvez<\/p>","protected":false},"featured_media":11080,"comment_status":"closed","ping_status":"closed","template":"","meta":[],"product_brand":[],"product_cat":[1045,1042],"product_tag":[],"class_list":{"0":"post-14615","1":"product","2":"type-product","3":"status-publish","4":"has-post-thumbnail","6":"product_cat-adjustable-play-arch","7":"product_cat-modular-baby-nest-cocoon","8":"pa_pattern-grey","9":"pa_pattern-pink","10":"pa_pattern-sand","12":"first","13":"instock","14":"shipping-taxable","15":"purchasable","16":"product-type-variable","17":"wvs-archive-product-wrapper"},"_links":{"self":[{"href":"https:\/\/lovesleepee.com\/fr\/wp-json\/wp\/v2\/product\/14615","targetHints":{"allow":["GET"]}}],"collection":[{"href":"https:\/\/lovesleepee.com\/fr\/wp-json\/wp\/v2\/product"}],"about":[{"href":"https:\/\/lovesleepee.com\/fr\/wp-json\/wp\/v2\/types\/product"}],"replies":[{"embeddable":true,"href":"https:\/\/lovesleepee.com\/fr\/wp-json\/wp\/v2\/comments?post=14615"}],"wp:featuredmedia":[{"embeddable":true,"href":"https:\/\/lovesleepee.com\/fr\/wp-json\/wp\/v2\/media\/11080"}],"wp:attachment":[{"href":"https:\/\/lovesleepee.com\/fr\/wp-json\/wp\/v2\/media?parent=14615"}],"wp:term":[{"taxonomy":"product_brand","embeddable":true,"href":"https:\/\/lovesleepee.com\/fr\/wp-json\/wp\/v2\/product_brand?post=14615"},{"taxonomy":"product_cat","embeddable":true,"href":"https:\/\/lovesleepee.com\/fr\/wp-json\/wp\/v2\/product_cat?post=14615"},{"taxonomy":"product_tag","embeddable":true,"href":"https:\/\/lovesleepee.com\/fr\/wp-json\/wp\/v2\/product_tag?post=14615"}],"curies":[{"name":"wp","href":"https:\/\/api.w.org\/{rel}","templated":true}]}}