{"id":14603,"date":"2025-06-04T13:48:00","date_gmt":"2025-06-04T11:48:00","guid":{"rendered":"https:\/\/lovesleepee.com\/product\/modular-baby-nest-with-detachable-sides-2-in-1-sand\/"},"modified":"2026-02-14T18:29:13","modified_gmt":"2026-02-14T17:29:13","slug":"nid-denfant-modulable-avec-cotes-detachables-2-en-1-sable","status":"publish","type":"product","link":"https:\/\/lovesleepee.com\/fr\/produits\/nid-denfant-modulable-avec-cotes-detachables-2-en-1-sable\/","title":{"rendered":"Modular Baby Nest with detachable sides 2 in 1"},"content":{"rendered":"<h1>Sleepee Modular Baby Nest 2 in 1 - Une proximit\u00e9 s\u00fbre d\u00e8s le premier jour<\/h1>\n<p>La s\u00e9curit\u00e9 et le confort de votre b\u00e9b\u00e9 sont notre priorit\u00e9. Le Nid d'enfant modulaire 2 en 1 de Sleepee est un produit bien con\u00e7u qui enveloppe d\u00e9licatement votre enfant et lui donne un sentiment de proximit\u00e9 - comme s'il \u00e9tait dans vos bras. C'est l'espace id\u00e9al pour les siestes, la relaxation et les premiers moments de la vie.<\/p>\n<p>Le nid a \u00e9t\u00e9 con\u00e7u dans un souci de s\u00e9curit\u00e9. Ses c\u00f4t\u00e9s amovibles sont une solution intelligente qui permet aux parents d'avoir l'esprit tranquille : une fois que votre b\u00e9b\u00e9 s'est endormi, ils peuvent \u00eatre facilement ouverts. Le nid est donc une alternative s\u00fbre au sommeil dans un berceau ou sur un canap\u00e9.<\/p>\n<p>Les c\u00f4t\u00e9s souples sont remplis d'une mousse respirante qui ne bloque pas la circulation de l'air. C'est important non seulement pour le confort, mais aussi pour la sant\u00e9 et la s\u00e9curit\u00e9 de votre b\u00e9b\u00e9. Le matelas plac\u00e9 \u00e0 la base du nid offre un soutien stable et uniforme \u00e0 la colonne vert\u00e9brale et une position de sommeil saine.<\/p>\n<h2>Pourquoi choisir le Nid d'enfant modulaire 2 en 1 de Sleepee ?<\/h2>\n<ul>\n<li>Procure un sentiment de proximit\u00e9 et de s\u00e9curit\u00e9<\/li>\n<li>Les c\u00f4t\u00e9s d\u00e9tachables assurent la s\u00e9curit\u00e9 de 100% pendant le sommeil<\/li>\n<li>Mat\u00e9riaux respirants et s\u00fbrs pour les b\u00e9b\u00e9s<\/li>\n<li>Matelas inf\u00e9rieur stable et confortable<\/li>\n<li>Conception l\u00e9g\u00e8re - facile \u00e0 d\u00e9placer dans la maison<\/li>\n<\/ul>\n<h2>Modularit\u00e9 et jeu sensoriel<\/h2>\n<p>Le Sleepee Nest est plus qu'un simple espace de sommeil. Gr\u00e2ce \u00e0 sa conception modulaire, vous pouvez ajouter des accessoires tels qu'une arche \u00e0 jouets ou un module sonore - cr\u00e9ant ainsi un environnement multifonctionnel qui favorise le d\u00e9veloppement sensoriel de votre b\u00e9b\u00e9 d\u00e8s les premi\u00e8res semaines de sa vie.<\/p>\n<p>C'est une solution qui grandit avec votre enfant - et qui s'adapte \u00e0 vos besoins quotidiens.<\/p>\n<p>Composition :<\/p>\n<p>C\u00f4t\u00e9s : polyester 100%<\/p>\n<p>Int\u00e9rieur : 95% coton, 5% spandex<\/p>\n<p>Dimensions : longueur 70cm, largeur 45cm, hauteur 15cm.<\/p>","protected":false},"excerpt":{"rendered":"<p>Sleepee Modular Baby Nest 2 in 1 - Une proximit\u00e9 s\u00fbre d\u00e8s le premier jour La s\u00e9curit\u00e9 et le confort de votre b\u00e9b\u00e9 sont notre priorit\u00e9.<\/p>","protected":false},"featured_media":10916,"comment_status":"closed","ping_status":"closed","template":"","meta":[],"product_brand":[],"product_cat":[1044,1042],"product_tag":[],"class_list":{"0":"post-14603","1":"product","2":"type-product","3":"status-publish","4":"has-post-thumbnail","6":"product_cat-modular-2-in-1-baby-nest-with-detachable-sides","7":"product_cat-modular-baby-nest-cocoon","8":"pa_pattern-grey","9":"pa_pattern-pink","10":"pa_pattern-sand","12":"first","13":"instock","14":"shipping-taxable","15":"purchasable","16":"product-type-variable","17":"wvs-archive-product-wrapper"},"_links":{"self":[{"href":"https:\/\/lovesleepee.com\/fr\/wp-json\/wp\/v2\/product\/14603","targetHints":{"allow":["GET"]}}],"collection":[{"href":"https:\/\/lovesleepee.com\/fr\/wp-json\/wp\/v2\/product"}],"about":[{"href":"https:\/\/lovesleepee.com\/fr\/wp-json\/wp\/v2\/types\/product"}],"replies":[{"embeddable":true,"href":"https:\/\/lovesleepee.com\/fr\/wp-json\/wp\/v2\/comments?post=14603"}],"wp:featuredmedia":[{"embeddable":true,"href":"https:\/\/lovesleepee.com\/fr\/wp-json\/wp\/v2\/media\/10916"}],"wp:attachment":[{"href":"https:\/\/lovesleepee.com\/fr\/wp-json\/wp\/v2\/media?parent=14603"}],"wp:term":[{"taxonomy":"product_brand","embeddable":true,"href":"https:\/\/lovesleepee.com\/fr\/wp-json\/wp\/v2\/product_brand?post=14603"},{"taxonomy":"product_cat","embeddable":true,"href":"https:\/\/lovesleepee.com\/fr\/wp-json\/wp\/v2\/product_cat?post=14603"},{"taxonomy":"product_tag","embeddable":true,"href":"https:\/\/lovesleepee.com\/fr\/wp-json\/wp\/v2\/product_tag?post=14603"}],"curies":[{"name":"wp","href":"https:\/\/api.w.org\/{rel}","templated":true}]}}