{"id":14596,"date":"2025-04-17T09:23:00","date_gmt":"2025-04-17T07:23:00","guid":{"rendered":"https:\/\/lovesleepee.com\/product\/anti-sweat-breathable-car-seat-stroller-pad-2-sand\/"},"modified":"2026-03-27T15:49:51","modified_gmt":"2026-03-27T14:49:51","slug":"coussin-respirant-anti-transpiration-pour-siege-de-voiture-et-poussette-2-sand","status":"publish","type":"product","link":"https:\/\/lovesleepee.com\/fr\/produits\/coussin-respirant-anti-transpiration-pour-siege-de-voiture-et-poussette-2-sand\/","title":{"rendered":"Anti-sweat breathable Car Seat \/ Stroller Pad"},"content":{"rendered":"<h2>Coussin de poussette respirant anti-sueur 2+<\/h2>\n<p>Rendez chaque promenade plus agr\u00e9able pour votre b\u00e9b\u00e9 gr\u00e2ce \u00e0 notre <strong>Coussin de poussette respirant anti-sueur 2+<\/strong>. Sp\u00e9cialement con\u00e7ue pour les poussettes, cette version am\u00e9lior\u00e9e s'appuie sur le succ\u00e8s de notre insert de si\u00e8ge auto original, offrant un confort et une fonctionnalit\u00e9 accrus, ainsi qu'une taille universelle qui s'adapte \u00e0 la plupart des poussettes modernes.<\/p>\n<h3>Gardez votre b\u00e9b\u00e9 au frais et au sec - m\u00eame par temps chaud<\/h3>\n<p>L'une des caract\u00e9ristiques les plus remarquables de cette <strong>housse de poussette respirante<\/strong> est sa conception intelligente de la circulation de l'air. La face int\u00e9rieure est fabriqu\u00e9e \u00e0 partir d'un tissu \u00e0 mailles espac\u00e9es en 3D, dot\u00e9 de trous d'a\u00e9ration qui permettent \u00e0 l'air de circuler librement. Cela permet de r\u00e9guler la temp\u00e9rature corporelle de votre b\u00e9b\u00e9 en r\u00e9duisant l'accumulation d'humidit\u00e9 et en gardant son dos et sa t\u00eate au sec - un must pour les sorties estivales.<\/p>\n<h3>Absorption efficace de la transpiration pour une conduite plus fra\u00eeche<\/h3>\n<p>Si votre enfant a tendance \u00e0 transpirer pendant les promenades, surtout par temps chaud, le mat\u00e9riau de l'insert absorbe activement la transpiration. Cela aide \u00e0 <strong>pr\u00e9venir les odeurs d\u00e9sagr\u00e9ables et les taches<\/strong>La poussette reste donc propre et fra\u00eeche plus longtemps. Les parents appr\u00e9cieront les avantages en termes d'hygi\u00e8ne et le confort g\u00e9n\u00e9ral qu'il procure.<\/p>\n<h3>Facile \u00e0 nettoyer et \u00e0 entretenir<\/h3>\n<p>Les parents occup\u00e9s appr\u00e9cieront la facilit\u00e9 d'entretien de ce produit. <strong>coussin anti-sueur pour poussettes<\/strong>. Il suffit de le retirer et de le laver en machine \u00e0 40\u00b0C sur un cycle d\u00e9licat (vitesse d'essorage maximale de 800). Pas besoin d'eau de Javel ni de s\u00e9chage en machine. Le tissu de haute qualit\u00e9 conserve sa douceur et sa structure lavage apr\u00e8s lavage.<\/p>\n<h3>Adaptation universelle avec positionnement s\u00fbr<\/h3>\n<p>L'Anti-Sweat Stroller Pad 2+ est plus grand que la version si\u00e8ge-auto, ce qui le rend parfaitement adapt\u00e9 \u00e0 la plupart des landaus et poussettes. Ses caract\u00e9ristiques sont les suivantes <strong>\u00e9lastiques au dos<\/strong> qui s'enfilent dans le dossier et les ouvertures des jambes de la poussette. Le coussin reste ainsi bien en place, m\u00eame avec les b\u00e9b\u00e9s actifs qui aiment bouger.<\/p>\n<h3>Pratique et \u00e9l\u00e9gant - un must pour les parents<\/h3>\n<p>Cet insert respirant est disponible en <strong>plusieurs options de couleurs \u00e9l\u00e9gantes<\/strong>Il s'agit d'un accessoire essentiel pour les parents qui souhaitent combiner fonctionnalit\u00e9 et design \u00e9l\u00e9gant. C'est un accessoire essentiel pour les parents qui souhaitent combiner fonctionnalit\u00e9 et design \u00e9l\u00e9gant.<\/p>\n<h3>D\u00e9tails suppl\u00e9mentaires<\/h3>\n<ul>\n<li><strong>Fabriqu\u00e9 en :<\/strong> Pologne<\/li>\n<li><strong>Mat\u00e9riau :<\/strong> Tricot certifi\u00e9 - Oeko-Tex Standard 100 Classe I<\/li>\n<li><strong>Dimensions :<\/strong> 82 x 33 cm<\/li>\n<li><strong>Instructions d'entretien :<\/strong> Lavage en machine \u00e0 40\u00b0C (cycle d\u00e9licat), max 800 tours\/minute. Ne pas blanchir. Ne pas s\u00e9cher au s\u00e8che-linge.<\/li>\n<\/ul>\n<h3>Conseil utile pour les parents<\/h3>\n<p>Pour plus de confort, pensez \u00e0 associer l'insert \u00e0 une capote de poussette respirante ou \u00e0 une couverture l\u00e9g\u00e8re pendant les heures les plus fra\u00eeches. V\u00e9rifiez toujours que le coussin est correctement positionn\u00e9 afin d'\u00e9viter toute g\u00eane ou tout ballottement sous le dos de votre b\u00e9b\u00e9.<\/p>\n<p>Avec la <strong>Sleepee Anti-Sweat Stroller Pad 2+ (coussin de poussette anti-sueur)<\/strong>Vous investissez dans le confort de votre b\u00e9b\u00e9 et dans votre tranquillit\u00e9 d'esprit - chaque jour, \u00e0 chaque promenade.<\/p>","protected":false},"excerpt":{"rendered":"<p>Anti-Sweat Breathable Stroller Pad 2+ Rendez chaque promenade plus agr\u00e9able pour votre b\u00e9b\u00e9 gr\u00e2ce \u00e0 notre Anti-Sweat Breathable Stroller Pad 2+.<\/p>","protected":false},"featured_media":8836,"comment_status":"closed","ping_status":"closed","template":"","meta":[],"product_brand":[],"product_cat":[1106,1084,1085,758],"product_tag":[],"class_list":{"0":"post-14596","1":"product","2":"type-product","3":"status-publish","4":"has-post-thumbnail","6":"product_cat-anti-sweat-pads","7":"product_cat-anti-sweat-breathable-car-seat-stroller-pad-2car-seat-accessories","8":"product_cat-anti-sweat-car-seat-carrier-pad-0","9":"product_cat-car-seat-blanket","10":"pa_age-from-2-years","11":"pa_age-group-kids","12":"pa_age-to-5-years","13":"pa_collection-essential","14":"pa_color-beige","15":"pa_color-blue","16":"pa_color-green","17":"pa_color-grey","18":"pa_color-pink","19":"pa_fabric-mixed","20":"pa_pattern-grey","21":"pa_pattern-ocean-green","22":"pa_pattern-petrol","23":"pa_pattern-pink","24":"pa_pattern-sand","25":"pa_producer-sleepee","26":"pa_product-type-anti-sweat-car-seat-stroller-pad","27":"pa_style-smooth","29":"first","30":"instock","31":"purchasable","32":"product-type-variable","33":"wvs-archive-product-wrapper"},"_links":{"self":[{"href":"https:\/\/lovesleepee.com\/fr\/wp-json\/wp\/v2\/product\/14596","targetHints":{"allow":["GET"]}}],"collection":[{"href":"https:\/\/lovesleepee.com\/fr\/wp-json\/wp\/v2\/product"}],"about":[{"href":"https:\/\/lovesleepee.com\/fr\/wp-json\/wp\/v2\/types\/product"}],"replies":[{"embeddable":true,"href":"https:\/\/lovesleepee.com\/fr\/wp-json\/wp\/v2\/comments?post=14596"}],"wp:featuredmedia":[{"embeddable":true,"href":"https:\/\/lovesleepee.com\/fr\/wp-json\/wp\/v2\/media\/8836"}],"wp:attachment":[{"href":"https:\/\/lovesleepee.com\/fr\/wp-json\/wp\/v2\/media?parent=14596"}],"wp:term":[{"taxonomy":"product_brand","embeddable":true,"href":"https:\/\/lovesleepee.com\/fr\/wp-json\/wp\/v2\/product_brand?post=14596"},{"taxonomy":"product_cat","embeddable":true,"href":"https:\/\/lovesleepee.com\/fr\/wp-json\/wp\/v2\/product_cat?post=14596"},{"taxonomy":"product_tag","embeddable":true,"href":"https:\/\/lovesleepee.com\/fr\/wp-json\/wp\/v2\/product_tag?post=14596"}],"curies":[{"name":"wp","href":"https:\/\/api.w.org\/{rel}","templated":true}]}}