{"id":14579,"date":"2024-12-10T08:34:00","date_gmt":"2024-12-10T07:34:00","guid":{"rendered":"https:\/\/lovesleepee.com\/product\/warming-wrap-sleeping-bag-2in1-khaki\/"},"modified":"2026-02-12T17:08:31","modified_gmt":"2026-02-12T16:08:31","slug":"sac-de-couchage-warming-wrap-2in1-khaki","status":"publish","type":"product","link":"https:\/\/lovesleepee.com\/fr\/produits\/sac-de-couchage-warming-wrap-2in1-khaki\/","title":{"rendered":"Warming Wrap\/Sleeping Bag 2in1"},"content":{"rendered":"<h2>Housse chauffante \/ Sac de couchage 2en1 - Gris<\/h2>\n<p><img fetchpriority=\"high\" decoding=\"async\" src=\"https:\/\/lovesleepee.com\/wp-content\/uploads\/2024\/12\/infografika-1-300x225.png\" alt=\"Enveloppe chauffante 2en1 Gris\" width=\"300\" height=\"225\" \/><\/p>\n<p><strong>Chaleur, confort et polyvalence pour les jours les plus froids - le tout dans une enveloppe douillette !<\/strong><\/p>\n<p>Notre <strong>Enveloppe chauffante et sac de couchage 2en1<\/strong> est la solution parfaite pour l'automne et l'hiver. Elle offre la s\u00e9curit\u00e9 douillette d'une \u00e9charpe et la praticit\u00e9 d'une gigoteuse, s'adaptant aux besoins de votre b\u00e9b\u00e9 au fur et \u00e0 mesure des changements de temp\u00e9rature.<\/p>\n<h3>Qu'est-ce qui le rend unique ?<\/h3>\n<ul>\n<li><strong>Manches d\u00e9tachables<\/strong> - transformez facilement l'\u00e9charpe en sac de couchage lorsque votre enfant grandit ou lorsque vous avez besoin de plus de flexibilit\u00e9.<\/li>\n<li><strong>Mat\u00e9riau ext\u00e9rieur respirant<\/strong> - doux contre la peau de b\u00e9b\u00e9 tout en assurant une chaleur optimale sans surchauffe.<\/li>\n<li><strong>Rembourrage \u00e9pais en non-tiss\u00e9 de silicone<\/strong> - offre une isolation et un confort durables, parfaits pour les maisons froides et les promenades hivernales.<\/li>\n<\/ul>\n<h3>Pourquoi choisir l'enveloppe chauffante Sleepee 2in1 ?<\/h3>\n<ul>\n<li><strong>Parfait pour les mois les plus froids<\/strong> - garde b\u00e9b\u00e9 au chaud et confortable dans le berceau, la poussette ou pendant la sieste.<\/li>\n<li><strong>Multifonctionnel<\/strong> - id\u00e9al pour le sommeil et comme \u00e9charpe pratique pour les activit\u00e9s de plein air.<\/li>\n<li><strong>Grandit avec l'enfant<\/strong> - Les manches amovibles permettent de l'adapter \u00e0 tous les \u00e2ges, du nourrisson au jeune enfant.<\/li>\n<li><strong>S\u00fbr et doux<\/strong> - fabriqu\u00e9s avec des mat\u00e9riaux de haute qualit\u00e9 qui respectent les peaux sensibles.<\/li>\n<\/ul>\n<h3>D\u00e9tails du produit :<\/h3>\n<ul>\n<li><strong>Cote TOG :<\/strong> 2,5 - parfait pour l'automne\/hiver<\/li>\n<li><strong>Dimensions :<\/strong> Largeur (d'une aisselle \u00e0 l'autre) : 26 cm<br \/>Longueur (de l'encolure au bas) : r\u00e9glable en fonction de la taille<\/li>\n<li><strong>Composition :<\/strong> 95% coton, 5% spandex<br \/>Rembourrage : non-tiss\u00e9 en silicone<\/li>\n<li><strong>Instructions d'entretien :<\/strong><br \/>    Lavage en machine \u00e0 40\u00b0C (cycle d\u00e9licat, max 800 rpm).<br \/>    Ne pas javelliser. Ne pas s\u00e9cher au s\u00e8che-linge.<\/li>\n<li><strong>Origine :<\/strong> Fabriqu\u00e9 \u00e0 la main dans l'UE<\/li>\n<\/ul>\n<p>Avec la <strong>Sleepee Enveloppe chauffante 2en1<\/strong>Gr\u00e2ce \u00e0 ce syst\u00e8me, votre b\u00e9b\u00e9 reste au chaud et en s\u00e9curit\u00e9 - jour et nuit, \u00e0 la maison ou en d\u00e9placement.<\/p>","protected":false},"excerpt":{"rendered":"<p>Enveloppe chauffante \/ Sac de couchage 2en1 - Gris Chaleur, confort et polyvalence pour les jours les plus froids - le tout dans un seul et m\u00eame sac douillet.<\/p>","protected":false},"featured_media":7972,"comment_status":"closed","ping_status":"closed","template":"","meta":[],"product_brand":[],"product_cat":[808,1003],"product_tag":[],"class_list":{"0":"post-14579","1":"product","2":"type-product","3":"status-publish","4":"has-post-thumbnail","6":"product_cat-swaddles","7":"product_cat-warm-swaddle","8":"pa_age-group-newborn","9":"pa_age-to-1-year","10":"pa_collection-essential","11":"pa_color-beige","12":"pa_color-grey","13":"pa_fabric-100-cotton","14":"pa_marker-new","15":"pa_pattern-beige","16":"pa_pattern-green","17":"pa_pattern-grey","18":"pa_producer-sleepee","19":"pa_product-type-warming-wrap-sleeping-bag","20":"pa_style-smooth","22":"first","23":"instock","24":"purchasable","25":"product-type-variable","26":"wvs-archive-product-wrapper"},"_links":{"self":[{"href":"https:\/\/lovesleepee.com\/fr\/wp-json\/wp\/v2\/product\/14579","targetHints":{"allow":["GET"]}}],"collection":[{"href":"https:\/\/lovesleepee.com\/fr\/wp-json\/wp\/v2\/product"}],"about":[{"href":"https:\/\/lovesleepee.com\/fr\/wp-json\/wp\/v2\/types\/product"}],"replies":[{"embeddable":true,"href":"https:\/\/lovesleepee.com\/fr\/wp-json\/wp\/v2\/comments?post=14579"}],"wp:featuredmedia":[{"embeddable":true,"href":"https:\/\/lovesleepee.com\/fr\/wp-json\/wp\/v2\/media\/7972"}],"wp:attachment":[{"href":"https:\/\/lovesleepee.com\/fr\/wp-json\/wp\/v2\/media?parent=14579"}],"wp:term":[{"taxonomy":"product_brand","embeddable":true,"href":"https:\/\/lovesleepee.com\/fr\/wp-json\/wp\/v2\/product_brand?post=14579"},{"taxonomy":"product_cat","embeddable":true,"href":"https:\/\/lovesleepee.com\/fr\/wp-json\/wp\/v2\/product_cat?post=14579"},{"taxonomy":"product_tag","embeddable":true,"href":"https:\/\/lovesleepee.com\/fr\/wp-json\/wp\/v2\/product_tag?post=14579"}],"curies":[{"name":"wp","href":"https:\/\/api.w.org\/{rel}","templated":true}]}}