{"id":14558,"date":"2024-07-22T12:08:00","date_gmt":"2024-07-22T10:08:00","guid":{"rendered":"https:\/\/lovesleepee.com\/product\/anti-sweat-carrycot-gondola-pad-grey\/"},"modified":"2026-03-27T15:52:04","modified_gmt":"2026-03-27T14:52:04","slug":"coussin-gondole-anti-transpiration-gris","status":"publish","type":"product","link":"https:\/\/lovesleepee.com\/fr\/produits\/coussin-gondole-anti-transpiration-gris\/","title":{"rendered":"Nacelle Anti-Sweat Carrycot\/Gondola Pad"},"content":{"rendered":"<h2>Insert respirant anti-sueur pour nacelle ou gondole<\/h2>\n<p>D\u00e9couvrez la version \u00e9tendue de notre insert anti-sueur le plus vendu - d\u00e9sormais adapt\u00e9 \u00e0 une utilisation dans une nacelle ou une gondole. L'insert est d\u00e9sormais adapt\u00e9 \u00e0 une utilisation en nacelle ou en gondole. <strong>Nacelle Sleepee anti-sueur<\/strong> assure un maximum de confort et d'hygi\u00e8ne \u00e0 votre b\u00e9b\u00e9 lors de ses promenades quotidiennes, surtout pendant les saisons chaudes.<\/p>\n<h3>Con\u00e7u pour des promenades plus fra\u00eeches<\/h3>\n<p>Gr\u00e2ce \u00e0 son <strong>construction respirante<\/strong>L'insert de la nacelle permet une excellente circulation de l'air. La face int\u00e9rieure est faite d'un tissu de haute qualit\u00e9. <strong>Tissu \u00e0 mailles intercalaires 3D<\/strong> avec des trous d'a\u00e9ration qui favorisent la circulation de l'air et aident \u00e0 r\u00e9guler la temp\u00e9rature corporelle de votre b\u00e9b\u00e9. M\u00eame pendant les chaudes journ\u00e9es d'\u00e9t\u00e9, la peau de votre enfant reste s\u00e8che et confortable.<\/p>\n<h3>Prot\u00e8ge contre l'humidit\u00e9 et les odeurs<\/h3>\n<p>Si votre b\u00e9b\u00e9 a tendance \u00e0 transpirer, cette doublure est votre meilleure alli\u00e9e. Il est <strong>absorbe l'exc\u00e8s d'humidit\u00e9<\/strong> et emp\u00eache l'apparition d'odeurs ou de taches. Ainsi, le matelas de votre nacelle reste propre et frais tout au long de son utilisation, ce qui prolonge la dur\u00e9e de vie de l'int\u00e9rieur de votre poussette.<\/p>\n<h3>Adaptation universelle \u00e0 toutes les nacelles<\/h3>\n<p>L'insert est disponible dans une <strong>taille universelle<\/strong> qui s'adapte \u00e0 la quasi-totalit\u00e9 des nacelles et landaus du march\u00e9. Qu'il s'agisse d'une poussette moderne ou classique, il se pose \u00e0 plat et s'adapte naturellement \u00e0 la forme de votre nacelle, sans se froisser ni se plier.<\/p>\n<h3>Entretien facile pour une utilisation quotidienne<\/h3>\n<p>Les parents appr\u00e9cieront la simplicit\u00e9 d'entretien de ce produit. <strong>Doublure anti-sueur pour poussettes<\/strong>. Il est lavable en machine \u00e0 40\u00b0C sur un cycle d\u00e9licat (max 800 RPM), et doit \u00eatre s\u00e9ch\u00e9 \u00e0 l'air libre. Il n'est pas n\u00e9cessaire d'utiliser de l'eau de Javel ou de faire s\u00e9cher le linge dans un s\u00e8che-linge, ce qui est pratique, propre et efficace.<\/p>\n<h3>Mat\u00e9riaux souples et de haute qualit\u00e9<\/h3>\n<p>La surface ext\u00e9rieure, fabriqu\u00e9e \u00e0 partir d'un m\u00e9lange de coton doux, est agr\u00e9able au contact de la peau de votre b\u00e9b\u00e9. La couche inf\u00e9rieure, quant \u00e0 elle, garantit la respirabilit\u00e9 gr\u00e2ce \u00e0 sa maille 3D. Tous les tissus utilis\u00e9s sont certifi\u00e9s s\u00fbrs et exempts de substances nocives, ce qui vous permet de vous promener en toute tranquillit\u00e9.<\/p>\n<h3>Sp\u00e9cifications du produit<\/h3>\n<ul>\n<li><strong>Dimensions :<\/strong> 70 cm (\u00b10,5 cm) de longueur \u00d7 30 cm (\u00b10,5 cm) de largeur<\/li>\n<li><strong>Composition :<\/strong> Devant : 95% coton, 5% spandex - Dos : maille spacer respirante<\/li>\n<li><strong>Instructions de lavage :<\/strong> Lavage en machine \u00e0 40\u00b0C (cycle d\u00e9licat), max 800 tours\/minute. Ne pas blanchir. Ne pas s\u00e9cher au s\u00e8che-linge.<\/li>\n<li><strong>Disponible en :<\/strong> Plusieurs options de couleurs pour s'adapter \u00e0 votre poussette<\/li>\n<\/ul>\n<h3>Pourquoi choisir le coussin de nacelle Sleepee anti-sueur ?<\/h3>\n<p>Le pr\u00e9sent <strong>doublure respirante pour les nacelles<\/strong> est le compagnon id\u00e9al des promenades par temps chaud. Il permet d'\u00e9viter les irritations cutan\u00e9es caus\u00e9es par la chaleur et l'humidit\u00e9 tout en ajoutant une couche de douceur \u00e0 la base de la poussette. Il s'agit d'une am\u00e9lioration intelligente, hygi\u00e9nique et \u00e9l\u00e9gante qui profite \u00e0 la fois \u00e0 votre b\u00e9b\u00e9 et \u00e0 votre routine quotidienne.<\/p>\n<h3>Conseil aux parents<\/h3>\n<p>Installez l'insert \u00e0 plat et assurez-vous qu'il n'interf\u00e8re pas avec les dispositifs de s\u00e9curit\u00e9 ou le rembourrage de votre nacelle. Pour un confort maximal, utilisez-le avec des v\u00eatements d'\u00e9t\u00e9 l\u00e9gers et une couverture respirante si n\u00e9cessaire. Un petit d\u00e9tail qui fait une grande diff\u00e9rence dans le bien-\u00eatre quotidien de votre b\u00e9b\u00e9.<\/p>","protected":false},"excerpt":{"rendered":"<p>Insert respirant anti-sueur pour nacelle ou gondole D\u00e9couvrez la version \u00e9tendue de notre insert anti-sueur le plus vendu - maintenant adapt\u00e9 pour les nacelles et les gondoles.<\/p>","protected":false},"featured_media":6880,"comment_status":"closed","ping_status":"closed","template":"","meta":[],"product_brand":[],"product_cat":[1106,937,769],"product_tag":[],"class_list":{"0":"post-14558","1":"product","2":"type-product","3":"status-publish","4":"has-post-thumbnail","6":"product_cat-anti-sweat-pads","7":"product_cat-gondola-pad","8":"product_cat-mats","9":"pa_age-group-newborn","10":"pa_age-to-8-months","11":"pa_collection-essential","12":"pa_color-beige","13":"pa_color-blue","14":"pa_color-green","15":"pa_color-grey","16":"pa_color-pink","17":"pa_fabric-mixed","18":"pa_marker-spring-summer","19":"pa_pattern-green","20":"pa_pattern-grey","21":"pa_pattern-petrol","22":"pa_pattern-rose","23":"pa_pattern-sand","24":"pa_producer-sleepee","25":"pa_product-type-anti-sweat-carrycot-gondola-pad","26":"pa_style-smooth","28":"first","29":"instock","30":"purchasable","31":"product-type-variable","32":"wvs-archive-product-wrapper"},"_links":{"self":[{"href":"https:\/\/lovesleepee.com\/fr\/wp-json\/wp\/v2\/product\/14558","targetHints":{"allow":["GET"]}}],"collection":[{"href":"https:\/\/lovesleepee.com\/fr\/wp-json\/wp\/v2\/product"}],"about":[{"href":"https:\/\/lovesleepee.com\/fr\/wp-json\/wp\/v2\/types\/product"}],"replies":[{"embeddable":true,"href":"https:\/\/lovesleepee.com\/fr\/wp-json\/wp\/v2\/comments?post=14558"}],"wp:featuredmedia":[{"embeddable":true,"href":"https:\/\/lovesleepee.com\/fr\/wp-json\/wp\/v2\/media\/6880"}],"wp:attachment":[{"href":"https:\/\/lovesleepee.com\/fr\/wp-json\/wp\/v2\/media?parent=14558"}],"wp:term":[{"taxonomy":"product_brand","embeddable":true,"href":"https:\/\/lovesleepee.com\/fr\/wp-json\/wp\/v2\/product_brand?post=14558"},{"taxonomy":"product_cat","embeddable":true,"href":"https:\/\/lovesleepee.com\/fr\/wp-json\/wp\/v2\/product_cat?post=14558"},{"taxonomy":"product_tag","embeddable":true,"href":"https:\/\/lovesleepee.com\/fr\/wp-json\/wp\/v2\/product_tag?post=14558"}],"curies":[{"name":"wp","href":"https:\/\/api.w.org\/{rel}","templated":true}]}}