{"id":14542,"date":"2024-05-29T05:17:00","date_gmt":"2024-05-29T03:17:00","guid":{"rendered":"https:\/\/lovesleepee.com\/product\/anti-sweat-car-seat-pad-sand\/"},"modified":"2026-03-27T15:49:51","modified_gmt":"2026-03-27T14:49:51","slug":"coussin-siege-auto-anti-transpiration-sable","status":"publish","type":"product","link":"https:\/\/lovesleepee.com\/fr\/produits\/coussin-siege-auto-anti-transpiration-sable\/","title":{"rendered":"Coussin de si\u00e8ge auto anti-sueur"},"content":{"rendered":"<h2>Coussin de si\u00e8ge auto anti-sueur et respirant pour b\u00e9b\u00e9s et enfants en bas \u00e2ge<\/h2>\n<p>Assurez le confort de votre enfant lors de chaque trajet en voiture avec le <strong>Coussin de si\u00e8ge de voiture anti-sueur et respirant<\/strong> de Sleepee. Con\u00e7u pour les nouveau-n\u00e9s et les tout-petits, cet insert innovant am\u00e9liore l'hygi\u00e8ne et aide \u00e0 r\u00e9guler la temp\u00e9rature corporelle de votre b\u00e9b\u00e9 pendant les trajets en voiture - en particulier par temps chaud ou lors de longs voyages.<\/p>\n<h3>Conception respirante pour un confort maximal<\/h3>\n<p>Le pr\u00e9sent <strong>si\u00e8ge auto pour b\u00e9b\u00e9<\/strong> est dot\u00e9 d'une maille spacer 3D sp\u00e9ciale sur sa face int\u00e9rieure. Ce tissu est dot\u00e9 de trous d'a\u00e9ration qui permettent \u00e0 l'air de circuler librement, aidant ainsi votre enfant \u00e0 rester au frais et au sec en r\u00e9duisant l'accumulation de chaleur et d'humidit\u00e9. Que vous fassiez des courses ou que vous partiez en voyage, votre enfant reste \u00e0 l'aise.<\/p>\n<h3>Absorbe la transpiration et pr\u00e9vient les odeurs<\/h3>\n<p>Le mat\u00e9riau du coussin est sp\u00e9cialement s\u00e9lectionn\u00e9 pour <strong>absorber l'exc\u00e8s de transpiration<\/strong>Le si\u00e8ge de la voiture reste frais et hygi\u00e9nique, ce qui \u00e9vite les odeurs d\u00e9sagr\u00e9ables et les taches visibles sur le si\u00e8ge de la voiture. Les parents peuvent dormir sur leurs deux oreilles en sachant que le si\u00e8ge reste frais et hygi\u00e9nique, m\u00eame apr\u00e8s une utilisation prolong\u00e9e.<\/p>\n<h3>Hygi\u00e9nique et facile \u00e0 nettoyer<\/h3>\n<p>La commodit\u00e9 est importante, surtout pour les parents occup\u00e9s. Cet insert anti-sueur est enti\u00e8rement amovible et <strong>lavable en machine<\/strong>Vous pouvez ainsi maintenir un environnement propre et sain pour votre b\u00e9b\u00e9. Lavez-le \u00e0 40\u00b0C sur un cycle d\u00e9licat et laissez-le s\u00e9cher \u00e0 l'air libre. Pas besoin de s\u00e9chage en tambour ni d'eau de Javel.<\/p>\n<h3>Adaptation universelle aux si\u00e8ges auto pour b\u00e9b\u00e9s et enfants en bas \u00e2ge<\/h3>\n<p>L'insert se pr\u00e9sente sous la forme d'un <strong>taille universelle<\/strong> qui convient aux si\u00e8ges auto du groupe 0+ (0-13 kg) et du groupe I (9-18 kg). Cela signifie qu'il peut \u00eatre utilis\u00e9 dans <strong>les porte-b\u00e9b\u00e9s orient\u00e9s vers l'arri\u00e8re<\/strong> ainsi que <strong>si\u00e8ges pour enfants orient\u00e9s vers l'avant<\/strong>Il s'agit donc d'un investissement polyvalent pour les premi\u00e8res ann\u00e9es de votre enfant.<\/p>\n<h3>Pourquoi les parents l'adorent<\/h3>\n<p>Le pr\u00e9sent <strong>doublure respirante pour si\u00e8ge de voiture<\/strong> est indispensable pour un confort tout au long de l'ann\u00e9e. Non seulement il garde votre b\u00e9b\u00e9 au sec et le rassure, mais il prot\u00e8ge \u00e9galement le si\u00e8ge auto de l'usure et des d\u00e9chirures. De plus, il est disponible en <strong>plusieurs options de couleurs<\/strong> pour s'adapter \u00e0 l'int\u00e9rieur de votre voiture ou \u00e0 vos pr\u00e9f\u00e9rences en mati\u00e8re de style.<\/p>\n<h3>D\u00e9tails du produit<\/h3>\n<ul>\n<li><strong>Fabriqu\u00e9 en :<\/strong> Union europ\u00e9enne<\/li>\n<li><strong>Mat\u00e9riau :<\/strong> Tissu certifi\u00e9 - Oeko-Tex Standard 100 Class I<\/li>\n<li><strong>Convient :<\/strong> Si\u00e8ges auto du groupe 0+ (0-13 kg) et du groupe I (9-18 kg)<\/li>\n<li><strong>Instructions d'entretien :<\/strong> Lavage en machine \u00e0 40\u00b0C (cycle d\u00e9licat), max 800 tours\/minute. Ne pas blanchir. Ne pas s\u00e9cher au s\u00e8che-linge.<\/li>\n<\/ul>\n<h3>Conseil utile pour les parents<\/h3>\n<p>Pour un confort optimal, installez l'insert \u00e0 plat et veillez \u00e0 ce que les sangles du harnais soient correctement positionn\u00e9es dans les ouvertures. Associez-le \u00e0 un parasol ou \u00e0 une housse de si\u00e8ge auto respirante pour les chaudes journ\u00e9es d'\u00e9t\u00e9. Ce simple ajout \u00e0 l'\u00e9quipement de votre si\u00e8ge auto peut faire une grande diff\u00e9rence dans l'exp\u00e9rience de voyage de votre b\u00e9b\u00e9.<\/p>\n<p>Avec la <strong>Sleepee Anti-Sweat Car Seat Pad (Coussin de si\u00e8ge auto anti-sueur)<\/strong>Votre enfant b\u00e9n\u00e9ficie d'une conduite plus fra\u00eeche, plus propre et plus confortable \u00e0 chaque fois que vous prenez la route.<\/p>","protected":false},"excerpt":{"rendered":"<p><iframe width=\"560\" height=\"315\" src=\"https:\/\/www.youtube.com\/embed\/2yGewfxtQK0?si=ttSH1v1MnL-EQR9v\" title=\"Lecteur vid\u00e9o YouTube\" frameborder=\"0\" allow=\"accelerometer; autoplay; clipboard-write; encrypted-media; gyroscope; picture-in-picture; web-share\" referrerpolicy=\"strict-origin-when-cross-origin\" allowfullscreen><\/iframe><\/p>","protected":false},"featured_media":1094,"comment_status":"closed","ping_status":"closed","template":"","meta":[],"product_brand":[],"product_cat":[1106,758,814],"product_tag":[],"class_list":{"0":"post-14542","1":"product","2":"type-product","3":"status-publish","4":"has-post-thumbnail","6":"product_cat-anti-sweat-pads","7":"product_cat-car-seat-blanket","8":"product_cat-anti-sweat-pad-small","9":"pa_age-group-newborn","10":"pa_age-to-2-years","11":"pa_collection-essential","12":"pa_color-beige","13":"pa_color-blue","14":"pa_color-green","15":"pa_color-pink","16":"pa_color-grey","17":"pa_fabric-mixed","18":"pa_marker-bestseller","19":"pa_marker-spring-summer","20":"pa_pattern-grey","21":"pa_pattern-rose","22":"pa_pattern-sand","23":"pa_pattern-ocean-green","24":"pa_pattern-petrol","25":"pa_producer-sleepee","26":"pa_product-type-anti-sweat-car-seat-pad","27":"pa_style-smooth","28":"pa_unit-pcs","30":"first","31":"instock","32":"purchasable","33":"product-type-variable","34":"wvs-archive-product-wrapper"},"_links":{"self":[{"href":"https:\/\/lovesleepee.com\/fr\/wp-json\/wp\/v2\/product\/14542","targetHints":{"allow":["GET"]}}],"collection":[{"href":"https:\/\/lovesleepee.com\/fr\/wp-json\/wp\/v2\/product"}],"about":[{"href":"https:\/\/lovesleepee.com\/fr\/wp-json\/wp\/v2\/types\/product"}],"replies":[{"embeddable":true,"href":"https:\/\/lovesleepee.com\/fr\/wp-json\/wp\/v2\/comments?post=14542"}],"wp:featuredmedia":[{"embeddable":true,"href":"https:\/\/lovesleepee.com\/fr\/wp-json\/wp\/v2\/media\/1094"}],"wp:attachment":[{"href":"https:\/\/lovesleepee.com\/fr\/wp-json\/wp\/v2\/media?parent=14542"}],"wp:term":[{"taxonomy":"product_brand","embeddable":true,"href":"https:\/\/lovesleepee.com\/fr\/wp-json\/wp\/v2\/product_brand?post=14542"},{"taxonomy":"product_cat","embeddable":true,"href":"https:\/\/lovesleepee.com\/fr\/wp-json\/wp\/v2\/product_cat?post=14542"},{"taxonomy":"product_tag","embeddable":true,"href":"https:\/\/lovesleepee.com\/fr\/wp-json\/wp\/v2\/product_tag?post=14542"}],"curies":[{"name":"wp","href":"https:\/\/api.w.org\/{rel}","templated":true}]}}