{"id":14523,"date":"2024-05-27T07:54:00","date_gmt":"2024-05-27T05:54:00","guid":{"rendered":"https:\/\/lovesleepee.com\/product\/ultra-soft-bamboo-blanket-baby_pink\/"},"modified":"2026-02-17T18:52:16","modified_gmt":"2026-02-17T17:52:16","slug":"couverture-en-bambou-ultra-douce-baby_pink","status":"publish","type":"product","link":"https:\/\/lovesleepee.com\/fr\/produits\/couverture-en-bambou-ultra-douce-baby_pink\/","title":{"rendered":"Couverture en bambou ultra douce"},"content":{"rendered":"<h2>Couverture en bambou ultra douce - Baby Pink<\/h2>\n<p><strong>L\u00e9g\u00e8re comme une plume, douce comme un c\u00e2lin - la couverture d'\u00e9t\u00e9 parfaite pour votre b\u00e9b\u00e9.<\/strong><\/p>\n<p>Tombez amoureux d\u00e8s le premier contact avec notre <strong>Couverture en bambou ultra douce<\/strong>Il est fabriqu\u00e9 \u00e0 partir d'un fil de bambou 100%. Son tissage l\u00e9ger et a\u00e9r\u00e9 en fait un compagnon id\u00e9al pour les journ\u00e9es chaudes, tout en offrant une douce chaleur pour les soir\u00e9es plus fra\u00eeches.<\/p>\n<h3>Respirant et pr\u00eat pour l'\u00e9t\u00e9<\/h3>\n<p>Gr\u00e2ce \u00e0 son tricot ouvert et cellulaire, cette couverture en bambou forme des centaines de petits trous qui permettent \u00e0 l'air de circuler librement. Elle est respirante, \u00e9vacue l'humidit\u00e9 et r\u00e9gule la temp\u00e9rature, ce qui permet \u00e0 votre b\u00e9b\u00e9 de rester au sec et \u00e0 l'aise en toutes circonstances.<\/p>\n<h3>Pourquoi le bambou est le choix id\u00e9al pour les b\u00e9b\u00e9s :<\/h3>\n<ul>\n<li><strong>Antibact\u00e9rien<\/strong> - prot\u00e8ge la peau de votre b\u00e9b\u00e9<\/li>\n<li><strong>Anti-fongique et anti-allerg\u00e9nique<\/strong> - id\u00e9al pour les peaux d\u00e9licates et sensibles<\/li>\n<li><strong>Tr\u00e8s absorbant<\/strong> - absorbe l'humidit\u00e9 60% mieux que le coton<\/li>\n<li><strong>Thermor\u00e9gulation<\/strong> - se refroidit en p\u00e9riode de chaleur et se r\u00e9chauffe en p\u00e9riode de froid<\/li>\n<li><strong>Autost\u00e9rilisation<\/strong> - neutralise naturellement les odeurs et reste frais plus longtemps<\/li>\n<li><strong>Respect de l'environnement<\/strong> - enti\u00e8rement biod\u00e9gradable et durable<\/li>\n<\/ul>\n<h3>Un must d\u00e8s les premiers jours<\/h3>\n<p>Qu'il s'agisse d'un emmaillotage pour l'\u00e9t\u00e9, d'une couverture pour la poussette ou d'un doudou pour la sieste, cette couverture est id\u00e9ale pour les enfants de moins de 18 ans. <strong>couverture en bambou<\/strong> sera votre accessoire pr\u00e9f\u00e9r\u00e9, du nouveau-n\u00e9 \u00e0 l'enfant en bas \u00e2ge.<\/p>\n<h3>D\u00e9tails du produit :<\/h3>\n<ul>\n<li><strong>Mat\u00e9riau :<\/strong> 100% fil de bambou<\/li>\n<li><strong>Couleur :<\/strong> Rose b\u00e9b\u00e9<\/li>\n<li><strong>Certification :<\/strong> Oeko-Tex Standard 100 Classe I<\/li>\n<li><strong>Origine :<\/strong> Fabriqu\u00e9 \u00e0 la main dans l'UE<\/li>\n<\/ul>\n<p>Enveloppez votre petit dans la douce \u00e9treinte du bambou - naturellement doux, s\u00fbr et durable.<\/p>","protected":false},"excerpt":{"rendered":"<p><iframe width=\"560\" height=\"315\" src=\"https:\/\/www.youtube.com\/embed\/TT24DMiqvTk?si=RldhCZiGavwG6uN8\" title=\"Lecteur vid\u00e9o YouTube\" frameborder=\"0\" allow=\"accelerometer; autoplay; clipboard-write; encrypted-media; gyroscope; picture-in-picture; web-share\" referrerpolicy=\"strict-origin-when-cross-origin\" allowfullscreen><\/iframe><\/p>","protected":false},"featured_media":1163,"comment_status":"closed","ping_status":"closed","template":"","meta":[],"product_brand":[],"product_cat":[755,757],"product_tag":[],"class_list":{"0":"post-14523","1":"product","2":"type-product","3":"status-publish","4":"has-post-thumbnail","6":"product_cat-blankets","7":"product_cat-light-bamboo","8":"pa_age-group-newborn","9":"pa_age-to-unlimited","10":"pa_collection-essential","11":"pa_color-beige","12":"pa_color-blue","13":"pa_color-grey","14":"pa_color-pink","15":"pa_fabric-bamboo","16":"pa_pattern-beige","17":"pa_pattern-grey","18":"pa_pattern-pink","19":"pa_pattern-sage","20":"pa_producer-sleepee","21":"pa_product-type-ultra-soft-bamboo-blanket","22":"pa_style-smooth","23":"pa_unit-pcs","25":"first","26":"instock","27":"purchasable","28":"product-type-variable","29":"wvs-archive-product-wrapper"},"_links":{"self":[{"href":"https:\/\/lovesleepee.com\/fr\/wp-json\/wp\/v2\/product\/14523","targetHints":{"allow":["GET"]}}],"collection":[{"href":"https:\/\/lovesleepee.com\/fr\/wp-json\/wp\/v2\/product"}],"about":[{"href":"https:\/\/lovesleepee.com\/fr\/wp-json\/wp\/v2\/types\/product"}],"replies":[{"embeddable":true,"href":"https:\/\/lovesleepee.com\/fr\/wp-json\/wp\/v2\/comments?post=14523"}],"wp:featuredmedia":[{"embeddable":true,"href":"https:\/\/lovesleepee.com\/fr\/wp-json\/wp\/v2\/media\/1163"}],"wp:attachment":[{"href":"https:\/\/lovesleepee.com\/fr\/wp-json\/wp\/v2\/media?parent=14523"}],"wp:term":[{"taxonomy":"product_brand","embeddable":true,"href":"https:\/\/lovesleepee.com\/fr\/wp-json\/wp\/v2\/product_brand?post=14523"},{"taxonomy":"product_cat","embeddable":true,"href":"https:\/\/lovesleepee.com\/fr\/wp-json\/wp\/v2\/product_cat?post=14523"},{"taxonomy":"product_tag","embeddable":true,"href":"https:\/\/lovesleepee.com\/fr\/wp-json\/wp\/v2\/product_tag?post=14523"}],"curies":[{"name":"wp","href":"https:\/\/api.w.org\/{rel}","templated":true}]}}