{"id":14520,"date":"2024-05-26T11:55:00","date_gmt":"2024-05-26T09:55:00","guid":{"rendered":"https:\/\/lovesleepee.com\/product\/car-seat-swaddle-blanket-sky-blue\/"},"modified":"2026-04-01T12:10:50","modified_gmt":"2026-04-01T10:10:50","slug":"gigoteuse-pour-siege-auto-bleu-ciel","status":"publish","type":"product","link":"https:\/\/lovesleepee.com\/fr\/produits\/gigoteuse-pour-siege-auto-bleu-ciel\/","title":{"rendered":"Couverture pour si\u00e8ge de voiture"},"content":{"rendered":"<h2>Couverture d'hiver et d'emmaillotage pour si\u00e8ge auto - pour voyager au chaud et en toute s\u00e9curit\u00e9<\/h2>\n<p>Le <strong>couverture d'emmaillotage pour si\u00e8ge auto<\/strong> de Sleepee est con\u00e7ue pour garder votre b\u00e9b\u00e9 au chaud et en s\u00e9curit\u00e9 pendant les mois les plus froids, aussi bien \u00e0 l'int\u00e9rieur qu'\u00e0 l'ext\u00e9rieur de la voiture. Que vous partiez pour une promenade hivernale, un trajet rapide en voiture ou une visite au magasin, cette \u00e9charpe intelligente garantit que votre enfant est bien au chaud sans compromettre sa s\u00e9curit\u00e9.<\/p>\n<h3>Chaleur et confort sans g\u00eaner le harnais<\/h3>\n<p>Con\u00e7ue pour \u00eatre utilis\u00e9e directement dans le si\u00e8ge de la voiture, cette <strong>couverture de type emmaillotage<\/strong> s'enroule autour de votre b\u00e9b\u00e9 sans interf\u00e9rer avec les syst\u00e8mes de harnais \u00e0 3 ou 5 points. Pas besoin d'habiller et de d\u00e9shabiller votre b\u00e9b\u00e9 plusieurs fois - il suffit de placer la couverture dans le porte-b\u00e9b\u00e9, d'attacher votre enfant avec la ceinture de s\u00e9curit\u00e9 et de fermer l'\u00e9charpe \u00e0 l'aide des panneaux lat\u00e9raux en velcro.<\/p>\n<h3>Facile \u00e0 ajuster en fonction de l'environnement<\/h3>\n<p>En plein air, <strong>serrer le capot<\/strong> \u00e0 l'aide des cordons \u00e9lastiques int\u00e9gr\u00e9s et <strong>fermer les rabats inf\u00e9rieurs<\/strong> avec boutons-pression pour prot\u00e9ger votre b\u00e9b\u00e9 du vent et du froid. \u00c0 l'int\u00e9rieur ou dans la voiture, ouvrez rapidement la couverture pour \u00e9viter la surchauffe, sans r\u00e9veiller ni d\u00e9tacher votre enfant. C'est une solution pratique et adapt\u00e9e aux parents pour la vie quotidienne en automne et en hiver.<\/p>\n<h3>Taille universelle et longue dur\u00e9e d'utilisation<\/h3>\n<p>Cette couverture d'emmaillotage convient de <strong>de la naissance \u00e0 environ 12 mois<\/strong>. Sa taille universelle et sa forme adaptable le rendent compatible avec la plupart des si\u00e8ges auto, des porte-b\u00e9b\u00e9s et des poussettes standard - un ajout vraiment polyvalent \u00e0 la garde-robe de votre b\u00e9b\u00e9 par temps froid.<\/p>\n<h3>Isolation \u00e9paisse et mat\u00e9riaux s\u00fbrs<\/h3>\n<p>Class\u00e9 <strong>TOG 3.0<\/strong>Gr\u00e2ce \u00e0 l'utilisation de l'enveloppe, l'\u00e9charpe offre une chaleur fiable m\u00eame par temps tr\u00e8s froid. Les mat\u00e9riaux utilis\u00e9s sont certifi\u00e9s <strong>Oeko-Tex Standard 100 Classe I<\/strong>Ils sont donc s\u00fbrs pour la peau d\u00e9licate des nouveau-n\u00e9s et exempts de substances nocives. Tous les produits Sleepee sont <strong>fabriqu\u00e9 \u00e0 la main dans l'UE<\/strong>garantissant la qualit\u00e9 et le souci du d\u00e9tail.<\/p>\n<h3>D\u00e9tails du produit<\/h3>\n<ul>\n<li><strong>Utiliser :<\/strong> Si\u00e8ge auto, landau, porte-b\u00e9b\u00e9, poussette<\/li>\n<li><strong>Compatibilit\u00e9 :<\/strong> Syst\u00e8mes de harnais \u00e0 3 et 5 points<\/li>\n<li><strong>L'\u00e2ge :<\/strong> De 0 \u00e0 environ 12 mois<\/li>\n<li><strong>Isolation :<\/strong> TOG 3.0 - id\u00e9al pour l'hiver<\/li>\n<li><strong>Caract\u00e9ristiques :<\/strong> Capuche r\u00e9glable, fermeture lat\u00e9rale en velcro, boutons pression au bas du v\u00eatement<\/li>\n<li><strong>Mat\u00e9riau :<\/strong> Tissus certifi\u00e9s Oeko-Tex Standard 100 Classe I<\/li>\n<li><strong>Fabriqu\u00e9 en :<\/strong> Union europ\u00e9enne (fabrication artisanale)<\/li>\n<\/ul>\n<h3>Conseil aux parents<\/h3>\n<p>Placez toujours la couverture sous la ceinture de s\u00e9curit\u00e9, jamais par-dessus, afin que votre b\u00e9b\u00e9 reste au chaud et bien attach\u00e9. Laissez l'\u00e9charpe l\u00e9g\u00e8rement ouverte \u00e0 l'int\u00e9rieur ou pendant les longs trajets pour \u00e9viter la surchauffe. Associez-la \u00e0 un bonnet et \u00e0 des moufles en coton respirant pour plus de confort par temps glacial.<\/p>\n<p>Le <strong>Couverture d'emmaillotage pour si\u00e8ge auto Sleepee<\/strong> est le compagnon id\u00e9al pour l'hiver - chaud, s\u00fbr et facile \u00e0 utiliser, d\u00e8s les premiers jours de la vie de votre b\u00e9b\u00e9.<\/p>\n<div class=\"box loading\"><div class=\"woocommerce\"><\/div><\/div>","protected":false},"excerpt":{"rendered":"<p><iframe title=\"Lecteur vid\u00e9o YouTube\" src=\"https:\/\/www.youtube.com\/embed\/bRd7lmX5b3s?si=ta3jGmlaEUvnZrYd\" width=\"560\" height=\"315\" frameborder=\"0\" allowfullscreen=\"allowfullscreen\"><\/iframe><\/p>","protected":false},"featured_media":5387,"comment_status":"closed","ping_status":"closed","template":"","meta":[],"product_brand":[],"product_cat":[758,760],"product_tag":[],"class_list":{"0":"post-14520","1":"product","2":"type-product","3":"status-publish","4":"has-post-thumbnail","6":"product_cat-car-seat-blanket","7":"product_cat-winter-car-seat-blanket","8":"pa_age-group-newborn","9":"pa_age-to-1-year","10":"pa_collection-bohemian","11":"pa_collection-vintage-animals","12":"pa_color-beige","13":"pa_color-blue","14":"pa_fabric-mixed","15":"pa_pattern-denim","16":"pa_pattern-grey","17":"pa_pattern-pink","18":"pa_pattern-sand","19":"pa_pattern-sky-blue","20":"pa_producer-sleepee","21":"pa_product-type-car-seat-swaddle-blanket","22":"pa_style-with-patterns","23":"pa_unit-pcs","25":"first","26":"instock","27":"purchasable","28":"product-type-variable","29":"wvs-archive-product-wrapper"},"_links":{"self":[{"href":"https:\/\/lovesleepee.com\/fr\/wp-json\/wp\/v2\/product\/14520","targetHints":{"allow":["GET"]}}],"collection":[{"href":"https:\/\/lovesleepee.com\/fr\/wp-json\/wp\/v2\/product"}],"about":[{"href":"https:\/\/lovesleepee.com\/fr\/wp-json\/wp\/v2\/types\/product"}],"replies":[{"embeddable":true,"href":"https:\/\/lovesleepee.com\/fr\/wp-json\/wp\/v2\/comments?post=14520"}],"wp:featuredmedia":[{"embeddable":true,"href":"https:\/\/lovesleepee.com\/fr\/wp-json\/wp\/v2\/media\/5387"}],"wp:attachment":[{"href":"https:\/\/lovesleepee.com\/fr\/wp-json\/wp\/v2\/media?parent=14520"}],"wp:term":[{"taxonomy":"product_brand","embeddable":true,"href":"https:\/\/lovesleepee.com\/fr\/wp-json\/wp\/v2\/product_brand?post=14520"},{"taxonomy":"product_cat","embeddable":true,"href":"https:\/\/lovesleepee.com\/fr\/wp-json\/wp\/v2\/product_cat?post=14520"},{"taxonomy":"product_tag","embeddable":true,"href":"https:\/\/lovesleepee.com\/fr\/wp-json\/wp\/v2\/product_tag?post=14520"}],"curies":[{"name":"wp","href":"https:\/\/api.w.org\/{rel}","templated":true}]}}