{"id":14487,"date":"2024-05-26T11:32:00","date_gmt":"2024-05-26T09:32:00","guid":{"rendered":"https:\/\/lovesleepee.com\/product\/swaddle-wrap-royal-baby\/"},"modified":"2026-02-16T07:14:17","modified_gmt":"2026-02-16T06:14:17","slug":"echarpe-de-portage-royal-baby","status":"publish","type":"product","link":"https:\/\/lovesleepee.com\/fr\/produits\/echarpe-de-portage-royal-baby\/","title":{"rendered":"\u00c9charpe de portage \u2013 \u00c9charpe Royal Baby pour porter b\u00e9b\u00e9 en toute s\u00e9curit\u00e9 avec douceur et confort d\u00e8s ses premiers instants."},"content":{"rendered":"<h2>Housse d'emmaillotage Royal Baby - Gris<\/h2>\n<p><strong>Confort, s\u00e9curit\u00e9 et douceur d\u00e8s le premier jour.<\/strong><\/p>\n<p>Tenir son nouveau-n\u00e9 dans ses bras pour la premi\u00e8re fois peut \u00eatre une exp\u00e9rience bouleversante. Si vous vous demandez comment bercer votre b\u00e9b\u00e9 en toute s\u00e9curit\u00e9 tout en veillant \u00e0 son confort, la <strong>\u00c9charpe de portage \u2013 \u00c9charpe Royal Baby pour porter b\u00e9b\u00e9 en toute s\u00e9curit\u00e9 avec douceur et confort d\u00e8s ses premiers instants.<\/strong> est la solution id\u00e9ale.<\/p>\n<h3>Pourquoi choisir l'\u00e9charpe de portage Royal Baby ?<\/h3>\n<ul>\n<li><strong>S\u00fbr et confortable :<\/strong> Garde votre b\u00e9b\u00e9 bien emmaillot\u00e9 d\u00e8s la naissance, imitant la chaleur et la protection de l'ut\u00e9rus.<\/li>\n<li><strong>Mat\u00e9riaux de haute qualit\u00e9 :<\/strong> Velours ultra-doux \u00e0 l'ext\u00e9rieur, coton 100% \u00e0 l'int\u00e9rieur - doux et respirant pour la peau d\u00e9licate du nouveau-n\u00e9.<\/li>\n<li><strong>Rembourrage hypoallerg\u00e9nique :<\/strong> Le molleton de silicone \u00e9pais et moelleux aide \u00e0 r\u00e9guler la temp\u00e9rature de votre b\u00e9b\u00e9 pour un confort optimal.<\/li>\n<li><strong>Ajustable :<\/strong> L'\u00e9l\u00e9gante attache en tissu vous permet d'emmailloter votre b\u00e9b\u00e9 aussi confortablement que vous le souhaitez.<\/li>\n<li><strong>Pas d'inserts rigides :<\/strong> Souple et flexible - sans raidisseurs ni \u00e9l\u00e9ments durs, conform\u00e9ment aux recommandations m\u00e9dicales pour les nouveau-n\u00e9s.<\/li>\n<\/ul>\n<h3>Plus qu'un simple emmaillotage<\/h3>\n<p>Polyvalent et pratique, l'emmaillotage peut \u00e9galement \u00eatre utilis\u00e9 comme.. :<\/p>\n<ul>\n<li>Tapis \u00e0 langer<\/li>\n<li>Housse pour poussette ou couffin<\/li>\n<li>Couverture de confort en d\u00e9placement<\/li>\n<\/ul>\n<h3>Design \u00e9l\u00e9gant et id\u00e9e cadeau parfaite<\/h3>\n<p>La forme charmante en forme d'oreille d'ours ajoute une touche de mignonnerie qui s\u00e9duira tous les futurs parents. Que ce soit pour votre b\u00e9b\u00e9 ou comme cadeau de naissance, l'emmaillotage Royal Baby est un \u00e9l\u00e9ment indispensable de la layette de tout nouveau-n\u00e9.<\/p>\n<h3>D\u00e9tails du produit<\/h3>\n<ul>\n<li><strong>Composition :<\/strong> Ext\u00e9rieur : velours doux | Doublure int\u00e9rieure : coton 100% | Rembourrage : silicone hypoallerg\u00e9nique<\/li>\n<li><strong>Certification :<\/strong> Oeko-Tex Standard 100 Classe I<\/li>\n<li><strong>Fabriqu\u00e9 \u00e0 la main :<\/strong> Fabriqu\u00e9 avec amour dans l'UE<\/li>\n<\/ul>\n<p>Enveloppez votre b\u00e9b\u00e9 dans la douceur et la s\u00e9curit\u00e9 - avec le <strong>L'\u00e9charpe de portage Royal Baby<\/strong>Chaque c\u00e2lin devient un moment de paix.<\/p>","protected":false},"excerpt":{"rendered":"<p><iframe width=\"560\" height=\"315\" src=\"https:\/\/www.youtube.com\/embed\/dMvcHVXhEp4?si=jnc5cjN2dXpP52XH\" title=\"Lecteur vid\u00e9o YouTube\" frameborder=\"0\" allow=\"accelerometer; autoplay; clipboard-write; encrypted-media; gyroscope; picture-in-picture; web-share\" referrerpolicy=\"strict-origin-when-cross-origin\" allowfullscreen><\/iframe><\/p>","protected":false},"featured_media":5197,"comment_status":"closed","ping_status":"closed","template":"","meta":[],"product_brand":[],"product_cat":[808,805,807],"product_tag":[],"class_list":{"0":"post-14487","1":"product","2":"type-product","3":"status-publish","4":"has-post-thumbnail","6":"product_cat-swaddles","7":"product_cat-swaddle-wraps","8":"product_cat-velour-swaddle-wrap","9":"pa_age-group-newborn","10":"pa_age-to-4-months","11":"pa_collection-royal-baby","12":"pa_color-pink","13":"pa_color-denim","14":"pa_color-grey","15":"pa_color-ocean-mint","16":"pa_color-sand","17":"pa_fabric-mixed","18":"pa_marker-bestseller","19":"pa_pattern-grey","20":"pa_pattern-pink","21":"pa_pattern-sand","22":"pa_pattern-ocean-mint","23":"pa_producer-sleepee","24":"pa_product-type-swaddle-wrap-royal-baby","25":"pa_style-with-patterns","26":"pa_unit-pcs","28":"first","29":"instock","30":"purchasable","31":"product-type-variable","32":"wvs-archive-product-wrapper"},"_links":{"self":[{"href":"https:\/\/lovesleepee.com\/fr\/wp-json\/wp\/v2\/product\/14487","targetHints":{"allow":["GET"]}}],"collection":[{"href":"https:\/\/lovesleepee.com\/fr\/wp-json\/wp\/v2\/product"}],"about":[{"href":"https:\/\/lovesleepee.com\/fr\/wp-json\/wp\/v2\/types\/product"}],"replies":[{"embeddable":true,"href":"https:\/\/lovesleepee.com\/fr\/wp-json\/wp\/v2\/comments?post=14487"}],"wp:featuredmedia":[{"embeddable":true,"href":"https:\/\/lovesleepee.com\/fr\/wp-json\/wp\/v2\/media\/5197"}],"wp:attachment":[{"href":"https:\/\/lovesleepee.com\/fr\/wp-json\/wp\/v2\/media?parent=14487"}],"wp:term":[{"taxonomy":"product_brand","embeddable":true,"href":"https:\/\/lovesleepee.com\/fr\/wp-json\/wp\/v2\/product_brand?post=14487"},{"taxonomy":"product_cat","embeddable":true,"href":"https:\/\/lovesleepee.com\/fr\/wp-json\/wp\/v2\/product_cat?post=14487"},{"taxonomy":"product_tag","embeddable":true,"href":"https:\/\/lovesleepee.com\/fr\/wp-json\/wp\/v2\/product_tag?post=14487"}],"curies":[{"name":"wp","href":"https:\/\/api.w.org\/{rel}","templated":true}]}}