{"id":14480,"date":"2024-05-26T11:32:00","date_gmt":"2024-05-26T09:32:00","guid":{"rendered":"https:\/\/lovesleepee.com\/product\/muslin-swaddle-wrap-dark_grey\/"},"modified":"2026-02-16T07:09:46","modified_gmt":"2026-02-16T06:09:46","slug":"gigoteuse-en-mousseline-gris-fonce","status":"publish","type":"product","link":"https:\/\/lovesleepee.com\/fr\/produits\/gigoteuse-en-mousseline-gris-fonce\/","title":{"rendered":"Lange en mousseline"},"content":{"rendered":"<h2>Emmaillotage en mousseline - confort respirant pour les nouveau-n\u00e9s<\/h2>\n<p>Le <strong>Drap de bain en mousseline Sleepee<\/strong> est une solution l\u00e9g\u00e8re, douce et respirante pour envelopper votre nouveau-n\u00e9 en toute s\u00e9curit\u00e9, en particulier par temps chaud. Con\u00e7ue pour favoriser la thermor\u00e9gulation, cette \u00e9charpe procure un effet cocooning s\u00fbr et naturel tout en \u00e9vitant la surchauffe.<\/p>\n<h2>Parfait pour les journ\u00e9es chaudes et les peaux d\u00e9licates<\/h2>\n<p>Fabriqu\u00e9 \u00e0 partir de <strong>100% mousseline de coton naturel<\/strong>L'\u00e9charpe de portage est incroyablement douce pour la peau de votre b\u00e9b\u00e9. Le tissu a\u00e9r\u00e9 et peu serr\u00e9 permet \u00e0 l'enfant de se sentir parfaitement \u00e0 l'aise. <strong>circulation de l'air<\/strong> et fournit un <strong>effet de refroidissement<\/strong> en \u00e9t\u00e9. Gr\u00e2ce \u00e0 ses propri\u00e9t\u00e9s thermor\u00e9gulatrices, il aide \u00e9galement \u00e0 conserver la chaleur lors des transitions plus fra\u00eeches, ce qui le rend id\u00e9al pour le printemps, l'\u00e9t\u00e9 et le d\u00e9but de l'automne.<\/p>\n<h2>Ajustable gr\u00e2ce \u00e0 un n\u0153ud papillon<\/h2>\n<p>Le pr\u00e9sent <strong>\u00e9charpe pour nouveau-n\u00e9<\/strong> comporte un n\u0153ud de fermeture pratique qui vous permet d'ajuster l'\u00e9tanch\u00e9it\u00e9 en fonction de la taille et du confort de votre b\u00e9b\u00e9. Il offre un \u00e9quilibre parfait entre confort et souplesse, procurant un sentiment de s\u00e9curit\u00e9 semblable \u00e0 celui d'un ut\u00e9rus, qui apaise et rassure votre b\u00e9b\u00e9.<\/p>\n<h2>Utilisation polyvalente au-del\u00e0 de l'emmaillotage<\/h2>\n<p>Une fois que votre b\u00e9b\u00e9 a d\u00e9pass\u00e9 la phase d'emmaillotage, cette \u00e9charpe en mousseline peut encore \u00eatre utilis\u00e9e de nombreuses fa\u00e7ons : comme un sac \u00e0 dos, comme un sac \u00e0 dos, comme un sac \u00e0 dos ou comme un sac \u00e0 dos. <strong>tapis de jeu, housse de matelas \u00e0 langer, couette de landau<\/strong> ou m\u00eame une couverture l\u00e9g\u00e8re pour la sieste. C'est un essentiel multifonctionnel qui grandit avec votre b\u00e9b\u00e9.<\/p>\n<h2>Sans danger pour les nouveau-n\u00e9s - pas de rembourrage dorsal<\/h2>\n<p>Cette \u00e9charpe de portage est con\u00e7ue <strong>sans rembourrage dorsal<\/strong>Il est donc adapt\u00e9 et s\u00fbr pour une utilisation d\u00e8s la naissance. Les nouveau-n\u00e9s doivent \u00eatre couch\u00e9s sur des surfaces planes et fermes, et cette conception respecte cette directive tout en offrant douceur et confort.<\/p>\n<h2>D\u00e9tails du produit<\/h2>\n<ul>\n<li><strong>Mat\u00e9riau :<\/strong> 100% mousseline de coton - respirante et douce<\/li>\n<li><strong>Fermeture :<\/strong> N\u0153ud papillon r\u00e9glable<\/li>\n<li><strong>Utiliser :<\/strong> Emmaillotage, couette de poussette, tapis de jeu, housse de matelas \u00e0 langer<\/li>\n<li><strong>Certifications :<\/strong> Oeko-Tex Standard 100 Class I - sans danger pour les nouveau-n\u00e9s<\/li>\n<li><strong>Fabriqu\u00e9 en :<\/strong> Union europ\u00e9enne (fabrication artisanale)<\/li>\n<\/ul>\n<h2>Instructions de lavage<\/h2>\n<ul>\n<li>Lavage en machine \u00e0 30-40\u00b0C sur un cycle d\u00e9licat<\/li>\n<li>Rotation max : 800 TOURS\/MINUTE<\/li>\n<li>Ne pas blanchir<\/li>\n<li>Ne pas s\u00e9cher au s\u00e8che-linge<\/li>\n<\/ul>\n<h2>Conseil aux parents pour de meilleures siestes<\/h2>\n<p>Utilisez l'\u00e9charpe en mousseline pour les siestes de jour, les promenades en poussette ou comme couche apaisante pour les c\u00e2lins apr\u00e8s le bain. Son tissu respirant et sa coupe confortable peuvent aider \u00e0 \u00e9tablir des routines de sommeil calmes, en particulier pendant les premiers mois de la vie.<\/p>\n<p>Le <strong>Drap de bain en mousseline Sleepee<\/strong> est indispensable aux parents modernes qui recherchent un confort naturel et respirant - d\u00e8s le premier jour.<\/p>\n<div class=\"box loading\"><div class=\"woocommerce\"><\/div><\/div>","protected":false},"excerpt":{"rendered":"<p><iframe width=\"560\" height=\"315\" src=\"https:\/\/www.youtube.com\/embed\/byO_l2GMgLs?si=0XXxgiYVsYqt2JLq\" title=\"Lecteur vid\u00e9o YouTube\" frameborder=\"0\" allow=\"accelerometer; autoplay; clipboard-write; encrypted-media; gyroscope; picture-in-picture; web-share\" referrerpolicy=\"strict-origin-when-cross-origin\" allowfullscreen><\/iframe><\/p>","protected":false},"featured_media":5161,"comment_status":"closed","ping_status":"closed","template":"","meta":[],"product_brand":[],"product_cat":[806,805,808],"product_tag":[],"class_list":{"0":"post-14480","1":"product","2":"type-product","3":"status-publish","4":"has-post-thumbnail","6":"product_cat-muslin-swaddle-wrap","7":"product_cat-swaddle-wraps","8":"product_cat-swaddles","9":"pa_age-group-newborn","10":"pa_age-to-4-months","11":"pa_collection-essential","12":"pa_color-beige","13":"pa_color-blue","14":"pa_color-green","15":"pa_color-grey","16":"pa_color-pink","17":"pa_fabric-muslin","18":"pa_marker-bestseller","19":"pa_marker-spring-summer","20":"pa_pattern-dark-grey","21":"pa_pattern-grey","22":"pa_pattern-ocean-green","23":"pa_pattern-petrol","24":"pa_pattern-rose","25":"pa_pattern-sand","26":"pa_producer-sleepee","27":"pa_product-type-muslin-swaddle-wrap","28":"pa_style-smooth","29":"pa_unit-pcs","31":"first","32":"onbackorder","33":"purchasable","34":"product-type-variable","35":"wvs-archive-product-wrapper"},"_links":{"self":[{"href":"https:\/\/lovesleepee.com\/fr\/wp-json\/wp\/v2\/product\/14480","targetHints":{"allow":["GET"]}}],"collection":[{"href":"https:\/\/lovesleepee.com\/fr\/wp-json\/wp\/v2\/product"}],"about":[{"href":"https:\/\/lovesleepee.com\/fr\/wp-json\/wp\/v2\/types\/product"}],"replies":[{"embeddable":true,"href":"https:\/\/lovesleepee.com\/fr\/wp-json\/wp\/v2\/comments?post=14480"}],"wp:featuredmedia":[{"embeddable":true,"href":"https:\/\/lovesleepee.com\/fr\/wp-json\/wp\/v2\/media\/5161"}],"wp:attachment":[{"href":"https:\/\/lovesleepee.com\/fr\/wp-json\/wp\/v2\/media?parent=14480"}],"wp:term":[{"taxonomy":"product_brand","embeddable":true,"href":"https:\/\/lovesleepee.com\/fr\/wp-json\/wp\/v2\/product_brand?post=14480"},{"taxonomy":"product_cat","embeddable":true,"href":"https:\/\/lovesleepee.com\/fr\/wp-json\/wp\/v2\/product_cat?post=14480"},{"taxonomy":"product_tag","embeddable":true,"href":"https:\/\/lovesleepee.com\/fr\/wp-json\/wp\/v2\/product_tag?post=14480"}],"curies":[{"name":"wp","href":"https:\/\/api.w.org\/{rel}","templated":true}]}}