{"id":14439,"date":"2024-05-26T11:32:00","date_gmt":"2024-05-26T09:32:00","guid":{"rendered":"https:\/\/lovesleepee.com\/product\/muslin-sleeping-bag-with-legs-1-2-years-dark_grey\/"},"modified":"2026-04-01T10:24:12","modified_gmt":"2026-04-01T08:24:12","slug":"sac-de-couchage-en-mousseline-avec-jambes-1-2-ans-dark_grey","status":"publish","type":"product","link":"https:\/\/lovesleepee.com\/fr\/produits\/sac-de-couchage-en-mousseline-avec-jambes-1-2-ans-dark_grey\/","title":{"rendered":"Sac de couchage en mousseline avec jambes"},"content":{"rendered":"<h2>Sac de couchage en mousseline avec jambes - confort respirant pour les tout-petits actifs (1-2 ans)<\/h2>\n<p>Le <strong>Sac de couchage en mousseline Sleepee avec jambes<\/strong> est la solution parfaite pour les nuits chaudes et les dormeurs actifs. Con\u00e7ue pour les b\u00e9b\u00e9s \u00e2g\u00e9s de 1 \u00e0 2 ans, elle associe des mat\u00e9riaux respirants \u00e0 une libert\u00e9 de mouvement totale, garantissant un sommeil ininterrompu et s\u00fbr, m\u00eame en \u00e9t\u00e9.<\/p>\n<h2>Libert\u00e9 de se d\u00e9placer et de dormir sans perturbation<\/h2>\n<p>Le pr\u00e9sent <strong>sac de couchage portable avec jambes<\/strong> est id\u00e9al pour les tout-petits qui aiment bouger, se tourner, s'asseoir ou se tenir debout pendant leur sommeil. Gr\u00e2ce \u00e0 sa conception s\u00e9par\u00e9e des jambes et \u00e0 sa coupe spacieuse, il n'entrave pas les mouvements naturels de votre enfant. Le matelas int\u00e9gr\u00e9 <strong>les pattes peuvent \u00eatre repli\u00e9es sur elles-m\u00eames ou enlev\u00e9es<\/strong> pour s'adapter \u00e0 la temp\u00e9rature ambiante et garder les pieds au chaud si n\u00e9cessaire.<\/p>\n<h2>Fabriqu\u00e9 en mousseline douce \u00e0 double \u00e9paisseur<\/h2>\n<p>Fabriqu\u00e9 \u00e0 partir de deux couches de <strong>mousseline de coton ultra-douce<\/strong>Le sac de couchage en mousseline est incroyablement respirant et doux pour la peau. La mousseline est naturellement a\u00e9r\u00e9e et permet une excellente r\u00e9gulation de la temp\u00e9rature, ce qui contribue \u00e0 \u00e9viter la surchauffe et \u00e0 r\u00e9duire la transpiration, m\u00eame pendant les nuits chaudes.<\/p>\n<h2>TOG 1.0 - id\u00e9al pour les temps chauds et les temp\u00e9ratures \u00e9lev\u00e9es<\/h2>\n<p>Avec un <strong>Note TOG de 1.0<\/strong>La gigoteuse en mousseline est id\u00e9ale pour le printemps et l'\u00e9t\u00e9, ou pour les chambres d'enfants dont la temp\u00e9rature est comprise entre 21 et 24\u00b0C. C'est une excellente alternative aux couvertures traditionnelles, qui peuvent se d\u00e9tacher ou couvrir le visage du b\u00e9b\u00e9, ce qui cr\u00e9e des risques et des interruptions de sommeil.<\/p>\n<h2>Des fonctionnalit\u00e9s bien pens\u00e9es pour les parents<\/h2>\n<ul>\n<li><strong>Fermeture \u00e9clair sur toute la longueur<\/strong> pour faciliter l'habillage et le changement de couche<\/li>\n<li><strong>Patte de protection du cou<\/strong> pour prot\u00e9ger la peau de votre b\u00e9b\u00e9 contre les irritations<\/li>\n<li><strong>Coupe spacieuse<\/strong> pour favoriser des positions de sommeil confortables et naturelles<\/li>\n<li><strong>Conception de la jambe ouverte<\/strong> favorise la mobilit\u00e9 dans le lit et \u00e0 l'ext\u00e9rieur<\/li>\n<\/ul>\n<h2>D\u00e9tails du produit<\/h2>\n<ul>\n<li><strong>L'\u00e2ge :<\/strong> 1 \u00e0 2 ans<\/li>\n<li><strong>Taille :<\/strong> 82 \u00d7 35 cm (de l'\u00e9paule au pied)<\/li>\n<li><strong>Mat\u00e9riau :<\/strong> 100% mousseline de coton (2 couches)<\/li>\n<li><strong>Cote TOG :<\/strong> 1.0 - id\u00e9al pour l'\u00e9t\u00e9 et les pi\u00e8ces chaudes<\/li>\n<li><strong>Soins :<\/strong> Lavage en machine \u00e0 30\u00b0C, cycle d\u00e9licat, max 800 tours\/minute. Ne pas blanchir ni s\u00e9cher au s\u00e8che-linge.<\/li>\n<li><strong>Certifications :<\/strong> Oeko-Tex Standard 100 Classe I<\/li>\n<li><strong>Fabriqu\u00e9 en :<\/strong> Pologne<\/li>\n<\/ul>\n<h2>Conseil pour dormir par temps chaud<\/h2>\n<p>Associez le sac de couchage \u00e0 un body l\u00e9ger ou \u00e0 un pyjama \u00e0 manches courtes pour un confort optimal lors des nuits chaudes. N'utilisez les languettes de pied qu'en cas de besoin - elles sont particuli\u00e8rement utiles pour les petits matins lorsque la temp\u00e9rature baisse l\u00e9g\u00e8rement.<\/p>\n<p>Le <strong>Sac de couchage en mousseline Sleepee avec jambes<\/strong> offre un \u00e9quilibre parfait entre des mat\u00e9riaux respirants, une conception intelligente et un confort nocturne - aidant les tout-petits \u00e0 mieux dormir tout en assurant la tranquillit\u00e9 d'esprit des parents.<\/p>\n<p><iframe width=\"560\" height=\"315\" frameborder=\"0\"><\/iframe><\/p>\n<p>\t\t\t<link rel=\"stylesheet\" id=\"elementor-post-8468-css\" href=\"https:\/\/lovesleepee.com\/wp-content\/uploads\/elementor\/css\/post-8468.css?ver=1778208512\" type=\"text\/css\" media=\"all\">\n\t\t\t\t\t<div data-elementor-type=\"wp-post\" data-elementor-id=\"8468\" class=\"elementor elementor-8468\" data-elementor-post-type=\"cms_block\">\n\t\t\t\t<div class=\"wd-negative-gap elementor-element elementor-element-c826685 e-flex e-con-boxed e-con e-parent\" data-id=\"c826685\" data-element_type=\"container\" data-e-type=\"container\">\n\t\t\t\t\t<div class=\"e-con-inner\">\n\t\t\t\t<div class=\"elementor-element elementor-element-8e0195f elementor-widget elementor-widget-gallery\" data-id=\"8e0195f\" data-element_type=\"widget\" data-e-type=\"widget\" data-settings=\"{&quot;gallery_layout&quot;:&quot;justified&quot;,&quot;ideal_row_height&quot;:{&quot;unit&quot;:&quot;px&quot;,&quot;size&quot;:227,&quot;sizes&quot;:[]},&quot;lazyload&quot;:&quot;yes&quot;,&quot;ideal_row_height_tablet&quot;:{&quot;unit&quot;:&quot;px&quot;,&quot;size&quot;:150,&quot;sizes&quot;:[]},&quot;ideal_row_height_mobile&quot;:{&quot;unit&quot;:&quot;px&quot;,&quot;size&quot;:150,&quot;sizes&quot;:[]},&quot;gap&quot;:{&quot;unit&quot;:&quot;px&quot;,&quot;size&quot;:10,&quot;sizes&quot;:[]},&quot;gap_tablet&quot;:{&quot;unit&quot;:&quot;px&quot;,&quot;size&quot;:10,&quot;sizes&quot;:[]},&quot;gap_mobile&quot;:{&quot;unit&quot;:&quot;px&quot;,&quot;size&quot;:10,&quot;sizes&quot;:[]},&quot;link_to&quot;:&quot;file&quot;,&quot;overlay_background&quot;:&quot;yes&quot;,&quot;content_hover_animation&quot;:&quot;fade-in&quot;}\" data-widget_type=\"gallery.default\">\n\t\t\t\t\t\t\t<div class=\"elementor-gallery__container\">\n\t\t\t\t\t\t\t<a class=\"e-gallery-item elementor-gallery-item elementor-animated-content\" href=\"https:\/\/lovesleepee.com\/wp-content\/uploads\/2025\/02\/table.png\" data-elementor-open-lightbox=\"yes\" data-elementor-lightbox-slideshow=\"8e0195f\" data-elementor-lightbox-title=\"table\" data-e-action-hash=\"#elementor-action%3Aaction%3Dlightbox%26settings%3DeyJpZCI6ODQyOSwidXJsIjoiaHR0cHM6XC9cL2xvdmVzbGVlcGVlLmNvbVwvd3AtY29udGVudFwvdXBsb2Fkc1wvMjAyNVwvMDJcL3RhYmxlLnBuZyIsInNsaWRlc2hvdyI6IjhlMDE5NWYifQ%3D%3D\">\n\t\t\t\t\t<div class=\"e-gallery-image elementor-gallery-item__image\" data-thumbnail=\"https:\/\/lovesleepee.com\/wp-content\/uploads\/2025\/02\/table-768x432.png\" data-width=\"768\" data-height=\"432\" aria-label=\"\" role=\"img\" ><\/div>\n\t\t\t\t\t\t\t\t\t\t\t<div class=\"elementor-gallery-item__overlay\"><\/div>\n\t\t\t\t\t\t\t\t\t\t\t\t\t\t<\/a>\n\t\t\t\t\t\t\t<a class=\"e-gallery-item elementor-gallery-item elementor-animated-content\" href=\"https:\/\/lovesleepee.com\/wp-content\/uploads\/2025\/02\/graphics-size-xxs.png\" data-elementor-open-lightbox=\"yes\" data-elementor-lightbox-slideshow=\"8e0195f\" data-elementor-lightbox-title=\"graphics size xxs\" data-e-action-hash=\"#elementor-action%3Aaction%3Dlightbox%26settings%3DeyJpZCI6ODQzMCwidXJsIjoiaHR0cHM6XC9cL2xvdmVzbGVlcGVlLmNvbVwvd3AtY29udGVudFwvdXBsb2Fkc1wvMjAyNVwvMDJcL2dyYXBoaWNzLXNpemUteHhzLnBuZyIsInNsaWRlc2hvdyI6IjhlMDE5NWYifQ%3D%3D\">\n\t\t\t\t\t<div class=\"e-gallery-image elementor-gallery-item__image\" data-thumbnail=\"https:\/\/lovesleepee.com\/wp-content\/uploads\/2025\/02\/graphics-size-xxs-768x768.png\" data-width=\"768\" data-height=\"768\" aria-label=\"\" role=\"img\" ><\/div>\n\t\t\t\t\t\t\t\t\t\t\t<div class=\"elementor-gallery-item__overlay\"><\/div>\n\t\t\t\t\t\t\t\t\t\t\t\t\t\t<\/a>\n\t\t\t\t\t\t\t<a class=\"e-gallery-item elementor-gallery-item elementor-animated-content\" href=\"https:\/\/lovesleepee.com\/wp-content\/uploads\/2025\/02\/graphics-size-s.png\" data-elementor-open-lightbox=\"yes\" data-elementor-lightbox-slideshow=\"8e0195f\" data-elementor-lightbox-title=\"graphics size s\" data-e-action-hash=\"#elementor-action%3Aaction%3Dlightbox%26settings%3DeyJpZCI6ODQzMSwidXJsIjoiaHR0cHM6XC9cL2xvdmVzbGVlcGVlLmNvbVwvd3AtY29udGVudFwvdXBsb2Fkc1wvMjAyNVwvMDJcL2dyYXBoaWNzLXNpemUtcy5wbmciLCJzbGlkZXNob3ciOiI4ZTAxOTVmIn0%3D\">\n\t\t\t\t\t<div class=\"e-gallery-image elementor-gallery-item__image\" data-thumbnail=\"https:\/\/lovesleepee.com\/wp-content\/uploads\/2025\/02\/graphics-size-s-768x768.png\" data-width=\"768\" data-height=\"768\" aria-label=\"\" role=\"img\" ><\/div>\n\t\t\t\t\t\t\t\t\t\t\t<div class=\"elementor-gallery-item__overlay\"><\/div>\n\t\t\t\t\t\t\t\t\t\t\t\t\t\t<\/a>\n\t\t\t\t\t<\/div>\n\t\t\t\t\t<\/div>\n\t\t\t\t\t<\/div>\n\t\t\t\t<\/div>\n\t\t\t\t<\/div>\n\t\t<br \/>\n\t\t\t<link rel=\"stylesheet\" id=\"elementor-post-8478-css\" href=\"https:\/\/lovesleepee.com\/wp-content\/uploads\/elementor\/css\/post-8478.css?ver=1778202441\" type=\"text\/css\" media=\"all\">\n\t\t\t\t\t<div data-elementor-type=\"wp-post\" data-elementor-id=\"8478\" class=\"elementor elementor-8478\" data-elementor-post-type=\"cms_block\">\n\t\t\t\t<div class=\"wd-negative-gap elementor-element elementor-element-abaed21 e-flex e-con-boxed e-con e-parent\" data-id=\"abaed21\" data-element_type=\"container\" data-e-type=\"container\">\n\t\t\t\t\t<div class=\"e-con-inner\">\n\t\t\t\t<div class=\"elementor-element elementor-element-f11a984 elementor-widget elementor-widget-gallery\" data-id=\"f11a984\" data-element_type=\"widget\" data-e-type=\"widget\" data-settings=\"{&quot;gallery_layout&quot;:&quot;justified&quot;,&quot;ideal_row_height&quot;:{&quot;unit&quot;:&quot;px&quot;,&quot;size&quot;:227,&quot;sizes&quot;:[]},&quot;lazyload&quot;:&quot;yes&quot;,&quot;ideal_row_height_tablet&quot;:{&quot;unit&quot;:&quot;px&quot;,&quot;size&quot;:150,&quot;sizes&quot;:[]},&quot;ideal_row_height_mobile&quot;:{&quot;unit&quot;:&quot;px&quot;,&quot;size&quot;:150,&quot;sizes&quot;:[]},&quot;gap&quot;:{&quot;unit&quot;:&quot;px&quot;,&quot;size&quot;:10,&quot;sizes&quot;:[]},&quot;gap_tablet&quot;:{&quot;unit&quot;:&quot;px&quot;,&quot;size&quot;:10,&quot;sizes&quot;:[]},&quot;gap_mobile&quot;:{&quot;unit&quot;:&quot;px&quot;,&quot;size&quot;:10,&quot;sizes&quot;:[]},&quot;link_to&quot;:&quot;file&quot;,&quot;overlay_background&quot;:&quot;yes&quot;,&quot;content_hover_animation&quot;:&quot;fade-in&quot;}\" data-widget_type=\"gallery.default\">\n\t\t\t\t\t\t\t<div class=\"elementor-gallery__container\">\n\t\t\t\t\t\t\t<a class=\"e-gallery-item elementor-gallery-item elementor-animated-content\" href=\"https:\/\/lovesleepee.com\/wp-content\/uploads\/2025\/02\/table-1.png\" data-elementor-open-lightbox=\"yes\" data-elementor-lightbox-slideshow=\"f11a984\" data-elementor-lightbox-title=\"table (1)\" data-e-action-hash=\"#elementor-action%3Aaction%3Dlightbox%26settings%3DeyJpZCI6ODQzNiwidXJsIjoiaHR0cHM6XC9cL2xvdmVzbGVlcGVlLmNvbVwvd3AtY29udGVudFwvdXBsb2Fkc1wvMjAyNVwvMDJcL3RhYmxlLTEucG5nIiwic2xpZGVzaG93IjoiZjExYTk4NCJ9\">\n\t\t\t\t\t<div class=\"e-gallery-image elementor-gallery-item__image\" data-thumbnail=\"https:\/\/lovesleepee.com\/wp-content\/uploads\/2025\/02\/table-1-768x432.png\" data-width=\"768\" data-height=\"432\" aria-label=\"\" role=\"img\" ><\/div>\n\t\t\t\t\t\t\t\t\t\t\t<div class=\"elementor-gallery-item__overlay\"><\/div>\n\t\t\t\t\t\t\t\t\t\t\t\t\t\t<\/a>\n\t\t\t\t\t\t\t<a class=\"e-gallery-item elementor-gallery-item elementor-animated-content\" href=\"https:\/\/lovesleepee.com\/wp-content\/uploads\/2025\/02\/graphics-size_xs.png\" data-elementor-open-lightbox=\"yes\" data-elementor-lightbox-slideshow=\"f11a984\" data-elementor-lightbox-title=\"graphics size_xs\" data-e-action-hash=\"#elementor-action%3Aaction%3Dlightbox%26settings%3DeyJpZCI6ODQzNywidXJsIjoiaHR0cHM6XC9cL2xvdmVzbGVlcGVlLmNvbVwvd3AtY29udGVudFwvdXBsb2Fkc1wvMjAyNVwvMDJcL2dyYXBoaWNzLXNpemVfeHMucG5nIiwic2xpZGVzaG93IjoiZjExYTk4NCJ9\">\n\t\t\t\t\t<div class=\"e-gallery-image elementor-gallery-item__image\" data-thumbnail=\"https:\/\/lovesleepee.com\/wp-content\/uploads\/2025\/02\/graphics-size_xs-768x768.png\" data-width=\"768\" data-height=\"768\" aria-label=\"\" role=\"img\" ><\/div>\n\t\t\t\t\t\t\t\t\t\t\t<div class=\"elementor-gallery-item__overlay\"><\/div>\n\t\t\t\t\t\t\t\t\t\t\t\t\t\t<\/a>\n\t\t\t\t\t\t\t<a class=\"e-gallery-item elementor-gallery-item elementor-animated-content\" href=\"https:\/\/lovesleepee.com\/wp-content\/uploads\/2025\/02\/graphics-size-s-m.png\" data-elementor-open-lightbox=\"yes\" data-elementor-lightbox-slideshow=\"f11a984\" data-elementor-lightbox-title=\"graphics size s-m\" data-e-action-hash=\"#elementor-action%3Aaction%3Dlightbox%26settings%3DeyJpZCI6ODQzOCwidXJsIjoiaHR0cHM6XC9cL2xvdmVzbGVlcGVlLmNvbVwvd3AtY29udGVudFwvdXBsb2Fkc1wvMjAyNVwvMDJcL2dyYXBoaWNzLXNpemUtcy1tLnBuZyIsInNsaWRlc2hvdyI6ImYxMWE5ODQifQ%3D%3D\">\n\t\t\t\t\t<div class=\"e-gallery-image elementor-gallery-item__image\" data-thumbnail=\"https:\/\/lovesleepee.com\/wp-content\/uploads\/2025\/02\/graphics-size-s-m-768x768.png\" data-width=\"768\" data-height=\"768\" aria-label=\"\" role=\"img\" ><\/div>\n\t\t\t\t\t\t\t\t\t\t\t<div class=\"elementor-gallery-item__overlay\"><\/div>\n\t\t\t\t\t\t\t\t\t\t\t\t\t\t<\/a>\n\t\t\t\t\t<\/div>\n\t\t\t\t\t<\/div>\n\t\t\t\t\t<\/div>\n\t\t\t\t<\/div>\n\t\t\t\t<\/div>\n\t\t<\/p>","protected":false},"excerpt":{"rendered":"<p><iframe title=\"Lecteur vid\u00e9o YouTube\" src=\"https:\/\/www.youtube.com\/embed\/YomTw2gO0ZU?si=jS2hrTEDE_NCjpH_\" width=\"560\" height=\"315\" frameborder=\"0\" allowfullscreen=\"allowfullscreen\"><\/iframe><\/p>","protected":false},"featured_media":4565,"comment_status":"closed","ping_status":"closed","template":"","meta":[],"product_brand":[],"product_cat":[798,799,787,793],"product_tag":[],"class_list":{"0":"post-14439","1":"product","2":"type-product","3":"status-publish","4":"has-post-thumbnail","6":"product_cat-muslin-with-legs","7":"product_cat-muslin-with-legs-s","8":"product_cat-sleeping-bags","9":"product_cat-sleeping-suits","10":"pa_age-from-1-year","11":"pa_age-from-3-years","12":"pa_age-group-1-year-2-years","13":"pa_age-to-2-years","14":"pa_age-to-5-years","15":"pa_collection-summer","16":"pa_color-beige","17":"pa_color-blue","18":"pa_color-green","19":"pa_color-grey","20":"pa_color-grrey","21":"pa_color-pink","22":"pa_fabric-muslin","23":"pa_marker-bestseller","24":"pa_marker-spring-summer","25":"pa_pattern-dark-grey","26":"pa_pattern-ocean-green","27":"pa_pattern-petrol","28":"pa_pattern-rose","29":"pa_pattern-sand","30":"pa_producer-sleepee","31":"pa_product-type-muslin-sleeping-bag-with-legs-m","32":"pa_product-type-muslin-sleeping-bag-with-legs-s","33":"pa_style-two-sided","34":"pa_unit-pcs","36":"first","37":"onbackorder","38":"purchasable","39":"product-type-variable","40":"wvs-archive-product-wrapper"},"_links":{"self":[{"href":"https:\/\/lovesleepee.com\/fr\/wp-json\/wp\/v2\/product\/14439","targetHints":{"allow":["GET"]}}],"collection":[{"href":"https:\/\/lovesleepee.com\/fr\/wp-json\/wp\/v2\/product"}],"about":[{"href":"https:\/\/lovesleepee.com\/fr\/wp-json\/wp\/v2\/types\/product"}],"replies":[{"embeddable":true,"href":"https:\/\/lovesleepee.com\/fr\/wp-json\/wp\/v2\/comments?post=14439"}],"wp:featuredmedia":[{"embeddable":true,"href":"https:\/\/lovesleepee.com\/fr\/wp-json\/wp\/v2\/media\/4565"}],"wp:attachment":[{"href":"https:\/\/lovesleepee.com\/fr\/wp-json\/wp\/v2\/media?parent=14439"}],"wp:term":[{"taxonomy":"product_brand","embeddable":true,"href":"https:\/\/lovesleepee.com\/fr\/wp-json\/wp\/v2\/product_brand?post=14439"},{"taxonomy":"product_cat","embeddable":true,"href":"https:\/\/lovesleepee.com\/fr\/wp-json\/wp\/v2\/product_cat?post=14439"},{"taxonomy":"product_tag","embeddable":true,"href":"https:\/\/lovesleepee.com\/fr\/wp-json\/wp\/v2\/product_tag?post=14439"}],"curies":[{"name":"wp","href":"https:\/\/api.w.org\/{rel}","templated":true}]}}