{"id":14421,"date":"2024-05-26T11:31:00","date_gmt":"2024-05-26T09:31:00","guid":{"rendered":"https:\/\/lovesleepee.com\/product\/newborn-sleeping-bag-bloom\/"},"modified":"2026-02-16T07:29:29","modified_gmt":"2026-02-16T06:29:29","slug":"gigoteuse-pour-nouveau-ne-bloom","status":"publish","type":"product","link":"https:\/\/lovesleepee.com\/fr\/produits\/gigoteuse-pour-nouveau-ne-bloom\/","title":{"rendered":"Sac de couchage NewBorn"},"content":{"rendered":"<h2>Housse de couchage pour nouveau-n\u00e9 - un sommeil s\u00fbr et doux d\u00e8s le premier jour<\/h2>\n<p>Le <strong>Sac de couchage pour nouveau-n\u00e9 Sleepee<\/strong> est sp\u00e9cialement con\u00e7u pour les b\u00e9b\u00e9s les plus jeunes, du premier jour de vie jusqu'\u00e0 environ 4 mois. Fabriqu\u00e9 en coton respirant et con\u00e7u pour la facilit\u00e9, il offre une solution de sommeil s\u00fbre et apaisante pour les b\u00e9b\u00e9s et les parents.<\/p>\n<h2>Pourquoi choisir une gigoteuse pour votre nouveau-n\u00e9 ?<\/h2>\n<p>Le pr\u00e9sent <strong>sac de couchage pour nouveau-n\u00e9s<\/strong> aide \u00e0 r\u00e9guler naturellement la temp\u00e9rature de votre b\u00e9b\u00e9 tout en \u00e9liminant les risques associ\u00e9s aux couvertures flottantes dans le lit. Il permet \u00e0 votre b\u00e9b\u00e9 d'\u00eatre couvert en toute s\u00e9curit\u00e9 pendant toute la nuit, sans surchauffer ni se d\u00e9couvrir.<\/p>\n<h2>Un design bien pens\u00e9 pour un confort de jour comme de nuit<\/h2>\n<ul>\n<li><strong>100% coton respirant<\/strong> - doux, naturel et thermor\u00e9gulateur<\/li>\n<li><strong>Cote TOG :<\/strong> Id\u00e9al pour maintenir une temp\u00e9rature corporelle stable<\/li>\n<li><strong>Fermeture \u00e0 glissi\u00e8re double face<\/strong> - Changements de couches nocturnes faciles sans r\u00e9veiller b\u00e9b\u00e9<\/li>\n<li><strong>Manches amovibles en velcro<\/strong> - d\u00e9coller ou ajuster rapidement sans perturbation<\/li>\n<li><strong>Protection de l'encolure<\/strong> - pr\u00e9vient l'irritation de la peau au contact des fermetures \u00e0 glissi\u00e8re<\/li>\n<\/ul>\n<h2>Libert\u00e9 de mouvement, sans risque de se d\u00e9couvrir<\/h2>\n<p>Le <strong>coupe spacieuse et flexible<\/strong> de la gigoteuse permet les mouvements naturels de l'enfant tout en le gardant bien envelopp\u00e9. Que votre b\u00e9b\u00e9 s'\u00e9tire, gigote ou reste immobile, le sac de couchage reste en place et le garde en s\u00e9curit\u00e9.<\/p>\n<h2>Avantages pour le b\u00e9b\u00e9 et les parents<\/h2>\n<ul>\n<li>Votre b\u00e9b\u00e9 reste couvert toute la nuit - pas besoin d'ajuster les couvertures.<\/li>\n<li>R\u00e9duit le risque de se couvrir le visage et de s'\u00e9touffer<\/li>\n<li>Aide \u00e0 \u00e9tablir des routines de sommeil saines d\u00e8s les premi\u00e8res semaines<\/li>\n<li>Les parents ont l'esprit tranquille et b\u00e9n\u00e9ficient d'un sommeil de meilleure qualit\u00e9.<\/li>\n<\/ul>\n<h2>D\u00e9tails du produit<\/h2>\n<ul>\n<li><strong>L'\u00e2ge :<\/strong> De 0 \u00e0 environ 4 mois<\/li>\n<li><strong>Mat\u00e9riau :<\/strong> 100% coton respirant<\/li>\n<li><strong>Fermeture :<\/strong> Fermeture \u00e0 glissi\u00e8re double face avec patte de cou<\/li>\n<li><strong>Manches :<\/strong> Amovible par velcro<\/li>\n<li><strong>Certifications :<\/strong> Oeko-Tex Standard 100 Class I - sans danger pour les nouveau-n\u00e9s<\/li>\n<li><strong>Fabriqu\u00e9 en :<\/strong> Union europ\u00e9enne<\/li>\n<\/ul>\n<h2>Conseil aux parents pour un sommeil paisible<\/h2>\n<p>Habillez votre b\u00e9b\u00e9 d'un body l\u00e9ger ou d'un pyjama sous la gigoteuse, en fonction de la temp\u00e9rature ambiante. Le coton respirant fera le reste - offrant confort, chaleur et s\u00e9curit\u00e9 tout au long de la nuit. Int\u00e9grez la gigoteuse \u00e0 votre routine du coucher pour aider votre b\u00e9b\u00e9 \u00e0 associer la gigoteuse \u00e0 un sommeil calme et s\u00fbr.<\/p>\n<p>Le <strong>Sac de couchage pour nouveau-n\u00e9 Sleepee<\/strong> est le point de d\u00e9part id\u00e9al pour un sommeil s\u00fbr et r\u00e9parateur - pour b\u00e9b\u00e9 et pour vous.<\/p>\n\t\t\t<link rel=\"stylesheet\" id=\"elementor-post-8475-css\" href=\"https:\/\/lovesleepee.com\/wp-content\/uploads\/elementor\/css\/post-8475.css?ver=1778220384\" type=\"text\/css\" media=\"all\">\n\t\t\t\t\t<div data-elementor-type=\"wp-post\" data-elementor-id=\"8475\" class=\"elementor elementor-8475\" data-elementor-post-type=\"cms_block\">\n\t\t\t\t<div class=\"wd-negative-gap elementor-element elementor-element-cea10f7 e-flex e-con-boxed e-con e-parent\" data-id=\"cea10f7\" data-element_type=\"container\" data-e-type=\"container\">\n\t\t\t\t\t<div class=\"e-con-inner\">\n\t\t\t\t<div class=\"elementor-element elementor-element-f61e7df elementor-widget elementor-widget-gallery\" data-id=\"f61e7df\" data-element_type=\"widget\" data-e-type=\"widget\" data-settings=\"{&quot;gallery_layout&quot;:&quot;justified&quot;,&quot;ideal_row_height&quot;:{&quot;unit&quot;:&quot;px&quot;,&quot;size&quot;:245,&quot;sizes&quot;:[]},&quot;lazyload&quot;:&quot;yes&quot;,&quot;ideal_row_height_tablet&quot;:{&quot;unit&quot;:&quot;px&quot;,&quot;size&quot;:150,&quot;sizes&quot;:[]},&quot;ideal_row_height_mobile&quot;:{&quot;unit&quot;:&quot;px&quot;,&quot;size&quot;:150,&quot;sizes&quot;:[]},&quot;gap&quot;:{&quot;unit&quot;:&quot;px&quot;,&quot;size&quot;:10,&quot;sizes&quot;:[]},&quot;gap_tablet&quot;:{&quot;unit&quot;:&quot;px&quot;,&quot;size&quot;:10,&quot;sizes&quot;:[]},&quot;gap_mobile&quot;:{&quot;unit&quot;:&quot;px&quot;,&quot;size&quot;:10,&quot;sizes&quot;:[]},&quot;link_to&quot;:&quot;file&quot;,&quot;overlay_background&quot;:&quot;yes&quot;,&quot;content_hover_animation&quot;:&quot;fade-in&quot;}\" data-widget_type=\"gallery.default\">\n\t\t\t\t\t\t\t<div class=\"elementor-gallery__container\">\n\t\t\t\t\t\t\t<a class=\"e-gallery-item elementor-gallery-item elementor-animated-content\" href=\"https:\/\/lovesleepee.com\/wp-content\/uploads\/2025\/02\/tabelka-1.png\" data-elementor-open-lightbox=\"yes\" data-elementor-lightbox-slideshow=\"f61e7df\" data-elementor-lightbox-title=\"tabelka (1)\" data-e-action-hash=\"#elementor-action%3Aaction%3Dlightbox%26settings%3DeyJpZCI6ODQzNCwidXJsIjoiaHR0cHM6XC9cL2xvdmVzbGVlcGVlLmNvbVwvd3AtY29udGVudFwvdXBsb2Fkc1wvMjAyNVwvMDJcL3RhYmVsa2EtMS5wbmciLCJzbGlkZXNob3ciOiJmNjFlN2RmIn0%3D\">\n\t\t\t\t\t<div class=\"e-gallery-image elementor-gallery-item__image\" data-thumbnail=\"https:\/\/lovesleepee.com\/wp-content\/uploads\/2025\/02\/tabelka-1-768x432.png\" data-width=\"768\" data-height=\"432\" aria-label=\"\" role=\"img\" ><\/div>\n\t\t\t\t\t\t\t\t\t\t\t<div class=\"elementor-gallery-item__overlay\"><\/div>\n\t\t\t\t\t\t\t\t\t\t\t\t\t\t<\/a>\n\t\t\t\t\t\t\t<a class=\"e-gallery-item elementor-gallery-item elementor-animated-content\" href=\"https:\/\/lovesleepee.com\/wp-content\/uploads\/2025\/02\/grafika-newborn.png\" data-elementor-open-lightbox=\"yes\" data-elementor-lightbox-slideshow=\"f61e7df\" data-elementor-lightbox-title=\"grafika newborn\" data-e-action-hash=\"#elementor-action%3Aaction%3Dlightbox%26settings%3DeyJpZCI6ODQzNSwidXJsIjoiaHR0cHM6XC9cL2xvdmVzbGVlcGVlLmNvbVwvd3AtY29udGVudFwvdXBsb2Fkc1wvMjAyNVwvMDJcL2dyYWZpa2EtbmV3Ym9ybi5wbmciLCJzbGlkZXNob3ciOiJmNjFlN2RmIn0%3D\">\n\t\t\t\t\t<div class=\"e-gallery-image elementor-gallery-item__image\" data-thumbnail=\"https:\/\/lovesleepee.com\/wp-content\/uploads\/2025\/02\/grafika-newborn-768x768.png\" data-width=\"768\" data-height=\"768\" aria-label=\"\" role=\"img\" ><\/div>\n\t\t\t\t\t\t\t\t\t\t\t<div class=\"elementor-gallery-item__overlay\"><\/div>\n\t\t\t\t\t\t\t\t\t\t\t\t\t\t<\/a>\n\t\t\t\t\t<\/div>\n\t\t\t\t\t<\/div>\n\t\t\t\t\t<\/div>\n\t\t\t\t<\/div>\n\t\t\t\t<\/div>","protected":false},"excerpt":{"rendered":"<p><iframe width=\"560\" height=\"315\" src=\"https:\/\/www.youtube.com\/embed\/8QJurCJ33vs?si=DFnYdWBfkxAv0b6n\" title=\"Lecteur vid\u00e9o YouTube\" frameborder=\"0\" allow=\"accelerometer; autoplay; clipboard-write; encrypted-media; gyroscope; picture-in-picture; web-share\" referrerpolicy=\"strict-origin-when-cross-origin\" allowfullscreen><\/iframe><\/p>","protected":false},"featured_media":4144,"comment_status":"closed","ping_status":"closed","template":"","meta":[],"product_brand":[],"product_cat":[789,787],"product_tag":[],"class_list":{"0":"post-14421","1":"product","2":"type-product","3":"status-publish","4":"has-post-thumbnail","6":"product_cat-newborn-sleeping-bag","7":"product_cat-sleeping-bags","8":"pa_age-group-0-4-months","9":"pa_age-to-4-months","10":"pa_collection-bohemian","11":"pa_collection-essential","12":"pa_collection-vintage-animals","13":"pa_color-beige","14":"pa_color-blue","15":"pa_color-dots","16":"pa_color-green","17":"pa_color-white","18":"pa_fabric-100-cotton","19":"pa_marker-bestseller","20":"pa_pattern-bloom","21":"pa_pattern-dots","22":"pa_pattern-eukaliptus","23":"pa_pattern-green","24":"pa_pattern-ivory-forest","25":"pa_pattern-sand","26":"pa_pattern-sky-blue","27":"pa_producer-sleepee","28":"pa_product-type-newborn-sleeping-bag","29":"pa_style-with-patterns","30":"pa_unit-pcs","32":"first","33":"instock","34":"purchasable","35":"product-type-variable","36":"wvs-archive-product-wrapper"},"_links":{"self":[{"href":"https:\/\/lovesleepee.com\/fr\/wp-json\/wp\/v2\/product\/14421","targetHints":{"allow":["GET"]}}],"collection":[{"href":"https:\/\/lovesleepee.com\/fr\/wp-json\/wp\/v2\/product"}],"about":[{"href":"https:\/\/lovesleepee.com\/fr\/wp-json\/wp\/v2\/types\/product"}],"replies":[{"embeddable":true,"href":"https:\/\/lovesleepee.com\/fr\/wp-json\/wp\/v2\/comments?post=14421"}],"wp:featuredmedia":[{"embeddable":true,"href":"https:\/\/lovesleepee.com\/fr\/wp-json\/wp\/v2\/media\/4144"}],"wp:attachment":[{"href":"https:\/\/lovesleepee.com\/fr\/wp-json\/wp\/v2\/media?parent=14421"}],"wp:term":[{"taxonomy":"product_brand","embeddable":true,"href":"https:\/\/lovesleepee.com\/fr\/wp-json\/wp\/v2\/product_brand?post=14421"},{"taxonomy":"product_cat","embeddable":true,"href":"https:\/\/lovesleepee.com\/fr\/wp-json\/wp\/v2\/product_cat?post=14421"},{"taxonomy":"product_tag","embeddable":true,"href":"https:\/\/lovesleepee.com\/fr\/wp-json\/wp\/v2\/product_tag?post=14421"}],"curies":[{"name":"wp","href":"https:\/\/api.w.org\/{rel}","templated":true}]}}