{"id":14414,"date":"2024-05-26T11:31:00","date_gmt":"2024-05-26T09:31:00","guid":{"rendered":"https:\/\/lovesleepee.com\/product\/grow-up-sleeping-bag-bloom\/"},"modified":"2026-02-16T07:29:25","modified_gmt":"2026-02-16T06:29:25","slug":"gigoteuse-grow-up-bloom","status":"publish","type":"product","link":"https:\/\/lovesleepee.com\/fr\/produits\/gigoteuse-grow-up-bloom\/","title":{"rendered":"Sac de couchage Grow Up"},"content":{"rendered":"<h2>Gigoteuse r\u00e9glable - grandit avec votre enfant de 0 \u00e0 24 mois<\/h2>\n<p>Le <strong>Sac de couchage Sleepee Grow Up<\/strong> est une solution intelligente et \u00e0 long terme pour un sommeil paisible et s\u00fbr. Con\u00e7u pour s'adapter \u00e0 la croissance de votre b\u00e9b\u00e9, ce <strong>sac de couchage r\u00e9glable<\/strong> convient aux nouveau-n\u00e9s et aux tout-petits jusqu'\u00e0 2 ans, ce qui \u00e9vite d'avoir \u00e0 acheter plusieurs tailles au fur et \u00e0 mesure que l'enfant grandit.<\/p>\n<h2>Un sac de couchage, deux ans de confort<\/h2>\n<p>Le pr\u00e9sent <strong>sac de couchage \"grow-with-me<\/strong> comporte des boutons-pression astucieux \u00e0 l'arri\u00e8re qui permettent de raccourcir ou d'allonger le sac en fonction de la taille de l'enfant. Des boutons-pression suppl\u00e9mentaires aux emmanchures permettent d'ajuster le sac aux \u00e9paules de votre b\u00e9b\u00e9, pour un confort et une chaleur optimaux \u00e0 chaque \u00e9tape de sa vie.<\/p>\n<h2>S\u00fbr, respirant et class\u00e9 TOG 2.5<\/h2>\n<p>Fabriqu\u00e9 \u00e0 partir de <strong>100% coton respirant<\/strong>Le sac de couchage maintient une temp\u00e9rature corporelle stable, gardant votre b\u00e9b\u00e9 au chaud sans risque de surchauffe. Avec un <strong>Note TOG de 2,5<\/strong>Il est donc id\u00e9al pour une utilisation tout au long de l'ann\u00e9e dans des pi\u00e8ces dont la temp\u00e9rature est comprise entre 18\u00b0C et 22\u00b0C. De plus, le tissu est <strong>Certifi\u00e9 Oeko-Tex Standard 100 Class I<\/strong>Ce qui signifie qu'il est exempt de substances nocives et qu'il est parfaitement s\u00fbr pour les peaux d\u00e9licates.<\/p>\n<h2>Con\u00e7u pour \u00eatre pratique et facile \u00e0 utiliser la nuit<\/h2>\n<p>Les parents appr\u00e9cieront la <strong>fermeture \u00e0 glissi\u00e8re double face<\/strong> qui permet de changer rapidement et facilement les couches pendant la nuit, sans r\u00e9veiller votre b\u00e9b\u00e9. Le <strong>Manches fix\u00e9es par velcro<\/strong> sont enti\u00e8rement amovibles, ce qui vous permet d'adapter le sac de couchage \u00e0 la temp\u00e9rature de la pi\u00e8ce. Une languette de protection \u00e0 l'encolure emp\u00eache la fermeture \u00e9clair d'irriter le cou ou le menton de votre b\u00e9b\u00e9.<\/p>\n<h2>Libert\u00e9 de se d\u00e9placer, mais pas de se d\u00e9couvrir<\/h2>\n<p>Gr\u00e2ce \u00e0 sa conception spacieuse, cette <strong>sac de couchage pour les tout-petits<\/strong> permet aux b\u00e9b\u00e9s de donner des coups de pied, de rouler et de s'asseoir confortablement, tout en les emp\u00eachant de se d\u00e9faire de leur couverture pendant le sommeil. Il favorise des habitudes de sommeil saines, aide les b\u00e9b\u00e9s \u00e0 se sentir en s\u00e9curit\u00e9 et permet aux parents d'avoir l'esprit tranquille tout au long de la nuit.<\/p>\n<h2>Avantages pour les parents<\/h2>\n<ul>\n<li>Plus besoin de se r\u00e9veiller pour v\u00e9rifier si votre b\u00e9b\u00e9 est couvert<\/li>\n<li>R\u00e9duit le risque de se couvrir le visage avec des couvertures flottantes<\/li>\n<li>Encourager des routines coh\u00e9rentes \u00e0 l'heure du coucher<\/li>\n<li>\u00c9limine la n\u00e9cessit\u00e9 de racheter des sacs de couchage plus grands<\/li>\n<\/ul>\n<h2>D\u00e9tails du produit<\/h2>\n<ul>\n<li><strong>Utiliser :<\/strong> De 0 \u00e0 environ 24 mois<\/li>\n<li><strong>Mat\u00e9riau :<\/strong> 100% coton respirant<\/li>\n<li><strong>Cote TOG :<\/strong> 2,5 - id\u00e9al pour la plupart des saisons<\/li>\n<li><strong>Caract\u00e9ristiques :<\/strong> Longueur r\u00e9glable, manches amovibles, fermeture \u00e0 glissi\u00e8re double face, languette de s\u00e9curit\u00e9 au niveau du cou<\/li>\n<li><strong>Certifications :<\/strong> Oeko-Tex Standard 100 Classe I<\/li>\n<li><strong>Fabriqu\u00e9 en :<\/strong> Union europ\u00e9enne (fabrication artisanale)<\/li>\n<\/ul>\n<h2>Conseils pour de meilleures habitudes de sommeil<\/h2>\n<p>Utilisez syst\u00e9matiquement le sac de couchage dans le cadre de la routine du coucher de votre b\u00e9b\u00e9. Habillez votre b\u00e9b\u00e9 d'une grenouill\u00e8re respirante ou d'un body \u00e0 manches longues en fonction de la temp\u00e9rature ambiante, et surveillez son dos ou son cou (pas ses mains ou ses pieds) pour savoir s'il a trop chaud ou trop froid.<\/p>\n<p>Le <strong>Sac de couchage Sleepee Grow Up<\/strong> est la solution ultime pour un sommeil durable, s\u00fbr et sans souci - de la premi\u00e8re sieste \u00e0 l'\u00e2ge de la petite enfance.<\/p>\n<p><iframe width=\"560\" height=\"315\" frameborder=\"0\"><\/iframe><\/p>\n<div class=\"box loading\"><div class=\"woocommerce\"><\/div><\/div>\n\t\t\t<link rel=\"stylesheet\" id=\"elementor-post-8472-css\" href=\"https:\/\/lovesleepee.com\/wp-content\/uploads\/elementor\/css\/post-8472.css?ver=1778215166\" type=\"text\/css\" media=\"all\">\n\t\t\t\t\t<div data-elementor-type=\"wp-post\" data-elementor-id=\"8472\" class=\"elementor elementor-8472\" data-elementor-post-type=\"cms_block\">\n\t\t\t\t<div class=\"wd-negative-gap elementor-element elementor-element-20ac35b e-flex e-con-boxed e-con e-parent\" data-id=\"20ac35b\" data-element_type=\"container\" data-e-type=\"container\">\n\t\t\t\t\t<div class=\"e-con-inner\">\n\t\t\t\t<div class=\"elementor-element elementor-element-66526ec elementor-widget elementor-widget-gallery\" data-id=\"66526ec\" data-element_type=\"widget\" data-e-type=\"widget\" data-settings=\"{&quot;gallery_layout&quot;:&quot;justified&quot;,&quot;ideal_row_height&quot;:{&quot;unit&quot;:&quot;px&quot;,&quot;size&quot;:233,&quot;sizes&quot;:[]},&quot;lazyload&quot;:&quot;yes&quot;,&quot;ideal_row_height_tablet&quot;:{&quot;unit&quot;:&quot;px&quot;,&quot;size&quot;:150,&quot;sizes&quot;:[]},&quot;ideal_row_height_mobile&quot;:{&quot;unit&quot;:&quot;px&quot;,&quot;size&quot;:150,&quot;sizes&quot;:[]},&quot;gap&quot;:{&quot;unit&quot;:&quot;px&quot;,&quot;size&quot;:10,&quot;sizes&quot;:[]},&quot;gap_tablet&quot;:{&quot;unit&quot;:&quot;px&quot;,&quot;size&quot;:10,&quot;sizes&quot;:[]},&quot;gap_mobile&quot;:{&quot;unit&quot;:&quot;px&quot;,&quot;size&quot;:10,&quot;sizes&quot;:[]},&quot;link_to&quot;:&quot;file&quot;,&quot;overlay_background&quot;:&quot;yes&quot;,&quot;content_hover_animation&quot;:&quot;fade-in&quot;}\" data-widget_type=\"gallery.default\">\n\t\t\t\t\t\t\t<div class=\"elementor-gallery__container\">\n\t\t\t\t\t\t\t<a class=\"e-gallery-item elementor-gallery-item elementor-animated-content\" href=\"https:\/\/lovesleepee.com\/wp-content\/uploads\/2025\/02\/tabelka.png\" data-elementor-open-lightbox=\"yes\" data-elementor-lightbox-slideshow=\"66526ec\" data-elementor-lightbox-title=\"tabelka\" data-e-action-hash=\"#elementor-action%3Aaction%3Dlightbox%26settings%3DeyJpZCI6ODQzMiwidXJsIjoiaHR0cHM6XC9cL2xvdmVzbGVlcGVlLmNvbVwvd3AtY29udGVudFwvdXBsb2Fkc1wvMjAyNVwvMDJcL3RhYmVsa2EucG5nIiwic2xpZGVzaG93IjoiNjY1MjZlYyJ9\">\n\t\t\t\t\t<div class=\"e-gallery-image elementor-gallery-item__image\" data-thumbnail=\"https:\/\/lovesleepee.com\/wp-content\/uploads\/2025\/02\/tabelka-768x432.png\" data-width=\"768\" data-height=\"432\" aria-label=\"\" role=\"img\" ><\/div>\n\t\t\t\t\t\t\t\t\t\t\t<div class=\"elementor-gallery-item__overlay\"><\/div>\n\t\t\t\t\t\t\t\t\t\t\t\t\t\t<\/a>\n\t\t\t\t\t\t\t<a class=\"e-gallery-item elementor-gallery-item elementor-animated-content\" href=\"https:\/\/lovesleepee.com\/wp-content\/uploads\/2025\/02\/grafika-grow-up.png\" data-elementor-open-lightbox=\"yes\" data-elementor-lightbox-slideshow=\"66526ec\" data-elementor-lightbox-title=\"grafika-grow-up\" data-e-action-hash=\"#elementor-action%3Aaction%3Dlightbox%26settings%3DeyJpZCI6ODQzMywidXJsIjoiaHR0cHM6XC9cL2xvdmVzbGVlcGVlLmNvbVwvd3AtY29udGVudFwvdXBsb2Fkc1wvMjAyNVwvMDJcL2dyYWZpa2EtZ3Jvdy11cC5wbmciLCJzbGlkZXNob3ciOiI2NjUyNmVjIn0%3D\">\n\t\t\t\t\t<div class=\"e-gallery-image elementor-gallery-item__image\" data-thumbnail=\"https:\/\/lovesleepee.com\/wp-content\/uploads\/2025\/02\/grafika-grow-up-768x768.png\" data-width=\"768\" data-height=\"768\" aria-label=\"\" role=\"img\" ><\/div>\n\t\t\t\t\t\t\t\t\t\t\t<div class=\"elementor-gallery-item__overlay\"><\/div>\n\t\t\t\t\t\t\t\t\t\t\t\t\t\t<\/a>\n\t\t\t\t\t<\/div>\n\t\t\t\t\t<\/div>\n\t\t\t\t\t<\/div>\n\t\t\t\t<\/div>\n\t\t\t\t<\/div>","protected":false},"excerpt":{"rendered":"<p><iframe width=\"560\" height=\"315\" src=\"https:\/\/www.youtube.com\/embed\/HYmoLMhobvI?si=I2YXIzb8V8COjE1H\" title=\"Lecteur vid\u00e9o YouTube\" frameborder=\"0\" allow=\"accelerometer; autoplay; clipboard-write; encrypted-media; gyroscope; picture-in-picture; web-share\" referrerpolicy=\"strict-origin-when-cross-origin\" allowfullscreen><\/iframe><\/p>","protected":false},"featured_media":4047,"comment_status":"closed","ping_status":"closed","template":"","meta":[],"product_brand":[],"product_cat":[788,787],"product_tag":[],"class_list":{"0":"post-14414","1":"product","2":"type-product","3":"status-publish","4":"has-post-thumbnail","6":"product_cat-grow-up-sleeping-bag","7":"product_cat-sleeping-bags","8":"pa_age-group-newborn","9":"pa_age-to-3-years","10":"pa_collection-bohemian","11":"pa_collection-essential","12":"pa_collection-vintage-animals","13":"pa_color-beige","14":"pa_color-blue","15":"pa_color-dots","16":"pa_color-green","17":"pa_color-white","18":"pa_fabric-100-cotton","19":"pa_marker-bestseller","20":"pa_pattern-bloom","21":"pa_pattern-dots","22":"pa_pattern-eucalyptus","23":"pa_pattern-eukaliptus","24":"pa_pattern-green","25":"pa_pattern-ivory-forest","26":"pa_pattern-sand","27":"pa_pattern-sky-blue","28":"pa_producer-sleepee","29":"pa_product-type-grow-up-sleeping-bag","30":"pa_style-two-sided","31":"pa_unit-pcs","33":"first","34":"instock","35":"purchasable","36":"product-type-variable","37":"wvs-archive-product-wrapper"},"_links":{"self":[{"href":"https:\/\/lovesleepee.com\/fr\/wp-json\/wp\/v2\/product\/14414","targetHints":{"allow":["GET"]}}],"collection":[{"href":"https:\/\/lovesleepee.com\/fr\/wp-json\/wp\/v2\/product"}],"about":[{"href":"https:\/\/lovesleepee.com\/fr\/wp-json\/wp\/v2\/types\/product"}],"replies":[{"embeddable":true,"href":"https:\/\/lovesleepee.com\/fr\/wp-json\/wp\/v2\/comments?post=14414"}],"wp:featuredmedia":[{"embeddable":true,"href":"https:\/\/lovesleepee.com\/fr\/wp-json\/wp\/v2\/media\/4047"}],"wp:attachment":[{"href":"https:\/\/lovesleepee.com\/fr\/wp-json\/wp\/v2\/media?parent=14414"}],"wp:term":[{"taxonomy":"product_brand","embeddable":true,"href":"https:\/\/lovesleepee.com\/fr\/wp-json\/wp\/v2\/product_brand?post=14414"},{"taxonomy":"product_cat","embeddable":true,"href":"https:\/\/lovesleepee.com\/fr\/wp-json\/wp\/v2\/product_cat?post=14414"},{"taxonomy":"product_tag","embeddable":true,"href":"https:\/\/lovesleepee.com\/fr\/wp-json\/wp\/v2\/product_tag?post=14414"}],"curies":[{"name":"wp","href":"https:\/\/api.w.org\/{rel}","templated":true}]}}