{"id":14398,"date":"2024-05-26T11:31:00","date_gmt":"2024-05-26T09:31:00","guid":{"rendered":"https:\/\/lovesleepee.com\/product\/lightwear-sleeping-bag-with-legs-1-2-years-petrol\/"},"modified":"2026-03-06T09:13:53","modified_gmt":"2026-03-06T08:13:53","slug":"sac-de-couchage-lightwear-avec-jambes-1-2-ans-dessence","status":"publish","type":"product","link":"https:\/\/lovesleepee.com\/fr\/produits\/sac-de-couchage-lightwear-avec-jambes-1-2-ans-dessence\/","title":{"rendered":"Sac de couchage Lightwear avec jambes"},"content":{"rendered":"<h2>Sac de couchage Lightwear avec jambes - pour les enfants actifs (1-2 ans)<\/h2>\n<p>Le <strong>sac de couchage l\u00e9ger avec jambes<\/strong> by Sleepee est sp\u00e9cialement con\u00e7u pour les enfants mobiles qui ont besoin de confort et de libert\u00e9 de mouvement pendant la nuit. Id\u00e9al pour l'\u00e9t\u00e9 et les nuits plus chaudes, ce sac de couchage TOG 1,5 permet \u00e0 votre enfant de rester confortablement couvert - sans surchauffe ni coup de pied dans la couverture.<\/p>\n<h2>La libert\u00e9 de mouvement rencontre le confort nocturne<\/h2>\n<p>Cette conception intelligente <strong>sac de couchage avec jambes<\/strong> permet \u00e0 votre enfant de s'\u00e9tirer, de se tourner, de s'asseoir et m\u00eame de marcher si n\u00e9cessaire, tout en restant bien au chaud. Parfait pour les petits qui n'aiment pas se sentir confin\u00e9s, ou qui se r\u00e9veillent \u00e0 cause de couvertures emm\u00eal\u00e9es ou d'un espace restreint pour les jambes.<\/p>\n<h2>Respirant et doux pour les saisons chaudes<\/h2>\n<p>Fabriqu\u00e9 \u00e0 partir d'un m\u00e9lange de <strong>92% coton et 8% \u00e9lasthanne<\/strong>La couche ext\u00e9rieure est respirante et extensible. \u00c0 l'int\u00e9rieur, une fine couche de <strong>non-tiss\u00e9 en silicone<\/strong> offre une isolation l\u00e9g\u00e8re - juste assez pour maintenir votre enfant \u00e0 la bonne temp\u00e9rature pendant les nuits d'\u00e9t\u00e9. La conception \u00e0 jambes ouvertes aide \u00e0 r\u00e9guler la chaleur, tandis que les languettes souples aux chevilles peuvent \u00eatre tir\u00e9es sur les pieds pour plus de chaleur si n\u00e9cessaire.<\/p>\n<h2>Des caract\u00e9ristiques s\u00fbres et pratiques pour les parents<\/h2>\n<p>Le <strong>patte de protection zipp\u00e9e \u00e0 l'encolure<\/strong> garantit que la fermeture \u00e9clair n'irrite pas la peau de votre enfant. La fermeture \u00e9clair sur toute la longueur permet \u00e9galement d'habiller l'enfant et de le changer rapidement et facilement pendant la nuit. Ce sac a \u00e9t\u00e9 cr\u00e9\u00e9 pour combiner <strong>un sommeil paisible pour les parents<\/strong> avec un confort total pour les tout-petits.<\/p>\n<h2>Pourquoi choisir un sac de couchage avec des jambes ?<\/h2>\n<ul>\n<li>Pas de risque que votre enfant se d\u00e9couvre pendant la nuit<\/li>\n<li>Pas de couvertures flottantes sur le visage - un sommeil plus s\u00fbr<\/li>\n<li>Favorise l'ind\u00e9pendance et le mouvement naturel chez les b\u00e9b\u00e9s plus \u00e2g\u00e9s<\/li>\n<li>Aide \u00e0 \u00e9tablir des routines pour l'heure du coucher et des signaux de sommeil coh\u00e9rents<\/li>\n<\/ul>\n<h2>D\u00e9tails du produit<\/h2>\n<ul>\n<li><strong>L'\u00e2ge :<\/strong> 1 \u00e0 2 ans<\/li>\n<li><strong>Taille :<\/strong> 82 \u00d7 35 cm (de l'\u00e9paule au pied)<\/li>\n<li><strong>Cote TOG :<\/strong> 1,5 - id\u00e9al pour des temp\u00e9ratures ambiantes comprises entre 20 et 24\u00b0C<\/li>\n<li><strong>Mat\u00e9riau :<\/strong> 92% coton, 8% \u00e9lasthanne<\/li>\n<li><strong>Garniture :<\/strong> Silicone fleece (l\u00e9ger et respirant)<\/li>\n<li><strong>Soins :<\/strong> Lavage en machine \u00e0 30\u00b0C (d\u00e9licat), essorage maximum de 800. Ne pas blanchir. Ne pas s\u00e9cher au s\u00e8che-linge.<\/li>\n<li><strong>Certifications :<\/strong> Oeko-Tex Standard 100 Classe I<\/li>\n<li><strong>Fabriqu\u00e9 en :<\/strong> Union europ\u00e9enne (fabrication artisanale)<\/li>\n<\/ul>\n<h2>Conseil pour passer d'un sac de couchage classique \u00e0 un autre<\/h2>\n<p>Si votre tout-petit commence \u00e0 r\u00e9sister aux sacs de couchage traditionnels, un sac de couchage avec des jambes est l'\u00e9tape suivante id\u00e9ale. Il offre le confort d'une couverture portable avec la flexibilit\u00e9 dont ils ont besoin lorsqu'ils commencent \u00e0 s'asseoir, \u00e0 ramper et \u00e0 se tenir debout avec plus d'assurance - tout cela sans perdre en chaleur ou en s\u00e9curit\u00e9 pendant la nuit.<\/p>\n<p>Le <strong>Sac de couchage Sleepee lightwear avec jambes<\/strong> combine un design intelligent, des mat\u00e9riaux respirants et un confort total - parfait pour les tout-petits occup\u00e9s et les nuits reposantes.<\/p>\n<p><iframe frameborder=\"0\" height=\"315\" width=\"560\"><\/iframe><\/p>\n<div class=\"box loading\"><div class=\"woocommerce\"><\/div><\/div>\n\t\t\t<link rel=\"stylesheet\" id=\"elementor-post-8478-css\" href=\"https:\/\/lovesleepee.com\/wp-content\/uploads\/elementor\/css\/post-8478.css?ver=1776203939\" type=\"text\/css\" media=\"all\">\n\t\t\t\t\t<div data-elementor-type=\"wp-post\" data-elementor-id=\"8478\" class=\"elementor elementor-8478\" data-elementor-post-type=\"cms_block\">\n\t\t\t\t<div class=\"wd-negative-gap elementor-element elementor-element-abaed21 e-flex e-con-boxed e-con e-parent\" data-id=\"abaed21\" data-element_type=\"container\">\n\t\t\t\t\t<div class=\"e-con-inner\">\n\t\t\t\t<div class=\"elementor-element elementor-element-f11a984 elementor-widget elementor-widget-gallery\" data-id=\"f11a984\" data-element_type=\"widget\" data-settings=\"{&quot;gallery_layout&quot;:&quot;justified&quot;,&quot;ideal_row_height&quot;:{&quot;unit&quot;:&quot;px&quot;,&quot;size&quot;:227,&quot;sizes&quot;:[]},&quot;lazyload&quot;:&quot;yes&quot;,&quot;ideal_row_height_tablet&quot;:{&quot;unit&quot;:&quot;px&quot;,&quot;size&quot;:150,&quot;sizes&quot;:[]},&quot;ideal_row_height_mobile&quot;:{&quot;unit&quot;:&quot;px&quot;,&quot;size&quot;:150,&quot;sizes&quot;:[]},&quot;gap&quot;:{&quot;unit&quot;:&quot;px&quot;,&quot;size&quot;:10,&quot;sizes&quot;:[]},&quot;gap_tablet&quot;:{&quot;unit&quot;:&quot;px&quot;,&quot;size&quot;:10,&quot;sizes&quot;:[]},&quot;gap_mobile&quot;:{&quot;unit&quot;:&quot;px&quot;,&quot;size&quot;:10,&quot;sizes&quot;:[]},&quot;link_to&quot;:&quot;file&quot;,&quot;overlay_background&quot;:&quot;yes&quot;,&quot;content_hover_animation&quot;:&quot;fade-in&quot;}\" data-widget_type=\"gallery.default\">\n\t\t\t\t<div class=\"elementor-widget-container\">\n\t\t\t\t\t\t\t<div class=\"elementor-gallery__container\">\n\t\t\t\t\t\t\t<a class=\"e-gallery-item elementor-gallery-item elementor-animated-content\" href=\"https:\/\/lovesleepee.com\/wp-content\/uploads\/2025\/02\/table-1.png\" data-elementor-open-lightbox=\"yes\" data-elementor-lightbox-slideshow=\"f11a984\" data-elementor-lightbox-title=\"table (1)\" data-e-action-hash=\"#elementor-action%3Aaction%3Dlightbox%26settings%3DeyJpZCI6ODQzNiwidXJsIjoiaHR0cHM6XC9cL2xvdmVzbGVlcGVlLmNvbVwvd3AtY29udGVudFwvdXBsb2Fkc1wvMjAyNVwvMDJcL3RhYmxlLTEucG5nIiwic2xpZGVzaG93IjoiZjExYTk4NCJ9\">\n\t\t\t\t\t<div class=\"e-gallery-image elementor-gallery-item__image\" data-thumbnail=\"https:\/\/lovesleepee.com\/wp-content\/uploads\/2025\/02\/table-1-768x432.png\" data-width=\"768\" data-height=\"432\" aria-label=\"\" role=\"img\" ><\/div>\n\t\t\t\t\t\t\t\t\t\t\t<div class=\"elementor-gallery-item__overlay\"><\/div>\n\t\t\t\t\t\t\t\t\t\t\t\t\t\t<\/a>\n\t\t\t\t\t\t\t<a class=\"e-gallery-item elementor-gallery-item elementor-animated-content\" href=\"https:\/\/lovesleepee.com\/wp-content\/uploads\/2025\/02\/graphics-size_xs.png\" data-elementor-open-lightbox=\"yes\" data-elementor-lightbox-slideshow=\"f11a984\" data-elementor-lightbox-title=\"graphics size_xs\" data-e-action-hash=\"#elementor-action%3Aaction%3Dlightbox%26settings%3DeyJpZCI6ODQzNywidXJsIjoiaHR0cHM6XC9cL2xvdmVzbGVlcGVlLmNvbVwvd3AtY29udGVudFwvdXBsb2Fkc1wvMjAyNVwvMDJcL2dyYXBoaWNzLXNpemVfeHMucG5nIiwic2xpZGVzaG93IjoiZjExYTk4NCJ9\">\n\t\t\t\t\t<div class=\"e-gallery-image elementor-gallery-item__image\" data-thumbnail=\"https:\/\/lovesleepee.com\/wp-content\/uploads\/2025\/02\/graphics-size_xs-768x768.png\" data-width=\"768\" data-height=\"768\" aria-label=\"\" role=\"img\" ><\/div>\n\t\t\t\t\t\t\t\t\t\t\t<div class=\"elementor-gallery-item__overlay\"><\/div>\n\t\t\t\t\t\t\t\t\t\t\t\t\t\t<\/a>\n\t\t\t\t\t\t\t<a class=\"e-gallery-item elementor-gallery-item elementor-animated-content\" href=\"https:\/\/lovesleepee.com\/wp-content\/uploads\/2025\/02\/graphics-size-s-m.png\" data-elementor-open-lightbox=\"yes\" data-elementor-lightbox-slideshow=\"f11a984\" data-elementor-lightbox-title=\"graphics size s-m\" data-e-action-hash=\"#elementor-action%3Aaction%3Dlightbox%26settings%3DeyJpZCI6ODQzOCwidXJsIjoiaHR0cHM6XC9cL2xvdmVzbGVlcGVlLmNvbVwvd3AtY29udGVudFwvdXBsb2Fkc1wvMjAyNVwvMDJcL2dyYXBoaWNzLXNpemUtcy1tLnBuZyIsInNsaWRlc2hvdyI6ImYxMWE5ODQifQ%3D%3D\">\n\t\t\t\t\t<div class=\"e-gallery-image elementor-gallery-item__image\" data-thumbnail=\"https:\/\/lovesleepee.com\/wp-content\/uploads\/2025\/02\/graphics-size-s-m-768x768.png\" data-width=\"768\" data-height=\"768\" aria-label=\"\" role=\"img\" ><\/div>\n\t\t\t\t\t\t\t\t\t\t\t<div class=\"elementor-gallery-item__overlay\"><\/div>\n\t\t\t\t\t\t\t\t\t\t\t\t\t\t<\/a>\n\t\t\t\t\t<\/div>\n\t\t\t\t\t<\/div>\n\t\t\t\t<\/div>\n\t\t\t\t\t<\/div>\n\t\t\t\t<\/div>\n\t\t\t\t<\/div>","protected":false},"excerpt":{"rendered":"<p>Sac de couchage l\u00e9ger avec jambes - pour les tout-petits actifs (1-2 ans) Le sac de couchage l\u00e9ger avec jambes de Sleepee est<\/p>","protected":false},"featured_media":2996,"comment_status":"closed","ping_status":"closed","template":"","meta":[],"product_brand":[],"product_cat":[787,793,794],"product_tag":[],"class_list":{"0":"post-14398","1":"product","2":"type-product","3":"status-publish","4":"has-post-thumbnail","6":"product_cat-sleeping-bags","7":"product_cat-sleeping-suits","8":"product_cat-lightwear-with-legs","9":"pa_age-from-6-months","10":"pa_age-from-1-year","11":"pa_age-from-3-years","12":"pa_age-group-1-year-2-years","13":"pa_age-group-3-years-5-years","14":"pa_age-group-6-months-1-year","15":"pa_age-to-2-years","16":"pa_age-to-1-year","17":"pa_age-to-5-years","18":"pa_collection-summer","19":"pa_color-beige","20":"pa_color-blue","21":"pa_color-green","22":"pa_color-pink","23":"pa_color-grey","24":"pa_fabric-mixed","25":"pa_marker-bestseller","26":"pa_marker-spring-summer","27":"pa_pattern-grey","28":"pa_pattern-rose","29":"pa_pattern-sand","30":"pa_pattern-ocean-green","31":"pa_pattern-petrol","32":"pa_producer-sleepee","33":"pa_product-type-lightwear-sleeping-bag-with-legs-m","34":"pa_product-type-lightwear-sleeping-bag-with-legs-s","35":"pa_product-type-lightwear-sleeping-bag-with-legs-xs","36":"pa_style-smooth","37":"pa_unit-pcs","39":"first","40":"instock","41":"purchasable","42":"product-type-variable","43":"wvs-archive-product-wrapper"},"_links":{"self":[{"href":"https:\/\/lovesleepee.com\/fr\/wp-json\/wp\/v2\/product\/14398","targetHints":{"allow":["GET"]}}],"collection":[{"href":"https:\/\/lovesleepee.com\/fr\/wp-json\/wp\/v2\/product"}],"about":[{"href":"https:\/\/lovesleepee.com\/fr\/wp-json\/wp\/v2\/types\/product"}],"replies":[{"embeddable":true,"href":"https:\/\/lovesleepee.com\/fr\/wp-json\/wp\/v2\/comments?post=14398"}],"wp:featuredmedia":[{"embeddable":true,"href":"https:\/\/lovesleepee.com\/fr\/wp-json\/wp\/v2\/media\/2996"}],"wp:attachment":[{"href":"https:\/\/lovesleepee.com\/fr\/wp-json\/wp\/v2\/media?parent=14398"}],"wp:term":[{"taxonomy":"product_brand","embeddable":true,"href":"https:\/\/lovesleepee.com\/fr\/wp-json\/wp\/v2\/product_brand?post=14398"},{"taxonomy":"product_cat","embeddable":true,"href":"https:\/\/lovesleepee.com\/fr\/wp-json\/wp\/v2\/product_cat?post=14398"},{"taxonomy":"product_tag","embeddable":true,"href":"https:\/\/lovesleepee.com\/fr\/wp-json\/wp\/v2\/product_tag?post=14398"}],"curies":[{"name":"wp","href":"https:\/\/api.w.org\/{rel}","templated":true}]}}