{"id":14388,"date":"2024-05-26T11:31:00","date_gmt":"2024-05-26T09:31:00","guid":{"rendered":"https:\/\/lovesleepee.com\/product\/head-shaping-pillow-royal-baby-pink\/"},"modified":"2026-02-16T17:06:23","modified_gmt":"2026-02-16T16:06:23","slug":"oreiller-modelant-royal-baby-pink","status":"publish","type":"product","link":"https:\/\/lovesleepee.com\/fr\/produits\/oreiller-modelant-royal-baby-pink\/","title":{"rendered":"Oreiller pour le modelage de la t\u00eate Royal Baby"},"content":{"rendered":"<h2>Coussin de t\u00eate pour b\u00e9b\u00e9 - soutien et pr\u00e9vention d\u00e8s le premier jour<\/h2>\n<p>Le <strong>Oreiller Royal Baby Head Shaping<\/strong> est con\u00e7u pour soutenir en douceur la t\u00eate de votre b\u00e9b\u00e9 et aider \u00e0 pr\u00e9venir la plagioc\u00e9phalie positionnelle, plus connue sous le nom de syndrome de la t\u00eate plate. Sa forme ergonomique et ses mat\u00e9riaux souples en font un compl\u00e9ment id\u00e9al pour le confort et les soins quotidiens de votre b\u00e9b\u00e9.<\/p>\n<h2>Pourquoi la pr\u00e9vention des t\u00eates plates est-elle importante ?<\/h2>\n<p>Selon des \u00e9tudes, pr\u00e8s de <strong>1 b\u00e9b\u00e9 sur 2<\/strong> d\u00e9veloppent un certain degr\u00e9 d'aplatissement de la t\u00eate au cours des premiers mois de leur vie, souvent en raison d'une position allong\u00e9e pendant de longues p\u00e9riodes. Ce ph\u00e9nom\u00e8ne est d\u00fb au fait que l'enfant reste allong\u00e9 dans la m\u00eame position pendant de longues p\u00e9riodes. <strong>oreiller de soutien de la t\u00eate<\/strong> aide \u00e0 r\u00e9partir la pression plus uniform\u00e9ment, donnant \u00e0 la t\u00eate de votre b\u00e9b\u00e9 la libert\u00e9 de grandir naturellement et sym\u00e9triquement.<\/p>\n<h2>Conception intelligente avec indentation ergonomique<\/h2>\n<p>L'oreiller est fabriqu\u00e9 en velours ultra-doux et a la forme d'une t\u00eate d'ours en peluche, ce qui lui conf\u00e8re une touche de charme tout en offrant un v\u00e9ritable soutien fonctionnel. L'oreiller est en velours ultra-doux et en forme de t\u00eate d'ourson. <strong>petite indentation au centre<\/strong> berce doucement la t\u00eate de votre b\u00e9b\u00e9, r\u00e9duisant la pression sur l'arri\u00e8re du cr\u00e2ne tout en gardant les c\u00f4t\u00e9s doucement rembourr\u00e9s. Cela permet de prot\u00e9ger la rondeur naturelle de la t\u00eate de votre b\u00e9b\u00e9.<\/p>\n<h2>Un ajustement s\u00e9curis\u00e9 pour un positionnement s\u00fbr<\/h2>\n<p>Deux attaches d'angle vous permettent <strong>fixer l'oreiller<\/strong> dans une poussette, un si\u00e8ge auto, un transat ou un berceau - il reste en place et ne glisse pas pendant que votre b\u00e9b\u00e9 se repose ou voyage. Il est l\u00e9ger, portable et facile \u00e0 int\u00e9grer dans les habitudes quotidiennes.<\/p>\n<h2>Parfait pour la maison et les voyages<\/h2>\n<p>Le pr\u00e9sent <strong>oreiller anti-plat<\/strong> convient d\u00e8s la naissance et peut \u00eatre utilis\u00e9 dans de nombreux accessoires pour b\u00e9b\u00e9s tels que les poussettes, les porte-b\u00e9b\u00e9s, les berceuses ou les transats. Il s'agit \u00e9galement d'un cadeau judicieux pour les nouveaux parents qui souhaitent privil\u00e9gier un d\u00e9veloppement sain d\u00e8s le premier jour.<\/p>\n<h2>D\u00e9tails du produit<\/h2>\n<ul>\n<li><strong>Utiliser :<\/strong> Convient pour les poussettes, les landaus, les transats et les mo\u00efses.<\/li>\n<li><strong>L'\u00e2ge :<\/strong> D\u00e8s la naissance<\/li>\n<li><strong>Mat\u00e9riau :<\/strong> Ext\u00e9rieur en velours doux avec noyau ergonomique en mousse<\/li>\n<li><strong>Caract\u00e9ristiques :<\/strong> Empreinte centrale, sangles d'attache s\u00e9curis\u00e9es, forme d'ours en peluche<\/li>\n<li><strong>Certifications :<\/strong> Oeko-Tex Standard 100 Classe I<\/li>\n<li><strong>Fabriqu\u00e9 en :<\/strong> Union europ\u00e9enne (fabrication artisanale)<\/li>\n<\/ul>\n<h2>Conseil aux parents<\/h2>\n<p>Alternez la position de la t\u00eate de votre b\u00e9b\u00e9 pendant le sommeil et le temps pass\u00e9 sur le ventre pour favoriser son d\u00e9veloppement naturel. Utilisez cet oreiller pendant les siestes surveill\u00e9es, les promenades en poussette ou les p\u00e9riodes de repos, mais respectez toujours les r\u00e8gles de s\u00e9curit\u00e9 en mati\u00e8re de sommeil et retirez l'oreiller pendant les nuits sans surveillance.<\/p>\n<p>Le <strong>Sleepee Royal Baby Head Shaping Pillow (Oreiller modelant pour la t\u00eate de b\u00e9b\u00e9)<\/strong> est un moyen doux et efficace de prot\u00e9ger la forme de la t\u00eate de votre b\u00e9b\u00e9 - combinant soutien, douceur et design intelligent d\u00e8s le premier jour.<\/p>\n<div class=\"box loading\"><div class=\"woocommerce\"><\/div><\/div>","protected":false},"excerpt":{"rendered":"<p><iframe width=\"560\" height=\"315\" src=\"https:\/\/www.youtube.com\/embed\/pPNcqKFhAp4?si=IlwomazLFZ9PZJHQ\" title=\"Lecteur vid\u00e9o YouTube\" frameborder=\"0\" allow=\"accelerometer; autoplay; clipboard-write; encrypted-media; gyroscope; picture-in-picture; web-share\" referrerpolicy=\"strict-origin-when-cross-origin\" allowfullscreen><\/iframe><\/p>","protected":false},"featured_media":3988,"comment_status":"closed","ping_status":"closed","template":"","meta":[],"product_brand":[],"product_cat":[782,784,780],"product_tag":[],"class_list":{"0":"post-14388","1":"product","2":"type-product","3":"status-publish","4":"has-post-thumbnail","6":"product_cat-head-shaping-pillows","7":"product_cat-velour-pillow","8":"product_cat-pillows","9":"pa_age-group-newborn","10":"pa_age-to-3-years","11":"pa_collection-royal-baby","12":"pa_color-beige","13":"pa_color-grey","14":"pa_color-pink","15":"pa_fabric-mixed","16":"pa_marker-bestseller","17":"pa_pattern-grey","18":"pa_pattern-pink","19":"pa_pattern-sand","20":"pa_producer-sleepee","21":"pa_product-type-head-shaping-pillow-royal-baby","22":"pa_style-smooth","23":"pa_unit-pcs","25":"first","26":"instock","27":"purchasable","28":"product-type-variable","29":"wvs-archive-product-wrapper"},"_links":{"self":[{"href":"https:\/\/lovesleepee.com\/fr\/wp-json\/wp\/v2\/product\/14388","targetHints":{"allow":["GET"]}}],"collection":[{"href":"https:\/\/lovesleepee.com\/fr\/wp-json\/wp\/v2\/product"}],"about":[{"href":"https:\/\/lovesleepee.com\/fr\/wp-json\/wp\/v2\/types\/product"}],"replies":[{"embeddable":true,"href":"https:\/\/lovesleepee.com\/fr\/wp-json\/wp\/v2\/comments?post=14388"}],"wp:featuredmedia":[{"embeddable":true,"href":"https:\/\/lovesleepee.com\/fr\/wp-json\/wp\/v2\/media\/3988"}],"wp:attachment":[{"href":"https:\/\/lovesleepee.com\/fr\/wp-json\/wp\/v2\/media?parent=14388"}],"wp:term":[{"taxonomy":"product_brand","embeddable":true,"href":"https:\/\/lovesleepee.com\/fr\/wp-json\/wp\/v2\/product_brand?post=14388"},{"taxonomy":"product_cat","embeddable":true,"href":"https:\/\/lovesleepee.com\/fr\/wp-json\/wp\/v2\/product_cat?post=14388"},{"taxonomy":"product_tag","embeddable":true,"href":"https:\/\/lovesleepee.com\/fr\/wp-json\/wp\/v2\/product_tag?post=14388"}],"curies":[{"name":"wp","href":"https:\/\/api.w.org\/{rel}","templated":true}]}}