{"id":14373,"date":"2024-05-26T11:30:00","date_gmt":"2024-05-26T09:30:00","guid":{"rendered":"https:\/\/lovesleepee.com\/product\/butterfly-pillow-dots\/"},"modified":"2026-02-16T17:14:30","modified_gmt":"2026-02-16T16:14:30","slug":"oreiller-papillon-points","status":"publish","type":"product","link":"https:\/\/lovesleepee.com\/fr\/produits\/oreiller-papillon-points\/","title":{"rendered":"Oreiller papillon"},"content":{"rendered":"<h2>Coussin anti-chocs Butterfly pour b\u00e9b\u00e9 - soutien et protection en douceur<\/h2>\n<p>Le <strong>Oreiller anti-chocs Butterfly<\/strong> by Sleepee est un oreiller sp\u00e9cialement con\u00e7u pour les b\u00e9b\u00e9s qui <strong>soutient la t\u00eate et minimise les chocs<\/strong> pendant les mouvements. Parfait pour les si\u00e8ges auto, les poussettes, les landaus, les si\u00e8ges \u00e0 bascule ou m\u00eame les si\u00e8ges de v\u00e9lo, ce coussin assure le confort de votre b\u00e9b\u00e9 lors de tous ses d\u00e9placements, d\u00e8s les premiers jours de sa vie.<\/p>\n<h3>Con\u00e7u pour r\u00e9duire les micro-chocs<\/h3>\n<p>Le design en forme de papillon aide <strong>absorber les vibrations et les chocs<\/strong> qui se produisent naturellement sur les surfaces in\u00e9gales, telles que les trottoirs, les pav\u00e9s ou les pistes cyclables. Que vous vous promeniez \u00e0 pied, en voiture ou \u00e0 v\u00e9lo, l'oreiller offre un soutien doux et stable qui prot\u00e8ge la t\u00eate et le cou sensibles de votre b\u00e9b\u00e9.<\/p>\n<h3>Fixation s\u00e9curis\u00e9e \u00e0 l'aide de rubans d'angle<\/h3>\n<p>Deux <strong>rubans situ\u00e9s aux angles<\/strong> vous permettent d'attacher facilement l'oreiller \u00e0 un si\u00e8ge auto, une poussette, un berceau ou une chaise \u00e0 bascule. Cela permet de stabiliser la t\u00eate de votre b\u00e9b\u00e9 et d'\u00e9viter que l'oreiller ne glisse pendant les mouvements - id\u00e9al pour les longs trajets ou les siestes en mouvement.<\/p>\n<h3>Grandit avec votre b\u00e9b\u00e9<\/h3>\n<p>Gr\u00e2ce \u00e0 sa conception ergonomique, le <strong>oreiller anti-chocs pour b\u00e9b\u00e9<\/strong> peut \u00eatre utilis\u00e9 d\u00e8s la naissance et au-del\u00e0. Au fur et \u00e0 mesure que votre enfant grandit, il reste utile comme oreiller pour dormir ou comme soutien de t\u00eate suppl\u00e9mentaire dans le landau ou la voiture. Sa forme s'adapte au d\u00e9veloppement de votre b\u00e9b\u00e9, ce qui en fait un compl\u00e9ment durable et pratique \u00e0 votre \u00e9quipement pour b\u00e9b\u00e9.<\/p>\n<h3>Doux, s\u00fbr et de forme parfaite<\/h3>\n<p>L'oreiller est fabriqu\u00e9 \u00e0 partir de <strong>Tissus certifi\u00e9s Oeko-Tex Standard 100 Classe I<\/strong>Il est donc exempt de substances nocives et suffisamment doux pour la peau du nouveau-n\u00e9. Le rembourrage offre un juste \u00e9quilibre entre douceur et fermet\u00e9, maintenant la t\u00eate de votre b\u00e9b\u00e9 dans une position naturelle et confortable.<\/p>\n<h3>D\u00e9tails du produit<\/h3>\n<ul>\n<li><strong>Utiliser :<\/strong> Convient au si\u00e8ge auto, \u00e0 la poussette, au landau, au berceau, \u00e0 la bascule ou au si\u00e8ge de v\u00e9lo.<\/li>\n<li><strong>L'\u00e2ge :<\/strong> D\u00e8s la naissance et au-del\u00e0<\/li>\n<li><strong>Caract\u00e9ristiques :<\/strong> Absorbe les chocs, forme ergonomique, lavable, sans danger pour les nouveau-n\u00e9s.<\/li>\n<li><strong>Fabriqu\u00e9 en :<\/strong> Union europ\u00e9enne (fabrication artisanale)<\/li>\n<li><strong>Mat\u00e9riaux :<\/strong> Tissus certifi\u00e9s - Oeko-Tex Standard 100 Class I<\/li>\n<\/ul>\n<h3>Conseil aux parents<\/h3>\n<p>Pour un confort et une s\u00e9curit\u00e9 optimaux, fixez toujours l'oreiller \u00e0 l'aide des rubans fournis. Utilisez-le surtout pendant les promenades sur terrain cahoteux ou les longs trajets en voiture. C'est aussi un compagnon id\u00e9al pour passer de la poussette \u00e0 la chaise \u00e0 bascule ou au berceau - votre b\u00e9b\u00e9 b\u00e9n\u00e9ficiera d'un soutien constant dans tous les environnements.<\/p>\n<p>Le <strong>Oreiller anti-chocs Sleepee Butterfly<\/strong> est un m\u00e9lange parfait de s\u00e9curit\u00e9, de confort et de design intelligent, offrant \u00e0 votre b\u00e9b\u00e9 un soutien de la t\u00eate tout en douceur, quel que soit l'endroit o\u00f9 vous voyagez.<\/p>\n<div class=\"box loading\"><div class=\"woocommerce\"><\/div><\/div>","protected":false},"excerpt":{"rendered":"<p><iframe width=\"560\" height=\"315\" src=\"https:\/\/www.youtube.com\/embed\/VZSLjA5VhWc?si=Tc1u0xoXQEEKiAZS\" title=\"Lecteur vid\u00e9o YouTube\" frameborder=\"0\" allow=\"accelerometer; autoplay; clipboard-write; encrypted-media; gyroscope; picture-in-picture; web-share\" referrerpolicy=\"strict-origin-when-cross-origin\" allowfullscreen><\/iframe><\/p>","protected":false},"featured_media":2533,"comment_status":"closed","ping_status":"closed","template":"","meta":[],"product_brand":[],"product_cat":[780,781],"product_tag":[],"class_list":{"0":"post-14373","1":"product","2":"type-product","3":"status-publish","4":"has-post-thumbnail","6":"product_cat-pillows","7":"product_cat-butterfly","8":"pa_age-group-newborn","9":"pa_age-to-unlimited","10":"pa_collection-bohemian","11":"pa_collection-essential","12":"pa_collection-forest","13":"pa_collection-vintage-animals","14":"pa_color-beige","15":"pa_color-blue","16":"pa_color-dots","17":"pa_color-green","18":"pa_color-white","19":"pa_fabric-mixed","20":"pa_fabric-100-cotton","21":"pa_marker-bestseller","22":"pa_marker-new","23":"pa_pattern-dots","24":"pa_pattern-eucalyptus","25":"pa_pattern-green","26":"pa_pattern-sand","27":"pa_pattern-bloom","28":"pa_pattern-ivory-forest","29":"pa_pattern-sky-blue","30":"pa_producer-sleepee","31":"pa_product-type-butterfly-pillow","32":"pa_style-with-patterns","33":"pa_unit-pcs","35":"first","36":"instock","37":"purchasable","38":"product-type-variable","39":"wvs-archive-product-wrapper"},"_links":{"self":[{"href":"https:\/\/lovesleepee.com\/fr\/wp-json\/wp\/v2\/product\/14373","targetHints":{"allow":["GET"]}}],"collection":[{"href":"https:\/\/lovesleepee.com\/fr\/wp-json\/wp\/v2\/product"}],"about":[{"href":"https:\/\/lovesleepee.com\/fr\/wp-json\/wp\/v2\/types\/product"}],"replies":[{"embeddable":true,"href":"https:\/\/lovesleepee.com\/fr\/wp-json\/wp\/v2\/comments?post=14373"}],"wp:featuredmedia":[{"embeddable":true,"href":"https:\/\/lovesleepee.com\/fr\/wp-json\/wp\/v2\/media\/2533"}],"wp:attachment":[{"href":"https:\/\/lovesleepee.com\/fr\/wp-json\/wp\/v2\/media?parent=14373"}],"wp:term":[{"taxonomy":"product_brand","embeddable":true,"href":"https:\/\/lovesleepee.com\/fr\/wp-json\/wp\/v2\/product_brand?post=14373"},{"taxonomy":"product_cat","embeddable":true,"href":"https:\/\/lovesleepee.com\/fr\/wp-json\/wp\/v2\/product_cat?post=14373"},{"taxonomy":"product_tag","embeddable":true,"href":"https:\/\/lovesleepee.com\/fr\/wp-json\/wp\/v2\/product_tag?post=14373"}],"curies":[{"name":"wp","href":"https:\/\/api.w.org\/{rel}","templated":true}]}}