{"id":14368,"date":"2024-05-26T11:29:00","date_gmt":"2024-05-26T09:29:00","guid":{"rendered":"https:\/\/lovesleepee.com\/product\/sleepus-cuddle-doudou\/"},"modified":"2026-04-29T09:39:07","modified_gmt":"2026-04-29T07:39:07","slug":"sleepus-cuddle-doudou","status":"publish","type":"product","link":"https:\/\/lovesleepee.com\/fr\/produits\/sleepus-cuddle-doudou\/","title":{"rendered":"Sleepus C\u00e2lin DouDou"},"content":{"rendered":"<h2>Sleepus C\u00e2lin DouDou<\/h2>\n<p><strong>Le premier compagnon c\u00e2lin id\u00e9al pour votre b\u00e9b\u00e9 - s\u00fbr, sensoriel et apaisant.<\/strong><\/p>\n<p>Con\u00e7ue pour les nouveaux-n\u00e9s, la <strong>Sleepus C\u00e2lin DouDou<\/strong> est enti\u00e8rement constitu\u00e9 de <strong>coton biologique<\/strong>La s\u00e9curit\u00e9 et le confort absolus sont garantis d\u00e8s le premier jour de vie.<\/p>\n<h3>Doux, sensoriels et adapt\u00e9s au d\u00e9veloppement<\/h3>\n<p>Contrairement aux peluches classiques, Sleepus a un <strong>torse souple, non rempli<\/strong>Il est donc id\u00e9al pour faire des c\u00e2lins \u00e0 un nouveau-n\u00e9 sans l'accabler. Sa forme unique <strong>motif noir et blanc tr\u00e8s contrast\u00e9<\/strong> favorise le d\u00e9veloppement sensoriel pr\u00e9coce de votre b\u00e9b\u00e9 - ce sont les premi\u00e8res couleurs qu'un nouveau-n\u00e9 peut distinguer.<\/p>\n<h3>Con\u00e7u pour la d\u00e9couverte et la cr\u00e9ation de liens<\/h3>\n<ul>\n<li><strong>Formation \u00e0 la saisie :<\/strong> Les oreilles et les rubans pour les mains sont parfaits pour d\u00e9velopper la pr\u00e9hension et la coordination.<\/li>\n<li><strong>Attachement pratique :<\/strong> Connectez facilement une t\u00e9tine ou un anneau de dentition pour garder l'essentiel \u00e0 port\u00e9e de main.<\/li>\n<\/ul>\n<h3>Un parfum d'amour r\u00e9confortant<\/h3>\n<p>L'une des caract\u00e9ristiques les plus particuli\u00e8res du Sleepus est sa capacit\u00e9 \u00e0 <strong>absorber l'odeur du parent<\/strong>. Nous vous recommandons de dormir avec la mascotte avant la naissance de votre b\u00e9b\u00e9. L'odeur contribuera \u00e0 cr\u00e9er un sentiment de proximit\u00e9 et de s\u00e9curit\u00e9, en apportant <strong>rassurer et calmer votre b\u00e9b\u00e9<\/strong> lorsque vous n'\u00eates pas \u00e0 proximit\u00e9.<\/p>\n<p><strong>Sleepus est plus qu'une peluche - c'est le premier ami c\u00e2lin de votre b\u00e9b\u00e9, son doudou et son ancrage \u00e9motionnel.<\/strong><\/p>\n<h3>D\u00e9tails du produit :<\/h3>\n<ul>\n<li><strong>L'\u00e2ge :<\/strong> Convient d\u00e8s la naissance<\/li>\n<li><strong>Mat\u00e9riau :<\/strong> 100% coton biologique<\/li>\n<li><strong>La s\u00e9curit\u00e9 :<\/strong> Certifi\u00e9 Oeko-Tex Standard 100 Classe I<\/li>\n<li><strong>Origine :<\/strong> Fabriqu\u00e9 \u00e0 la main dans l'UE<\/li>\n<\/ul>\n<p>Donnez \u00e0 votre b\u00e9b\u00e9 un d\u00e9part en douceur dans la vie avec le <strong>Sleepus C\u00e2lin DouDou<\/strong> - la douce \u00e9treinte qui reste proche, m\u00eame quand on ne peut pas.<\/p>","protected":false},"excerpt":{"rendered":"<p><iframe width=\"560\" height=\"315\" src=\"https:\/\/www.youtube.com\/embed\/rFgB8_DJtA4?si=y_VvxYYOTstajdBa\" title=\"Lecteur vid\u00e9o YouTube\" frameborder=\"0\" allow=\"accelerometer; autoplay; clipboard-write; encrypted-media; gyroscope; picture-in-picture; web-share\" referrerpolicy=\"strict-origin-when-cross-origin\" allowfullscreen><\/iframe><\/p>","protected":false},"featured_media":2492,"comment_status":"closed","ping_status":"closed","template":"","meta":[],"product_brand":[],"product_cat":[827,768],"product_tag":[],"class_list":{"0":"post-14368","1":"product","2":"type-product","3":"status-publish","4":"has-post-thumbnail","6":"product_cat-baby-accessories","7":"product_cat-mascots","8":"pa_age-group-newborn","9":"pa_age-to-unlimited","10":"pa_collection-essential","11":"pa_color-white","12":"pa_fabric-100-cotton","13":"pa_pattern-white","14":"pa_producer-sleepee","15":"pa_product-type-sleepus-cuddle-doudou","16":"pa_style-with-patterns","17":"pa_unit-pcs","19":"first","20":"onbackorder","21":"purchasable","22":"product-type-simple"},"_links":{"self":[{"href":"https:\/\/lovesleepee.com\/fr\/wp-json\/wp\/v2\/product\/14368","targetHints":{"allow":["GET"]}}],"collection":[{"href":"https:\/\/lovesleepee.com\/fr\/wp-json\/wp\/v2\/product"}],"about":[{"href":"https:\/\/lovesleepee.com\/fr\/wp-json\/wp\/v2\/types\/product"}],"replies":[{"embeddable":true,"href":"https:\/\/lovesleepee.com\/fr\/wp-json\/wp\/v2\/comments?post=14368"}],"wp:featuredmedia":[{"embeddable":true,"href":"https:\/\/lovesleepee.com\/fr\/wp-json\/wp\/v2\/media\/2492"}],"wp:attachment":[{"href":"https:\/\/lovesleepee.com\/fr\/wp-json\/wp\/v2\/media?parent=14368"}],"wp:term":[{"taxonomy":"product_brand","embeddable":true,"href":"https:\/\/lovesleepee.com\/fr\/wp-json\/wp\/v2\/product_brand?post=14368"},{"taxonomy":"product_cat","embeddable":true,"href":"https:\/\/lovesleepee.com\/fr\/wp-json\/wp\/v2\/product_cat?post=14368"},{"taxonomy":"product_tag","embeddable":true,"href":"https:\/\/lovesleepee.com\/fr\/wp-json\/wp\/v2\/product_tag?post=14368"}],"curies":[{"name":"wp","href":"https:\/\/api.w.org\/{rel}","templated":true}]}}