{"id":3138,"date":"2024-05-24T06:42:59","date_gmt":"2024-05-24T06:42:59","guid":{"rendered":"https:\/\/lovesleepee.com\/?page_id=3138"},"modified":"2025-03-13T18:49:48","modified_gmt":"2025-03-13T18:49:48","slug":"conditions-generales","status":"publish","type":"page","link":"https:\/\/lovesleepee.com\/fr\/conditions-generales\/","title":{"rendered":"Conditions d'utilisation"},"content":{"rendered":"<div data-elementor-type=\"wp-page\" data-elementor-id=\"3138\" class=\"elementor elementor-3138\" data-elementor-post-type=\"page\">\n\t\t\t\t<div class=\"elementor-element elementor-element-e13431a e-con-full e-flex e-con e-parent\" data-id=\"e13431a\" data-element_type=\"container\" data-e-type=\"container\">\n\t\t\t\t<div class=\"elementor-element elementor-element-91a21ce color-scheme-inherit text-left elementor-widget elementor-widget-text-editor\" data-id=\"91a21ce\" data-element_type=\"widget\" data-e-type=\"widget\" data-widget_type=\"text-editor.default\">\n\t\t\t\t\t\t\t\t\t<h1 style=\"text-align: center;\"><strong>Conditions g\u00e9n\u00e9rales du magasin en ligne Sleepee <\/strong><a href=\"https:\/\/lovesleepee.com\/fr\/\"><strong>https:\/\/lovesleepee.com<\/strong><\/a><strong> (\"magasin\")<\/strong><\/h1><p><strong>D\u00e9finir, entre autres, les r\u00e8gles relatives \u00e0 la conclusion de contrats de vente via le magasin, contenant les informations les plus importantes sur le vendeur, le magasin et les droits des consommateurs.<\/strong><\/p><p>Les dispositions relatives \u00e0 l'entrepreneur privil\u00e9gi\u00e9 s'appliquent aux contrats conclus \u00e0 partir du 1er janvier 2025.<\/p><p><strong>TABLE DES MATI\u00c8RES<\/strong><\/p><ol><li>D\u00e9finitions<\/li><li>Contact avec le vendeur<\/li><li>Exigences techniques<\/li><li>Faire ses achats dans le magasin<\/li><li>Paiements<\/li><li>Ex\u00e9cution des commandes<\/li><li>Droit de retrait<\/li><li>Exceptions au droit de retrait<\/li><li>Plaintes<\/li><li>Donn\u00e9es personnelles<\/li><li>R\u00e9servations<\/li><\/ol><p><strong>Annexe n\u00b0 1 : Mod\u00e8le de formulaire de retrait<\/strong><\/p><ul><li><strong> 1 D\u00c9FINITIONS<\/strong><\/li><\/ul><ul><li><strong>Jours ouvrables<\/strong> - jours du lundi au vendredi, \u00e0 l'exclusion des jours f\u00e9ri\u00e9s.<\/li><li><strong>Consommateur<\/strong> - un consommateur au sens du code civil.<\/li><li><strong>Compte<\/strong> - une fonction gratuite du magasin r\u00e9gie par des conditions g\u00e9n\u00e9rales distinctes (service fourni par voie \u00e9lectronique), permettant \u00e0 l'acheteur de cr\u00e9er un compte individuel dans le magasin.<\/li><li><strong>Acheteur<\/strong> - toute entit\u00e9 effectuant des achats dans le magasin.<\/li><li><strong>Acheteur privil\u00e9gi\u00e9<\/strong> - un consommateur ou un entrepreneur privil\u00e9gi\u00e9.<\/li><li><strong>Entrepreneur privil\u00e9gi\u00e9<\/strong> - une personne physique concluant un contrat avec le vendeur directement li\u00e9 \u00e0 son activit\u00e9 commerciale mais n'ayant pas un caract\u00e8re professionnel (d\u00e9finition applicable aux contrats conclus \u00e0 partir du 1er janvier 2021).<\/li><li><strong>Conditions g\u00e9n\u00e9rales d'utilisation<\/strong> - les pr\u00e9sentes conditions g\u00e9n\u00e9rales.<\/li><li><strong>Magasin<\/strong> - la boutique en ligne Sleepee, qui vend des langes, des couvertures et des nids pour enfants, exploit\u00e9e par le vendeur \u00e0 l'adresse https:\/\/lovesleepee.com\/.<\/li><li><strong>Vendeur<\/strong> - Les entrepreneurs enregistr\u00e9s dans le fichier central d'enregistrement et d'information sur les entreprises :<ul><li>Agnieszka Prusator, NIP 1181483869, REGON 140829684, op\u00e9rant sous le nom de Sleepee S.C.<\/li><li>Katarzyna Kara\u015bkiewicz, NIP 5272396428, REGON 141712381, op\u00e9rant sous le nom de Sleepee S.C.<\/li><\/ul><\/li><\/ul><p>Exerce ses activit\u00e9s sous la forme d'une soci\u00e9t\u00e9 civile Sleepee Agnieszka Prusator, Katarzyna Kara\u015bkiewicz Sp\u00f3\u0142ka Cywilna (en abr\u00e9g\u00e9 - Sleepee S.C.), dont le si\u00e8ge social est situ\u00e9 ul. D\u017awigowa 13A, 80-414 Gda\u0144sk, Pologne, num\u00e9ro de TVA UE : 7010569395, REGON 364235623.<\/p><ul><li><strong> 2 CONTACT AVEC LE VENDEUR<\/strong><\/li><\/ul><ol><li>Adresse postale : ul. Owczarska 11A, 01-351 Varsovie, Pologne<\/li><li>Adresse \u00e9lectronique : hello@lovesleepee.com<\/li><li>T\u00e9l\u00e9phone : +48 690 905 260 +48 690 905 260<\/li><li>Adresse de retour (pour la r\u00e9siliation du contrat) : Sleepee StoreIt, ul. Om\u0142otowa 23, 94-251 \u0141\u00f3d\u017a, Pologne<\/li><li>Adresse pour l'envoi des plaintes : hello@lovesleepee.com<\/li><\/ol><ul><li><strong> 3 EXIGENCES TECHNIQUES<\/strong><\/li><\/ul><ol><li>Pour utiliser correctement le magasin, vous devez<ul><li>Un appareil avec acc\u00e8s \u00e0 l'internet<\/li><li>Un navigateur web qui supporte JavaScript et les cookies<\/li><\/ul><\/li><li>Pour passer une commande, il faut disposer d'un compte de courrier \u00e9lectronique actif.<\/li><\/ol><ul><li><strong> 4 FAIRE DES ACHATS DANS LE MAGASIN<\/strong><\/li><\/ul><ol><li>Les prix des produits affich\u00e9s dans le magasin sont les prix totaux des marchandises.<\/li><li>Le prix total de la commande comprend le prix du produit et, le cas \u00e9ch\u00e9ant, les frais de livraison.<\/li><li>Le produit s\u00e9lectionn\u00e9 doit \u00eatre ajout\u00e9 au panier dans le magasin.<\/li><li>L'acheteur s\u00e9lectionne ensuite le mode de livraison et le mode de paiement et fournit les informations n\u00e9cessaires \u00e0 l'ex\u00e9cution de la commande.<\/li><li>La commande est pass\u00e9e apr\u00e8s confirmation de son contenu et acceptation des conditions g\u00e9n\u00e9rales par l'acheteur.<\/li><li>La passation d'une commande constitue la conclusion d'un contrat de vente entre l'acheteur et le vendeur.<\/li><li>Le vendeur fournira \u00e0 l'acheteur privil\u00e9gi\u00e9 une confirmation du contrat de vente sur un support durable au plus tard lors de la livraison des biens.<\/li><li>L'acheteur peut s'inscrire dans le magasin, c'est-\u00e0-dire cr\u00e9er un compte, ou effectuer des achats sans s'inscrire en fournissant ses coordonn\u00e9es \u00e0 chaque fois qu'il passe une commande.<\/li><\/ol><ul><li><strong> 5 PAIEMENTS<\/strong><\/li><\/ul><ol><li>Le paiement de la commande peut \u00eatre effectu\u00e9 via :<ul><li>Carte de paiement (Visa, Visa Electron, MasterCard, MasterCard Electronic, Maestro)<\/li><li>Plateformes de paiement en ligne (Paypal, Stripe)<\/li><li>Apple Pay, Google Pay<\/li><\/ul><\/li><\/ol><ul><li><strong> 6 EX\u00c9CUTION DES COMMANDES<\/strong><\/li><\/ul><ol><li>Le vendeur est tenu de livrer des marchandises exemptes de d\u00e9fauts.<\/li><li>Le d\u00e9lai d'ex\u00e9cution de la commande est indiqu\u00e9 dans le magasin.<\/li><li>Si l'acheteur choisit un mode de paiement anticip\u00e9, le vendeur commencera \u00e0 traiter la commande apr\u00e8s avoir re\u00e7u le paiement.<\/li><li>La commande est livr\u00e9e dans les pays suivants :<ul><li>Autriche, Belgique, Danemark, France, Gr\u00e8ce, Espagne, Pays-Bas, Irlande, Lituanie, Allemagne, Norv\u00e8ge, Portugal, Slov\u00e9nie, \u00c9tats-Unis, Suisse, Su\u00e8de, Royaume-Uni, Italie.<\/li><\/ul><\/li><li>Les marchandises sont livr\u00e9es via :<ul><li>Service de messagerie<\/li><li>Casiers \u00e0 colis<\/li><\/ul><\/li><\/ol><ul><li><strong> 7 DROIT DE R\u00c9TRACTATION<\/strong><\/li><\/ul><ol><li>L'acheteur privil\u00e9gi\u00e9 a le droit de r\u00e9silier le contrat dans un d\u00e9lai de 14 jours sans donner de raison.<\/li><li>Le d\u00e9lai de r\u00e9tractation expire apr\u00e8s 14 jours :<ul><li>R\u00e9ception des marchandises par l'acheteur ou un tiers d\u00e9sign\u00e9 par l'acheteur.<\/li><li>R\u00e9ception du dernier article (pour les commandes comportant plusieurs articles livr\u00e9s s\u00e9par\u00e9ment).<\/li><\/ul><\/li><li>L'acheteur doit informer le vendeur de sa d\u00e9cision de se r\u00e9tracter par courrier \u00e9lectronique.<\/li><li>Le vendeur remboursera les paiements re\u00e7us, \u00e0 l'exclusion des frais de livraison, au plus tard dans les 14 jours suivant la r\u00e9ception des marchandises retourn\u00e9es.<\/li><li>Les frais de retour sont \u00e0 la charge de l'acheteur.<\/li><\/ol><ul><li><strong> 8 EXCEPTIONS AU DROIT DE R\u00c9TRACTATION<\/strong><\/li><\/ul><p>Le droit de r\u00e9tractation ne s'applique pas<\/p><ul><li>Produits sur mesure<\/li><li>Produits p\u00e9rissables<\/li><li>Articles scell\u00e9s qui ne peuvent \u00eatre renvoy\u00e9s pour des raisons de sant\u00e9 ou d'hygi\u00e8ne une fois qu'ils ont \u00e9t\u00e9 ouverts<\/li><li>Produits num\u00e9riques ou logiciels fournis dans un emballage scell\u00e9, s'il est ouvert<\/li><\/ul><ul><li><strong> 9 PLAINTES<\/strong><\/li><\/ul><ol><li>Si le produit est d\u00e9fectueux, l'acheteur peut d\u00e9poser une plainte sur la base des dispositions de la garantie ou de toute autre garantie applicable.<\/li><li>Le vendeur est responsable des d\u00e9fauts physiques constat\u00e9s dans les deux ans suivant la livraison.<\/li><li>Les plaintes doivent \u00eatre soumises au vendeur par courrier \u00e9lectronique ou par courrier postal.<\/li><li>Les plaintes sont examin\u00e9es dans un d\u00e9lai de 14 jours.<\/li><\/ol><ul><li><strong> 10 DONN\u00c9ES PERSONNELLES<\/strong><\/li><\/ul><ol><li>Le vendeur est l'administrateur des donn\u00e9es personnelles de l'acheteur.<\/li><li>Les donn\u00e9es personnelles de l'acheteur sont trait\u00e9es pour ex\u00e9cuter la commande et peuvent \u00eatre utilis\u00e9es \u00e0 des fins juridiques.<\/li><li>L'acheteur a le droit d'acc\u00e9der \u00e0 ses donn\u00e9es personnelles, de les corriger, de les supprimer et d'en restreindre le traitement.<\/li><\/ol><ul><li><strong> 11 R\u00c9SERVES<\/strong><\/li><\/ul><ol><li>Il est interdit de fournir un contenu ill\u00e9gal par l'interm\u00e9diaire du magasin.<\/li><li>Chaque commande pass\u00e9e dans le magasin constitue un contrat distinct n\u00e9cessitant l'acceptation des conditions g\u00e9n\u00e9rales.<\/li><li>Les contrats conclus en vertu des pr\u00e9sentes conditions le sont en polonais.<\/li><li>En cas de litige, le tribunal comp\u00e9tent sera celui du si\u00e8ge social du vendeur.<\/li><\/ol><ul><li><strong> 12 <\/strong><strong>R\u00e8glement du compte<\/strong><\/li><\/ul><p>pour le magasin Sleepee - un magasin d'emmaillots, de couvertures et de nids de b\u00e9b\u00e9<\/p><p><strong>TABLE DES MATI\u00c8RES<\/strong><\/p><ul><li><strong> 1<\/strong> D\u00e9finitions<br \/><strong>\u00a7 2<\/strong> Contact avec le vendeur<br \/><strong>\u00a7 3<\/strong> Exigences techniques<br \/><strong>\u00a7 4<\/strong> Compte<br \/><strong>\u00a7 5<\/strong> Plaintes<br \/><strong>\u00a7 6<\/strong> Donn\u00e9es personnelles<br \/><strong>\u00a7 7<\/strong> R\u00e9servations<\/li><li><strong> 1 D\u00c9FINITIONS<\/strong><\/li><\/ul><ul><li><strong>Consommateur<\/strong> - Un consommateur tel que d\u00e9fini par le code civil.<\/li><li><strong>Compte<\/strong> - Fonction gratuite du magasin (service) r\u00e9gie par les pr\u00e9sentes conditions, permettant \u00e0 l'acheteur de cr\u00e9er un compte individuel dans le magasin.<\/li><li><strong>Acheteur<\/strong> - Toute entit\u00e9 effectuant un achat dans le magasin.<\/li><li><strong>Acheteur privil\u00e9gi\u00e9<\/strong> - Consommateur ou entrepreneur privil\u00e9gi\u00e9 ?<\/li><li><strong>Entrepreneur privil\u00e9gi\u00e9<\/strong> - Une personne physique concluant un contrat avec le vendeur directement li\u00e9 \u00e0 son activit\u00e9 commerciale mais n'ayant pas un caract\u00e8re professionnel (d\u00e9finition valable pour les contrats conclus \u00e0 partir du 1er janvier 2021).<\/li><li><strong>R\u00e8glements<\/strong> - Ces r\u00e8glements de compte.<\/li><li><strong>Magasin<\/strong> - La boutique en ligne Sleepee, qui vend des langes, des couvertures et des nids de b\u00e9b\u00e9, est exploit\u00e9e par le vendeur \u00e0 l'adresse suivante <a href=\"https:\/\/sleepee.pl\" target=\"_blank\" rel=\"noopener\"><strong>https:\/\/lovesleepee.com<\/strong><\/a>.<\/li><li><strong>Vendeur<\/strong> - Entrepreneurs enregistr\u00e9s dans le Central Registration and Information on Business (CEIDG) en Pologne :<\/li><\/ul><ol><li><strong>Agnieszka Prusator<\/strong>, NIP : <strong>1181483869<\/strong>, REGON : <strong>140829684<\/strong>exer\u00e7ant ses activit\u00e9s sous le nom de <strong>Sleepee S.C.<\/strong> - partenaire d'un partenariat civil.<br \/>b. <strong>Katarzyna Kara\u015bkiewicz<\/strong>, NIP : <strong>5272396428<\/strong>, REGON : <strong>141712381<\/strong>exer\u00e7ant ses activit\u00e9s sous le nom de <strong>Sleepee S.C.<\/strong> - partenaire d'un partenariat civil.<\/li><\/ol><p>Fonctionnement dans le cadre du partenariat civil <strong>Sleepee Agnieszka Prusator, Katarzyna Kara\u015bkiewicz Sp\u00f3\u0142ka Cywilna<\/strong> (en abr\u00e9g\u00e9 - Sleepee S.C.) dont le si\u00e8ge social est situ\u00e9 \u00e0 <strong>D\u017awigowa 13A, 80-414 Gda\u0144sk, Pologne, Num\u00e9ro de TVA UE : PL7010569395, REGON : 364235623<\/strong>.<\/p><ul><li><strong> 2 CONTACT AVEC LE VENDEUR<\/strong><\/li><\/ul><ol><li><strong>Adresse postale<\/strong>: ul. Owczarska 11A, 01-351 Warszawa, Pologne<\/li><li><strong>Courriel<\/strong>: hello@lovesleepee.com<\/li><li><strong>T\u00e9l\u00e9phone<\/strong>: +48 690 905 260<\/li><\/ol><ul><li><strong> 3 EXIGENCES TECHNIQUES<\/strong><\/li><\/ul><p>Pour fonctionner correctement et cr\u00e9er un compte, les \u00e9l\u00e9ments suivants sont n\u00e9cessaires :<\/p><ul><li>Un compte de courrier \u00e9lectronique actif<\/li><li>Un appareil avec acc\u00e8s \u00e0 Internet<\/li><li>Un navigateur web supportant JavaScript et les cookies<\/li><\/ul><ul><li><strong> 4 COMPTE<\/strong><\/li><\/ul><ol><li>Cr\u00e9ation d'un <strong>Compte<\/strong> est enti\u00e8rement volontaire et d\u00e9pend du choix de l'acheteur.<\/li><li>Le <strong>Compte<\/strong> offre des fonctionnalit\u00e9s suppl\u00e9mentaires telles que la consultation de l'historique des commandes, la v\u00e9rification du statut des commandes et la modification des donn\u00e9es personnelles.<\/li><li>Pour cr\u00e9er un <strong>Compte<\/strong>L'acheteur doit remplir un formulaire d'inscription sur le site web du magasin.<\/li><li>Lorsqu'un <strong>Compte<\/strong> est cr\u00e9\u00e9, un <strong>contrat de tenue de compte<\/strong> est conclu pour un <strong>p\u00e9riode ind\u00e9termin\u00e9e<\/strong> entre l'acheteur et le vendeur dans les conditions pr\u00e9vues par le pr\u00e9sent r\u00e8glement.<\/li><li>L'acheteur peut supprimer ses <strong>Compte<\/strong> \u00e0 tout moment et gratuitement.<\/li><li>Pour supprimer un <strong>Compte<\/strong>L'acheteur doit envoyer une demande au vendeur par courrier \u00e9lectronique : <strong>hello@lovesleepee.com<\/strong>ce qui entra\u00eenera la suppression imm\u00e9diate du compte et la r\u00e9siliation de l'accord de maintenance du compte.<\/li><\/ol><ul><li><strong> 5 PLAINTES<\/strong><\/li><\/ul><ol><li>Plaintes concernant la <strong>Compte<\/strong> doivent \u00eatre envoy\u00e9es \u00e0 l'adresse suivante <strong>hello@lovesleepee.com<\/strong>.<\/li><li>Le vendeur r\u00e9pondra aux plaintes dans un d\u00e9lai de <strong>14 jours<\/strong>.<\/li><\/ol><p><strong>M\u00c9THODES DE R\u00c9SOLUTION EXTRAJUDICIAIRE DES PLAINTES ET DE R\u00c8GLEMENT DES LITIGES<\/strong><\/p><ol><li>Si la proc\u00e9dure de plainte n'aboutit pas au r\u00e9sultat escompt\u00e9, le <strong>Consommateur<\/strong> peuvent utiliser les m\u00e9thodes de r\u00e9solution extrajudiciaire des litiges suivantes :<\/li><\/ol><ol><li><strong>M\u00e9diation<\/strong> men\u00e9e par l'autorit\u00e9 comp\u00e9tente <strong>Bureau r\u00e9gional d'inspection du commerce<\/strong>o\u00f9 le consommateur peut introduire une demande de m\u00e9diation. La m\u00e9diation est g\u00e9n\u00e9ralement <strong>gratuit<\/strong>.<\/li><li><strong>Cour d'arbitrage des consommateurs<\/strong>, g\u00e9r\u00e9 par le <strong>Bureau r\u00e9gional d'inspection du commerce<\/strong>Le consommateur peut soumettre un cas \u00e0 l'arbitrage pour qu'il soit r\u00e9solu. L'arbitrage est g\u00e9n\u00e9ralement <strong>gratuit<\/strong>.<\/li><li><strong>Assistance gratuite<\/strong> de la <strong>M\u00e9diateur des consommateurs au niveau de la municipalit\u00e9 ou du district<\/strong>.<\/li><li><strong>Plateforme de r\u00e9solution des litiges en ligne (ODR)<\/strong>disponible \u00e0 l'adresse suivante <a href=\"https:\/\/ec.europa.eu\/consumers\/odr\/main\/?event=main.home.howitworks\" target=\"_blank\" rel=\"noopener\">https:\/\/ec.europa.eu\/consumers\/odr\/main\/?event=main.home.howitworks<\/a>.<\/li><\/ol><ul><li><strong> 6 DONN\u00c9ES PERSONNELLES<\/strong><\/li><\/ul><ol><li>Le <strong>Vendeur<\/strong> est le <strong>Contr\u00f4leur des donn\u00e9es<\/strong> pour les donn\u00e9es personnelles fournies par l'acheteur lors de l'utilisation des <strong>Compte<\/strong>. Tous les d\u00e9tails sur le traitement des donn\u00e9es sont disponibles dans le site Web du magasin. <strong>Politique de confidentialit\u00e9<\/strong> en conformit\u00e9 avec <strong>GDPR<\/strong> (R\u00e8glement g\u00e9n\u00e9ral sur la protection des donn\u00e9es).<\/li><li>Les donn\u00e9es \u00e0 caract\u00e8re personnel sont trait\u00e9es dans le but d'assurer le maintien de l'image de marque de l'Union europ\u00e9enne. <strong>Compte<\/strong>. La base juridique du traitement des donn\u00e9es est la suivante :<ul><li><strong>Ex\u00e9cution du contrat<\/strong> (Article 6, paragraphe 1, point b), du RGPD)<\/li><li><strong>Int\u00e9r\u00eat l\u00e9gitime<\/strong> la pr\u00e9vention de la fraude ou des actions en justice (article 6, paragraphe 1, point f), du RGPD)<\/li><\/ul><\/li><li>Fournir des donn\u00e9es est <strong>volontaire mais n\u00e9cessaire<\/strong> pour maintenir une <strong>Compte<\/strong>. Si les donn\u00e9es ne sont pas fournies, le vendeur ne peut pas g\u00e9rer le compte.<\/li><li>Les donn\u00e9es personnelles seront trait\u00e9es jusqu'au :<ul><li>Le <strong>Compte<\/strong> est supprim\u00e9e par l'acheteur ou le vendeur sur demande.<\/li><li>Le <strong>d\u00e9lai de prescription<\/strong> pour les demandes d'indemnisation li\u00e9es \u00e0 la <strong>Compte<\/strong> expire.<\/li><li>L'acheteur s'oppose au traitement des donn\u00e9es dans les cas suivants <strong>int\u00e9r\u00eat l\u00e9gitime<\/strong>.<\/li><\/ul><\/li><li>L'acheteur a le droit <strong>droit de demander<\/strong>:<ul><li><strong>Acc\u00e8s<\/strong> \u00e0 leurs donn\u00e9es<\/li><li><strong>Correction<\/strong> de leurs donn\u00e9es<\/li><li><strong>Suppression<\/strong> de leurs donn\u00e9es<\/li><li><strong>Restriction<\/strong> de la transformation<\/li><li><strong>Transfert de donn\u00e9es<\/strong> \u00e0 un autre contr\u00f4leur<\/li><\/ul><\/li><\/ol><p>En plus de la <strong>droit d'opposition<\/strong> au traitement des donn\u00e9es pour des raisons tenant \u00e0 leur situation particuli\u00e8re.<\/p><ol><li>Pour exercer ces droits, l'acheteur doit s'adresser au <strong>Vendeur<\/strong>.<\/li><li>Si l'acheteur estime que ses donn\u00e9es font l'objet d'un traitement ill\u00e9gal, il peut d\u00e9poser une demande d'annulation. <strong>plainte aupr\u00e8s du pr\u00e9sident de l'Office de protection des donn\u00e9es personnelles<\/strong>.<\/li><\/ol><ul><li><strong> 7 R\u00c9SERVATIONS<\/strong><\/li><\/ul><ol><li>L'acheteur est <strong>interdiction de fournir des contenus ill\u00e9gaux<\/strong>.<\/li><li>Le <strong>contrat de tenue de compte<\/strong> est conclu en <strong>Anglais<\/strong>.<\/li><li>Le <strong>Vendeur<\/strong> a le droit de <strong>modifier le r\u00e8glement<\/strong> pour des raisons valables, notamment :<br \/>a. Conformit\u00e9 avec <strong>lois applicables<\/strong>.<br \/>b. <strong>Am\u00e9liorer la s\u00e9curit\u00e9<\/strong>.<br \/>c. <strong>Modifier la fonctionnalit\u00e9 du compte<\/strong>qui n\u00e9cessite des modifications du r\u00e8glement.<\/li><li>Les acheteurs seront <strong>notifi\u00e9 de tout changement<\/strong> au moins <strong>7 jours avant<\/strong> ils prennent effet par courrier \u00e9lectronique.<\/li><li>Si l'acheteur <strong>n'accepte pas<\/strong> les changements propos\u00e9s, ils doivent en informer le vendeur par courrier \u00e9lectronique (<strong>hello@lovesleepee.com<\/strong>), ce qui se traduira par l'utilisation de l'option <strong>r\u00e9siliation du contrat<\/strong> avant que les changements ne prennent effet.<\/li><li>Si l'acheteur <strong>ne s'y oppose pas<\/strong>il est suppos\u00e9 qu'ils <strong>accepter les modifications<\/strong>mais ils peuvent toujours r\u00e9silier le contrat \u00e0 tout moment.<\/li><li>Tout litige avec <strong>Acheteurs non privil\u00e9gi\u00e9s<\/strong> sera r\u00e9gl\u00e9e dans le cadre de la <strong>tribunal comp\u00e9tent pour le si\u00e8ge social du vendeur<\/strong>.<\/li><\/ol>\t\t\t\t\t\t\t\t<\/div>\n\t\t\t\t<\/div>\n\t\t\t\t<\/div>","protected":false},"excerpt":{"rendered":"<p>Conditions g\u00e9n\u00e9rales du magasin en ligne Sleepee https:\/\/lovesleepee.com (\"magasin\") D\u00e9finissant, entre autres, les r\u00e8gles relatives \u00e0 la conclusion de contrats de vente par l'interm\u00e9diaire de<\/p>","protected":false},"author":4,"featured_media":0,"parent":0,"menu_order":0,"comment_status":"closed","ping_status":"closed","template":"","meta":{"footnotes":""},"class_list":["post-3138","page","type-page","status-publish","hentry"],"_hostinger_reach_plugin_has_subscription_block":false,"_hostinger_reach_plugin_is_elementor":false,"_links":{"self":[{"href":"https:\/\/lovesleepee.com\/fr\/wp-json\/wp\/v2\/pages\/3138","targetHints":{"allow":["GET"]}}],"collection":[{"href":"https:\/\/lovesleepee.com\/fr\/wp-json\/wp\/v2\/pages"}],"about":[{"href":"https:\/\/lovesleepee.com\/fr\/wp-json\/wp\/v2\/types\/page"}],"author":[{"embeddable":true,"href":"https:\/\/lovesleepee.com\/fr\/wp-json\/wp\/v2\/users\/4"}],"replies":[{"embeddable":true,"href":"https:\/\/lovesleepee.com\/fr\/wp-json\/wp\/v2\/comments?post=3138"}],"version-history":[{"count":4,"href":"https:\/\/lovesleepee.com\/fr\/wp-json\/wp\/v2\/pages\/3138\/revisions"}],"predecessor-version":[{"id":11586,"href":"https:\/\/lovesleepee.com\/fr\/wp-json\/wp\/v2\/pages\/3138\/revisions\/11586"}],"wp:attachment":[{"href":"https:\/\/lovesleepee.com\/fr\/wp-json\/wp\/v2\/media?parent=3138"}],"curies":[{"name":"wp","href":"https:\/\/api.w.org\/{rel}","templated":true}]}}