{"id":14615,"date":"2025-06-04T13:50:00","date_gmt":"2025-06-04T11:50:00","guid":{"rendered":"https:\/\/lovesleepee.com\/product\/adjustable-toy-arch-sand\/"},"modified":"2026-05-13T09:10:50","modified_gmt":"2026-05-13T07:10:50","slug":"verstellbarer-spielbogen-sand","status":"publish","type":"product","link":"https:\/\/lovesleepee.com\/de\/produkt\/verstellbarer-spielbogen-sand\/","title":{"rendered":"Adjustable Toy Arch"},"content":{"rendered":"<h1>Sleepee Verstellbarer Spielbogen - Perfekte Unterst\u00fctzung f\u00fcr die Entwicklung Ihres Babys<\/h1>\n<p>Entdecken Sie unser neues <strong>Sleepee Verstellbarer Spielbogen<\/strong>! Sie k\u00f6nnen es allein verwenden, indem Sie es auf eine Spielmatte legen oder als Zubeh\u00f6r f\u00fcr ein Babynest. Entworfen mit den Bed\u00fcrfnissen Ihres Babys <strong>sensorische Entwicklung<\/strong> Es ist aus elegantem, weichem Samtmaterial gefertigt. Das Produkt umfasst vier verschiedene Spielzeuge, die Sie beliebig miteinander kombinieren k\u00f6nnen.<\/p>\n<h2>Stabile und sichere Konstruktion<\/h2>\n<p>Die verbreiterte Basis des Bogens sorgt f\u00fcr au\u00dfergew\u00f6hnliche Stabilit\u00e4t, unabh\u00e4ngig von der Oberfl\u00e4che, auf die er gestellt wird. Der Rei\u00dfverschluss ist \u00e4sthetisch versteckt, um ein elegantes Aussehen zu erhalten und die Sicherheit Ihres Babys zu gew\u00e4hrleisten.<\/p>\n<h2>Spielzeug, das die Entwicklung f\u00f6rdert<\/h2>\n<p>Der Bogen besteht aus vier einzigartigen H\u00e4ngespielzeugen, die die Entwicklung Ihres Babys f\u00f6rdern:<\/p>\n<ul>\n<li>? <strong>Spiegel<\/strong> - f\u00f6rdert die Entwicklung des Selbstbewusstseins und regt das erste L\u00e4cheln Ihres Babys an. Babys lieben es, Gesichter zu sehen!<\/li>\n<li>? <strong>Rassel mit Glocke<\/strong> - stimuliert den H\u00f6rsinn, weckt die Aufmerksamkeit und lehrt Ursache und Wirkung.<\/li>\n<li>? <strong>Satz mit drei Formen<\/strong> - Verschiedene Formen und Texturen f\u00f6rdern die Entwicklung des Tastsinns und der Hand-Augen-Koordination.<\/li>\n<li>? <strong>Sinnliches Spielzeug<\/strong> - Das weiche, wolkenf\u00f6rmige Spielzeug und die detaillierten Elemente wecken die Neugierde und f\u00f6rdern die Feinmotorik.<\/li>\n<\/ul>\n<h2>H\u00f6henverstellbar - f\u00fcr die J\u00fcngsten konzipiert<\/h2>\n<p>Alle Spielzeuge h\u00e4ngen an verstellbaren B\u00e4ndern, so dass Sie ihre H\u00f6he perfekt an das Alter und die Bed\u00fcrfnisse Ihres Kindes anpassen k\u00f6nnen. F\u00fcr Neugeborene ist es ideal, die Spielzeuge auf Bauchh\u00f6he zu platzieren - so k\u00f6nnen Babys sie beobachten und erreichen, ohne den Kopf zu heben, was die ergonomische Entwicklung von Wirbels\u00e4ule und Nacken unterst\u00fctzt.<\/p>\n<h2>Two-in-One - Spiel und Entwicklung<\/h2>\n<p>Unser verstellbarer Spielbogen Sleepee ist nicht nur ein niedliches Accessoire f\u00fcr ein Babynest - er ist ein Entwicklungswerkzeug f\u00fcr die ersten Monate Ihres Kindes. Er kombiniert sch\u00f6nes Design mit der Funktionalit\u00e4t, die Sie im Alltag brauchen.<\/p>\n<p>Das Produkt wird mit einem sch\u00f6nen umweltfreundlichen Stoffbeutel geliefert! Damit l\u00e4sst sich der Bogen leicht auf Reisen oder zu Ausfl\u00fcgen mitnehmen.<\/p>","protected":false},"excerpt":{"rendered":"<p>Sleepee Verstellbarer Spielbogen - Perfekte Unterst\u00fctzung f\u00fcr die Entwicklung Ihres Babys Entdecken Sie unseren neuen Sleepee Verstellbaren Spielbogen! Sie k\u00f6nnen<\/p>","protected":false},"featured_media":11080,"comment_status":"closed","ping_status":"closed","template":"","meta":[],"product_brand":[],"product_cat":[1045,1042],"product_tag":[],"class_list":{"0":"post-14615","1":"product","2":"type-product","3":"status-publish","4":"has-post-thumbnail","6":"product_cat-adjustable-play-arch","7":"product_cat-modular-baby-nest-cocoon","8":"pa_pattern-grey","9":"pa_pattern-pink","10":"pa_pattern-sand","12":"first","13":"instock","14":"shipping-taxable","15":"purchasable","16":"product-type-variable","17":"wvs-archive-product-wrapper"},"_links":{"self":[{"href":"https:\/\/lovesleepee.com\/de\/wp-json\/wp\/v2\/product\/14615","targetHints":{"allow":["GET"]}}],"collection":[{"href":"https:\/\/lovesleepee.com\/de\/wp-json\/wp\/v2\/product"}],"about":[{"href":"https:\/\/lovesleepee.com\/de\/wp-json\/wp\/v2\/types\/product"}],"replies":[{"embeddable":true,"href":"https:\/\/lovesleepee.com\/de\/wp-json\/wp\/v2\/comments?post=14615"}],"wp:featuredmedia":[{"embeddable":true,"href":"https:\/\/lovesleepee.com\/de\/wp-json\/wp\/v2\/media\/11080"}],"wp:attachment":[{"href":"https:\/\/lovesleepee.com\/de\/wp-json\/wp\/v2\/media?parent=14615"}],"wp:term":[{"taxonomy":"product_brand","embeddable":true,"href":"https:\/\/lovesleepee.com\/de\/wp-json\/wp\/v2\/product_brand?post=14615"},{"taxonomy":"product_cat","embeddable":true,"href":"https:\/\/lovesleepee.com\/de\/wp-json\/wp\/v2\/product_cat?post=14615"},{"taxonomy":"product_tag","embeddable":true,"href":"https:\/\/lovesleepee.com\/de\/wp-json\/wp\/v2\/product_tag?post=14615"}],"curies":[{"name":"wp","href":"https:\/\/api.w.org\/{rel}","templated":true}]}}