{"id":14579,"date":"2024-12-10T08:34:00","date_gmt":"2024-12-10T07:34:00","guid":{"rendered":"https:\/\/lovesleepee.com\/product\/warming-wrap-sleeping-bag-2in1-khaki\/"},"modified":"2026-02-12T17:08:31","modified_gmt":"2026-02-12T16:08:31","slug":"warmende-wickelschlafsack-2in1-khaki","status":"publish","type":"product","link":"https:\/\/lovesleepee.com\/de\/produkt\/warmende-wickelschlafsack-2in1-khaki\/","title":{"rendered":"Warming Wrap\/Sleeping Bag 2in1"},"content":{"rendered":"<h2>W\u00e4rmewickel \/ Schlafsack 2in1 - Grau<\/h2>\n<p><img fetchpriority=\"high\" decoding=\"async\" src=\"https:\/\/lovesleepee.com\/wp-content\/uploads\/2024\/12\/infografika-1-300x225.png\" alt=\"W\u00e4rmewickel 2in1 Grau\" width=\"300\" height=\"225\" \/><\/p>\n<p><strong>W\u00e4rme, Komfort und Vielseitigkeit f\u00fcr k\u00e4ltere Tage - alles in einem kuscheligen Umhang!<\/strong><\/p>\n<p>Unser <strong>2in1 W\u00e4rmewickel und Schlafsack<\/strong> ist die perfekte L\u00f6sung f\u00fcr Herbst und Winter. Er bietet die kuschelige Geborgenheit eines Wickels und die Funktionalit\u00e4t eines Schlafsacks und passt sich den Bed\u00fcrfnissen Ihres Babys an, wenn sich die Temperatur \u00e4ndert.<\/p>\n<h3>Was macht sie einzigartig?<\/h3>\n<ul>\n<li><strong>Abnehmbare \u00c4rmel<\/strong> - Wenn Ihr Kind w\u00e4chst oder Sie mehr Flexibilit\u00e4t ben\u00f6tigen, k\u00f6nnen Sie das Tuch einfach in einen Schlafsack umwandeln.<\/li>\n<li><strong>Atmungsaktives Au\u00dfenmaterial<\/strong> - sanft zur Haut des Babys und sorgt f\u00fcr optimale W\u00e4rme ohne \u00dcberhitzung.<\/li>\n<li><strong>dicke Silikonvlies-F\u00fcllung<\/strong> - bietet lang anhaltende Isolierung und Komfort, ideal f\u00fcr kalte Wohnungen und Winterspazierg\u00e4nge.<\/li>\n<\/ul>\n<h3>Warum sollten Sie sich f\u00fcr den Sleepee 2in1 W\u00e4rmewickel entscheiden?<\/h3>\n<ul>\n<li><strong>Perfekt f\u00fcr k\u00e4ltere Monate<\/strong> - h\u00e4lt das Baby in der Krippe, im Kinderwagen oder w\u00e4hrend des Mittagsschlafs warm und kuschelig.<\/li>\n<li><strong>Multifunktional<\/strong> - ideal zum Schlafen und als praktischer Umhang f\u00fcr den Aufenthalt im Freien.<\/li>\n<li><strong>W\u00e4chst mit Ihrem Kind<\/strong> - Abnehmbare \u00c4rmel machen ihn anpassungsf\u00e4hig vom S\u00e4uglings- bis zum Kleinkindalter.<\/li>\n<li><strong>Sicher und weich<\/strong> - aus hochwertigen Materialien hergestellt, die empfindliche Haut respektieren.<\/li>\n<\/ul>\n<h3>Einzelheiten zum Produkt:<\/h3>\n<ul>\n<li><strong>TOG-Bewertung:<\/strong> 2,5 - perfekt f\u00fcr Herbst\/Winter<\/li>\n<li><strong>Abmessungen:<\/strong> Breite (Achselh\u00f6hle zu Achselh\u00f6hle): 26 cm<br \/>L\u00e4nge (Halsausschnitt bis zum Boden): verstellbar mit Passform<\/li>\n<li><strong>Zusammensetzung:<\/strong> 95% Baumwolle, 5% Elasthan<br \/>F\u00fcllung: Silikonvlies<\/li>\n<li><strong>Pflegehinweise:<\/strong><br \/>    Maschinenw\u00e4sche bei 40\u00b0C (Schonwaschgang, max. 800 U\/min).<br \/>    Nicht bleichen. Nicht im Trockner trocknen.<\/li>\n<li><strong>Herkunft:<\/strong> Handgefertigt in der EU<\/li>\n<\/ul>\n<p>Mit dem <strong>Sleepee W\u00e4rmewickel 2in1<\/strong>bleibt Ihr Baby warm und sicher - Tag und Nacht, zu Hause oder unterwegs.<\/p>","protected":false},"excerpt":{"rendered":"<p>Warming Wrap \/ Sleeping Bag 2in1 - Grey W\u00e4rme, Komfort und Vielseitigkeit f\u00fcr k\u00e4ltere Tage - alles in einem kuscheligen<\/p>","protected":false},"featured_media":7972,"comment_status":"closed","ping_status":"closed","template":"","meta":[],"product_brand":[],"product_cat":[808,1003],"product_tag":[],"class_list":{"0":"post-14579","1":"product","2":"type-product","3":"status-publish","4":"has-post-thumbnail","6":"product_cat-swaddles","7":"product_cat-warm-swaddle","8":"pa_age-group-newborn","9":"pa_age-to-1-year","10":"pa_collection-essential","11":"pa_color-beige","12":"pa_color-grey","13":"pa_fabric-100-cotton","14":"pa_marker-new","15":"pa_pattern-beige","16":"pa_pattern-green","17":"pa_pattern-grey","18":"pa_producer-sleepee","19":"pa_product-type-warming-wrap-sleeping-bag","20":"pa_style-smooth","22":"first","23":"instock","24":"purchasable","25":"product-type-variable","26":"wvs-archive-product-wrapper"},"_links":{"self":[{"href":"https:\/\/lovesleepee.com\/de\/wp-json\/wp\/v2\/product\/14579","targetHints":{"allow":["GET"]}}],"collection":[{"href":"https:\/\/lovesleepee.com\/de\/wp-json\/wp\/v2\/product"}],"about":[{"href":"https:\/\/lovesleepee.com\/de\/wp-json\/wp\/v2\/types\/product"}],"replies":[{"embeddable":true,"href":"https:\/\/lovesleepee.com\/de\/wp-json\/wp\/v2\/comments?post=14579"}],"wp:featuredmedia":[{"embeddable":true,"href":"https:\/\/lovesleepee.com\/de\/wp-json\/wp\/v2\/media\/7972"}],"wp:attachment":[{"href":"https:\/\/lovesleepee.com\/de\/wp-json\/wp\/v2\/media?parent=14579"}],"wp:term":[{"taxonomy":"product_brand","embeddable":true,"href":"https:\/\/lovesleepee.com\/de\/wp-json\/wp\/v2\/product_brand?post=14579"},{"taxonomy":"product_cat","embeddable":true,"href":"https:\/\/lovesleepee.com\/de\/wp-json\/wp\/v2\/product_cat?post=14579"},{"taxonomy":"product_tag","embeddable":true,"href":"https:\/\/lovesleepee.com\/de\/wp-json\/wp\/v2\/product_tag?post=14579"}],"curies":[{"name":"wp","href":"https:\/\/api.w.org\/{rel}","templated":true}]}}