{"id":14564,"date":"2024-07-22T12:10:00","date_gmt":"2024-07-22T10:10:00","guid":{"rendered":"https:\/\/lovesleepee.com\/product\/modular-baby-cot-bumper-sand\/"},"modified":"2026-02-12T17:04:10","modified_gmt":"2026-02-12T16:04:10","slug":"modulares-babybett-stosstange-sand","status":"publish","type":"product","link":"https:\/\/lovesleepee.com\/de\/produkt\/modulares-babybett-stosstange-sand\/","title":{"rendered":"Modularer Sto\u00dff\u00e4nger f\u00fcr Babybetten"},"content":{"rendered":"","protected":false},"excerpt":{"rendered":"","protected":false},"featured_media":6916,"comment_status":"closed","ping_status":"closed","template":"","meta":[],"product_brand":[],"product_cat":[827,945],"product_tag":[],"class_list":{"0":"post-14564","1":"product","2":"type-product","3":"status-publish","4":"has-post-thumbnail","6":"product_cat-baby-accessories","7":"product_cat-bed-bumper","8":"pa_age-group-newborn","9":"pa_age-to-unlimited","10":"pa_collection-essential","11":"pa_color-beige","12":"pa_color-green","13":"pa_color-grey","14":"pa_color-pink","15":"pa_fabric-mixed","16":"pa_pattern-grey","17":"pa_pattern-khaki","18":"pa_pattern-pink","19":"pa_pattern-sand","20":"pa_producer-sleepee","21":"pa_product-type-modular-baby-cot-bumper","22":"pa_style-smooth","24":"first","25":"onbackorder","26":"purchasable","27":"product-type-variable","28":"wvs-archive-product-wrapper"},"_links":{"self":[{"href":"https:\/\/lovesleepee.com\/de\/wp-json\/wp\/v2\/product\/14564","targetHints":{"allow":["GET"]}}],"collection":[{"href":"https:\/\/lovesleepee.com\/de\/wp-json\/wp\/v2\/product"}],"about":[{"href":"https:\/\/lovesleepee.com\/de\/wp-json\/wp\/v2\/types\/product"}],"replies":[{"embeddable":true,"href":"https:\/\/lovesleepee.com\/de\/wp-json\/wp\/v2\/comments?post=14564"}],"wp:featuredmedia":[{"embeddable":true,"href":"https:\/\/lovesleepee.com\/de\/wp-json\/wp\/v2\/media\/6916"}],"wp:attachment":[{"href":"https:\/\/lovesleepee.com\/de\/wp-json\/wp\/v2\/media?parent=14564"}],"wp:term":[{"taxonomy":"product_brand","embeddable":true,"href":"https:\/\/lovesleepee.com\/de\/wp-json\/wp\/v2\/product_brand?post=14564"},{"taxonomy":"product_cat","embeddable":true,"href":"https:\/\/lovesleepee.com\/de\/wp-json\/wp\/v2\/product_cat?post=14564"},{"taxonomy":"product_tag","embeddable":true,"href":"https:\/\/lovesleepee.com\/de\/wp-json\/wp\/v2\/product_tag?post=14564"}],"curies":[{"name":"wp","href":"https:\/\/api.w.org\/{rel}","templated":true}]}}