{"id":14548,"date":"2024-07-22T12:02:00","date_gmt":"2024-07-22T10:02:00","guid":{"rendered":"https:\/\/lovesleepee.com\/product\/swaddle-wrap-sand\/"},"modified":"2026-02-12T16:53:25","modified_gmt":"2026-02-12T15:53:25","slug":"wickeltuch-sand","status":"publish","type":"product","link":"https:\/\/lovesleepee.com\/de\/produkt\/wickeltuch-sand\/","title":{"rendered":"Swaddle Wrap"},"content":{"rendered":"<h2>Swaddle Wrap Royal Baby - Grau<\/h2>\n<p><strong>Komfort, Sicherheit und Weichheit vom ersten Tag an.<\/strong><\/p>\n<p>Wenn Sie Ihr Neugeborenes zum ersten Mal im Arm halten, kann das ein \u00fcberw\u00e4ltigendes Gef\u00fchl sein. Wenn Sie sich fragen, wie Sie Ihr Baby sicher in die Wiege legen und gleichzeitig f\u00fcr sein Wohlbefinden sorgen k\u00f6nnen, ist die <strong>Swaddle Wrap Royal Baby<\/strong> ist die perfekte L\u00f6sung.<\/p>\n<h3>Warum das Royal Baby Swaddle Wrap?<\/h3>\n<ul>\n<li><strong>Sicher und gem\u00fctlich:<\/strong> Ihr Baby wird von Geburt an sicher eingewickelt, um die W\u00e4rme und den Schutz des Mutterleibs nachzuahmen.<\/li>\n<li><strong>Hochwertige Materialien:<\/strong> Ultraweicher Samt auf der Au\u00dfenseite, 100% Baumwolle auf der Innenseite - sanft und atmungsaktiv f\u00fcr die zarte Haut von Neugeborenen.<\/li>\n<li><strong>Hypoallergene F\u00fcllung:<\/strong> Das dicke und flauschige Silikonvlies hilft, die Temperatur Ihres Babys zu regulieren und sorgt so f\u00fcr optimalen Komfort.<\/li>\n<li><strong>Einstellbare Passform:<\/strong> Das elegante Stoffband erm\u00f6glicht es Ihnen, Ihr Baby so eng zu wickeln, wie Sie es w\u00fcnschen.<\/li>\n<li><strong>Keine starren Eins\u00e4tze:<\/strong> Weich und flexibel - keine Versteifungen oder harten Elemente, entsprechend den medizinischen Empfehlungen f\u00fcr Neugeborene.<\/li>\n<\/ul>\n<h3>Mehr als nur wickeln<\/h3>\n<p>Vielseitig und praktisch, kann der Swaddle auch als Decke verwendet werden:<\/p>\n<ul>\n<li>Wickelauflage<\/li>\n<li>Bettdecke f\u00fcr einen Kinderwagen oder eine Wiege<\/li>\n<li>Kuscheldecke f\u00fcr unterwegs<\/li>\n<\/ul>\n<h3>Elegantes Design &amp; perfekte Geschenkidee<\/h3>\n<p>Die bezaubernde B\u00e4renohrenform sorgt f\u00fcr einen Hauch von Niedlichkeit, der alle werdenden Eltern \u00fcberzeugen wird. Ob f\u00fcr Ihr eigenes Baby oder als Geschenk f\u00fcr eine Babyparty, der Royal Baby Swaddle ist ein Muss f\u00fcr jedes Neugeborene.<\/p>\n<h3>Einzelheiten zum Produkt<\/h3>\n<ul>\n<li><strong>Zusammensetzung:<\/strong> Au\u00dfen: weicher Samt | Innenfutter: 100% Baumwolle | F\u00fcllung: hypoallergenes Silikonvlies<\/li>\n<li><strong>Zertifizierung:<\/strong> \u00d6ko-Tex Standard 100 Klasse I<\/li>\n<li><strong>Handgefertigt:<\/strong> Mit Liebe hergestellt in der EU<\/li>\n<\/ul>\n<p>Wickeln Sie Ihr Baby weich und sicher ein - mit dem <strong>Royal Baby Swaddle Wrap<\/strong>wird jedes Kuscheln zu einem Moment des Friedens.<\/p>","protected":false},"excerpt":{"rendered":"<p>Swaddle Wrap Royal Baby - Grey Komfort, Sicherheit und Weichheit vom ersten Tag an. Halten Sie Ihr Neugeborenes f\u00fcr die<\/p>","protected":false},"featured_media":6824,"comment_status":"closed","ping_status":"closed","template":"","meta":[],"product_brand":[],"product_cat":[805,808,888],"product_tag":[],"class_list":{"0":"post-14548","1":"product","2":"type-product","3":"status-publish","4":"has-post-thumbnail","6":"product_cat-swaddle-wraps","7":"product_cat-swaddles","8":"product_cat-waffle-swaddle-wrap","9":"pa_age-group-newborn","10":"pa_age-to-1-year","11":"pa_collection-essential","12":"pa_color-beige","13":"pa_color-grey","14":"pa_color-pink","15":"pa_fabric-mixed","16":"pa_marker-bestseller","17":"pa_pattern-grey","18":"pa_pattern-rose","19":"pa_pattern-sand","20":"pa_producer-sleepee","21":"pa_product-type-swaddle-wrap-waffle","22":"pa_style-smooth","24":"first","25":"instock","26":"purchasable","27":"product-type-variable","28":"wvs-archive-product-wrapper"},"_links":{"self":[{"href":"https:\/\/lovesleepee.com\/de\/wp-json\/wp\/v2\/product\/14548","targetHints":{"allow":["GET"]}}],"collection":[{"href":"https:\/\/lovesleepee.com\/de\/wp-json\/wp\/v2\/product"}],"about":[{"href":"https:\/\/lovesleepee.com\/de\/wp-json\/wp\/v2\/types\/product"}],"replies":[{"embeddable":true,"href":"https:\/\/lovesleepee.com\/de\/wp-json\/wp\/v2\/comments?post=14548"}],"wp:featuredmedia":[{"embeddable":true,"href":"https:\/\/lovesleepee.com\/de\/wp-json\/wp\/v2\/media\/6824"}],"wp:attachment":[{"href":"https:\/\/lovesleepee.com\/de\/wp-json\/wp\/v2\/media?parent=14548"}],"wp:term":[{"taxonomy":"product_brand","embeddable":true,"href":"https:\/\/lovesleepee.com\/de\/wp-json\/wp\/v2\/product_brand?post=14548"},{"taxonomy":"product_cat","embeddable":true,"href":"https:\/\/lovesleepee.com\/de\/wp-json\/wp\/v2\/product_cat?post=14548"},{"taxonomy":"product_tag","embeddable":true,"href":"https:\/\/lovesleepee.com\/de\/wp-json\/wp\/v2\/product_tag?post=14548"}],"curies":[{"name":"wp","href":"https:\/\/api.w.org\/{rel}","templated":true}]}}