{"id":14505,"date":"2024-05-26T11:46:00","date_gmt":"2024-05-26T09:46:00","guid":{"rendered":"https:\/\/lovesleepee.com\/product\/second-step-swaddle-mint-cap\/"},"modified":"2026-02-15T08:04:39","modified_gmt":"2026-02-15T07:04:39","slug":"zweiten-schritt-wickeln-minze-kappe","status":"publish","type":"product","link":"https:\/\/lovesleepee.com\/de\/produkt\/zweiten-schritt-wickeln-minze-kappe\/","title":{"rendered":"Zweiter Schritt Swaddle + M\u00fctze"},"content":{"rendered":"<h2>Second Step Swaddle - Komfort und sanfter \u00dcbergang f\u00fcr wachsende Babys<\/h2>\n<p>Die <strong>Sleepee Zweiter Schritt Swaddle<\/strong> ist f\u00fcr Babys mit einem Gewicht zwischen 6,5 und 9 kg geeignet. Dieser weiche und dehnbare \u00dcbergangswickel bietet Ihrem Baby das gleiche Gef\u00fchl der Sicherheit, das es im Mutterleib kannte, und hilft ihm gleichzeitig auf sanfte Weise, ein unabh\u00e4ngiges Schlafverhalten zu entwickeln.<\/p>\n<h2>Warum eine zweite Stufe des Wickelns?<\/h2>\n<p>Schon vor der Geburt beginnen Babys, sich an den Rhythmus ihrer Eltern anzupassen. Aber nach der Geburt bleiben ihre Schlafzyklen unreguliert. Die Website <strong>Sleepee Swaddle<\/strong> stellt diese kuschelige, geschlossene Umgebung wieder her und hilft Babys, besser, l\u00e4nger und ruhiger zu schlafen.<\/p>\n<h2>Die wichtigsten Vorteile f\u00fcr Ihr Baby<\/h2>\n<ul>\n<li>Stellt die beruhigende Umgebung des Mutterleibs wieder her<\/li>\n<li>Hilft <strong>die Schlafdauer verl\u00e4ngern<\/strong> durch Minimierung des Schreckreflexes<\/li>\n<li><strong>Reduziert Koliksymptome<\/strong> und \u00fcberm\u00e4\u00dfiges Weinen<\/li>\n<li>Verhindert Kratzen im Gesicht und spontanes Aufwachen<\/li>\n<li>Wirkt sofort beruhigend und bes\u00e4nftigend<\/li>\n<\/ul>\n<h2>Einzigartiges Design und Materialien<\/h2>\n<p>Im Gegensatz zu Standard-Wickeln ist die <strong>Sleepee Zweiter Schritt Swaddle<\/strong> Merkmale:<\/p>\n<ul>\n<li><strong>8% Elastananteil<\/strong> - hochflexibel, damit sich Ihr Baby sicher bewegen kann<\/li>\n<li><strong>Kein Schlingengewebe innen<\/strong> - weich und sanft, reizt empfindliche Haut nicht<\/li>\n<li><strong>Abnehmbare \u00c4rmel<\/strong> - verwandelt sich in einen Schlafsack, wenn das Baby sich zu drehen beginnt<\/li>\n<\/ul>\n<h2>Die Wahl der richtigen Gr\u00f6\u00dfe<\/h2>\n<p>W\u00e4hlen Sie immer nach den Bed\u00fcrfnissen Ihres Babys <strong>Gewicht<\/strong> - nicht Alter oder Gr\u00f6\u00dfe. Dieses Modell ist ideal f\u00fcr S\u00e4uglinge zwischen <strong>6,5 und 9 kg<\/strong>. Ein fester Sitz ist normal und wichtig, um das Gef\u00fchl der Geborgenheit im Mutterleib zu vermitteln. Wenn Ihr Baby beginnt, sich auf den Bauch zu rollen, ist es an der Zeit, die \u00c4rmel zu entfernen und den Swaddle als Strampler zu verwenden. <strong>\u00dcbergangsschlafsack<\/strong>.<\/p>\n<h2>Bonus: mit passender M\u00fctze<\/h2>\n<p>Jeder Sleepee Second Step Swaddle wird mit einem <strong>zuf\u00e4llig ausgew\u00e4hlte Babym\u00fctze<\/strong> - weich, atmungsaktiv und perfekt f\u00fcr das K\u00f6pfchen eines Neugeborenen.<\/p>\n<h2>Einzelheiten zum Produkt<\/h2>\n<ul>\n<li><strong>Empfohlenes Gewicht:<\/strong> 6,5 - 9 kg<\/li>\n<li><strong>Material:<\/strong> Baumwolle mit 8% Elastan<\/li>\n<li><strong>Verwendung:<\/strong> \u00dcbergangswickel mit abnehmbaren \u00c4rmeln<\/li>\n<li><strong>Zertifizierung:<\/strong> \u00d6ko-Tex Standard 100 Klasse I - sicher f\u00fcr Neugeborene<\/li>\n<li><strong>Hergestellt in:<\/strong> Europ\u00e4ische Union (handgefertigt)<\/li>\n<\/ul>\n<h2>Tipps zur Pflege<\/h2>\n<ul>\n<li>Maschinenw\u00e4sche bei 30\u00b0C, Schonwaschgang<\/li>\n<li>Maximale Drehzahl: 800 UMDREHUNGEN PRO MINUTE<\/li>\n<li>Nicht bleichen oder im Trockner trocknen<\/li>\n<\/ul>\n<h2>Elterntipp f\u00fcr sanfte Schlaf\u00fcberg\u00e4nge<\/h2>\n<p>Verwenden Sie den Second Step Swaddle als Br\u00fccke zwischen dem traditionellen Wickeln und dem freien Schlafen. Wenn Ihr Baby anf\u00e4ngt, sich zu w\u00e4lzen, entfernen Sie einfach die \u00c4rmel und lassen Sie es ohne Arme schlafen, w\u00e4hrend es weiterhin den Komfort des Wickels genie\u00dft. So wird der \u00dcbergang zu einem normalen Schlafsack einfacher und nat\u00fcrlicher.<\/p>\n<p>Die <strong>Sleepee Zweiter Schritt Swaddle<\/strong> ist mehr als nur ein Tragetuch - es ist ein wichtiges Hilfsmittel, um die Schlafentwicklung Ihres Babys und Ihren eigenen Seelenfrieden zu unterst\u00fctzen.<\/p>","protected":false},"excerpt":{"rendered":"<p><iframe width=\"560\" height=\"315\" src=\"https:\/\/www.youtube.com\/embed\/ArfFsu0mAkM?si=f_GIx09zS4UO-hJa\" title=\"YouTube-Video-Player\" frameborder=\"0\" allow=\"accelerometer; autoplay; clipboard-write; encrypted-media; gyroscope; picture-in-picture; web-share\" referrerpolicy=\"strict-origin-when-cross-origin\" allowfullscreen><\/iframe><\/p>","protected":false},"featured_media":6567,"comment_status":"closed","ping_status":"closed","template":"","meta":[],"product_brand":[],"product_cat":[810,808],"product_tag":[],"class_list":{"0":"post-14505","1":"product","2":"type-product","3":"status-publish","4":"has-post-thumbnail","6":"product_cat-second-step-swaddle","7":"product_cat-swaddles","8":"pa_age-from-4-months","9":"pa_age-group-kids","10":"pa_age-to-1-year","11":"pa_collection-bohemian","12":"pa_collection-essential","13":"pa_collection-forest","14":"pa_collection-vintage-animals","15":"pa_color-beige","16":"pa_color-dots","17":"pa_color-green","18":"pa_color-grey","19":"pa_color-white","20":"pa_fabric-mixed","21":"pa_marker-bestseller","22":"pa_marker-new","23":"pa_pattern-black-dots","24":"pa_pattern-bloom","25":"pa_pattern-botanic","26":"pa_pattern-eucalyptus","27":"pa_pattern-green","28":"pa_pattern-grey","29":"pa_pattern-ivory-forest","30":"pa_pattern-mint","31":"pa_pattern-sand","32":"pa_pattern-sky-blue","33":"pa_producer-sleepee","34":"pa_product-type-second-step-swaddle-cap","35":"pa_style-smooth","36":"pa_style-with-patterns","37":"pa_unit-pcs","38":"pa_unit-set","40":"first","41":"instock","42":"purchasable","43":"product-type-variable","44":"wvs-archive-product-wrapper"},"_links":{"self":[{"href":"https:\/\/lovesleepee.com\/de\/wp-json\/wp\/v2\/product\/14505","targetHints":{"allow":["GET"]}}],"collection":[{"href":"https:\/\/lovesleepee.com\/de\/wp-json\/wp\/v2\/product"}],"about":[{"href":"https:\/\/lovesleepee.com\/de\/wp-json\/wp\/v2\/types\/product"}],"replies":[{"embeddable":true,"href":"https:\/\/lovesleepee.com\/de\/wp-json\/wp\/v2\/comments?post=14505"}],"wp:featuredmedia":[{"embeddable":true,"href":"https:\/\/lovesleepee.com\/de\/wp-json\/wp\/v2\/media\/6567"}],"wp:attachment":[{"href":"https:\/\/lovesleepee.com\/de\/wp-json\/wp\/v2\/media?parent=14505"}],"wp:term":[{"taxonomy":"product_brand","embeddable":true,"href":"https:\/\/lovesleepee.com\/de\/wp-json\/wp\/v2\/product_brand?post=14505"},{"taxonomy":"product_cat","embeddable":true,"href":"https:\/\/lovesleepee.com\/de\/wp-json\/wp\/v2\/product_cat?post=14505"},{"taxonomy":"product_tag","embeddable":true,"href":"https:\/\/lovesleepee.com\/de\/wp-json\/wp\/v2\/product_tag?post=14505"}],"curies":[{"name":"wp","href":"https:\/\/api.w.org\/{rel}","templated":true}]}}