{"id":14494,"date":"2024-05-26T11:32:00","date_gmt":"2024-05-26T09:32:00","guid":{"rendered":"https:\/\/lovesleepee.com\/product\/first-step-swaddle-cap-bohemian_green\/"},"modified":"2026-02-14T19:33:38","modified_gmt":"2026-02-14T18:33:38","slug":"ersten-schritt-swaddle-cap-bohemian_green","status":"publish","type":"product","link":"https:\/\/lovesleepee.com\/de\/produkt\/ersten-schritt-swaddle-cap-bohemian_green\/","title":{"rendered":"Erster Schritt Swaddle + M\u00fctze"},"content":{"rendered":"<h2>First Step Swaddle + Neugeborenenm\u00fctze - Komfort und Ruhe f\u00fcr die ersten Wochen des Babys<\/h2>\n<p>Die <strong>New Born Wickelt\u00fccher<\/strong> von Sleepee ist eines der effektivsten und nat\u00fcrlichsten Hilfsmittel, um Ihr Neugeborenes an das Leben au\u00dferhalb des Mutterleibs anzupassen. Durchdacht entworfen, dieses <strong>Wickeltuch f\u00fcr Neugeborene<\/strong> stellt auf sanfte Weise die kuschelige, sichere Umgebung wieder her, die Ihr Baby neun Monate lang kannte - damit es l\u00e4nger schlafen, weniger weinen und sich vom ersten Tag an sicher f\u00fchlen kann.<\/p>\n<h2>Warum das Wickeln in den ersten Wochen wichtig ist<\/h2>\n<p>Schon vor der Geburt beginnen Babys, sich an den Tag-Nacht-Rhythmus ihrer Eltern anzupassen. Nach der Geburt bleibt der Schlaf-Wach-Rhythmus jedoch unregelm\u00e4\u00dfig. Das Einwickeln ist eine nat\u00fcrliche Methode, um Ihrem Neugeborenen bei der Umstellung zu helfen. <strong>ihr Schlafverhalten zu organisieren<\/strong> und ihr Nervensystem zu beruhigen.<\/p>\n<h2>Was der Sleepee Swaddle Ihrem Baby bietet<\/h2>\n<ul>\n<li>Rekonstruiert die Empfindungen des Mutterleibs, damit sich Babys sicher und geborgen f\u00fchlen<\/li>\n<li>Verl\u00e4ngert den ununterbrochenen Schlaf und f\u00f6rdert gesunde Ruhephasen<\/li>\n<li>Reduziert Koliksymptome durch sanften, gleichm\u00e4\u00dfigen Druck<\/li>\n<li>Beseitigt den Moro-Reflex (pl\u00f6tzliche Ersch\u00fctterungen, die das Baby aufwecken)<\/li>\n<li>Verhindert das Kratzen im Gesicht, indem es unkontrollierte Handbewegungen einschr\u00e4nkt<\/li>\n<li>Beruhigt Weinkr\u00e4mpfe fast augenblicklich<\/li>\n<\/ul>\n<h2>Was macht Sleepee Swaddles einzigartig?<\/h2>\n<p>Im Gegensatz zu vielen anderen Wraps auf dem Markt, ist das <strong>Sleepee Erster Schritt Swaddle<\/strong> besteht aus einer 8%-Elastan-Mischung und ist damit eine der <strong>flexible und bequeme Windeln erh\u00e4ltlich<\/strong>. Dies sorgt f\u00fcr einen festen, sicheren Sitz, ohne die nat\u00fcrlichen Mikrobewegungen Ihres Babys einzuschr\u00e4nken. Au\u00dferdem hat die Innenseite des Stoffes eine glatte Oberfl\u00e4che (keine Schlingenstruktur wie bei der R\u00fcckseite eines Sweatshirts), sodass die empfindliche Haut Ihres Babys nicht gereizt wird.<\/p>\n<h2>Wie man die richtige Gr\u00f6\u00dfe w\u00e4hlt<\/h2>\n<p>Die besten Ergebnisse erzielen Sie, wenn Sie den Wickel nach dem Gewicht Ihres Babys ausw\u00e4hlen - nicht nach Alter oder L\u00e4nge. Die <strong>New Born Wickelt\u00fccher<\/strong> ist ideal f\u00fcr S\u00e4uglinge mit einem Gewicht zwischen <strong>3 und 6,5 kg<\/strong>. Ein fester Sitz mag auf den ersten Blick eng erscheinen, aber genau das tr\u00e4gt dazu bei, dass sich Ihr Baby sicher und beruhigt f\u00fchlt - \u00e4hnlich wie im Mutterleib.<\/p>\n<h2>Inklusive einer passenden M\u00fctze f\u00fcr Neugeborene<\/h2>\n<p>Jeder Swaddle wird mit einem weichen <strong>M\u00fctze f\u00fcr Neugeborene<\/strong> um den Kopf Ihres Babys w\u00e4hrend des Mittagsschlafs und in der Nacht warm zu halten. Die M\u00fctze wird nach dem Zufallsprinzip ausgew\u00e4hlt und erg\u00e4nzt den Komfort des Tragetuchs perfekt.<\/p>\n<h2>Einzelheiten zum Produkt<\/h2>\n<ul>\n<li><strong>Empfohlenes Gewicht:<\/strong> 3 - 6,5 kg<\/li>\n<li><strong>Verwendung:<\/strong> Ideal von der Geburt bis ca. 3 Monate<\/li>\n<li><strong>Material:<\/strong> Baumwolle mit 8% Elastan - weich, dehnbar, atmungsaktiv<\/li>\n<li><strong>Merkmale:<\/strong> Schutz vor Kratzern, Unterst\u00fctzung des Moro-Reflexes, Linderung von Koliken<\/li>\n<li><strong>Enth\u00e4lt:<\/strong> Wickeltuch + M\u00fctze f\u00fcr Neugeborene (Design nach dem Zufallsprinzip ausgew\u00e4hlt)<\/li>\n<li><strong>Hergestellt in:<\/strong> Europ\u00e4ische Union (handgefertigt)<\/li>\n<li><strong>Sicherheit:<\/strong> \u00d6ko-Tex Standard 100 Klasse I zertifiziertes Gewebe<\/li>\n<\/ul>\n<h2>Tipp f\u00fcr neue Eltern<\/h2>\n<p>Legen Sie Ihr gewickeltes Baby immer auf den R\u00fccken, um einen sicheren Schlaf zu gew\u00e4hrleisten, und vermeiden Sie eine \u00dcberhitzung, indem Sie die Raumtemperatur anpassen. Wenn Ihr Baby beim ersten Einwickeln unruhig ist, sollten Sie ihm ein paar Tage Zeit geben - die beruhigende Wirkung nimmt in der Regel mit Best\u00e4ndigkeit und Routine zu. Kombinieren Sie die beruhigende Wirkung mit einem Ger\u00e4t f\u00fcr wei\u00dfes Rauschen und einer sanften Beleuchtung, um die ultimative beruhigende Umgebung zu schaffen.<\/p>\n<p>Die <strong>Sleepee Erster Schritt Swaddle + M\u00fctze<\/strong> ist ein sanftes, wirksames Mittel, das Ihrem Baby hilft, sich sicher zu f\u00fchlen, besser zu schlafen und sich reibungslos an das Leben au\u00dferhalb des Mutterleibs zu gew\u00f6hnen - ein unverzichtbares Hilfsmittel f\u00fcr Neugeborene, das Sie vom ersten Tag an haben m\u00f6chten.<\/p>","protected":false},"excerpt":{"rendered":"<p><iframe width=\"560\" height=\"315\" src=\"https:\/\/www.youtube.com\/embed\/LOF55zm0viQ?si=KWHcJ5lS79NIgHn_\" title=\"YouTube-Video-Player\" frameborder=\"0\" allow=\"accelerometer; autoplay; clipboard-write; encrypted-media; gyroscope; picture-in-picture; web-share\" referrerpolicy=\"strict-origin-when-cross-origin\" allowfullscreen><\/iframe><\/p>","protected":false},"featured_media":6595,"comment_status":"closed","ping_status":"closed","template":"","meta":[],"product_brand":[],"product_cat":[809,808],"product_tag":[],"class_list":{"0":"post-14494","1":"product","2":"type-product","3":"status-publish","4":"has-post-thumbnail","6":"product_cat-first-step-swaddle","7":"product_cat-swaddles","8":"pa_age-group-newborn","9":"pa_age-to-4-months","10":"pa_collection-bohemian","11":"pa_collection-essential","12":"pa_collection-forest","13":"pa_collection-vintage-animals","14":"pa_color-beige","15":"pa_color-blue","16":"pa_color-dots","17":"pa_color-green","18":"pa_color-grey","19":"pa_color-white","20":"pa_fabric-mixed","21":"pa_marker-bestseller","22":"pa_marker-new","23":"pa_pattern-black-dots","24":"pa_pattern-bloom","25":"pa_pattern-botanic","26":"pa_pattern-eucalyptus","27":"pa_pattern-green","28":"pa_pattern-grey","29":"pa_pattern-ivory-forest","30":"pa_pattern-mint","31":"pa_pattern-sand","32":"pa_pattern-sky-blue","33":"pa_producer-sleepee","34":"pa_product-type-first-step-swaddle-cap","35":"pa_style-smooth","36":"pa_style-with-patterns","37":"pa_unit-pcs","38":"pa_unit-set","40":"first","41":"onbackorder","42":"purchasable","43":"product-type-variable","44":"wvs-archive-product-wrapper"},"_links":{"self":[{"href":"https:\/\/lovesleepee.com\/de\/wp-json\/wp\/v2\/product\/14494","targetHints":{"allow":["GET"]}}],"collection":[{"href":"https:\/\/lovesleepee.com\/de\/wp-json\/wp\/v2\/product"}],"about":[{"href":"https:\/\/lovesleepee.com\/de\/wp-json\/wp\/v2\/types\/product"}],"replies":[{"embeddable":true,"href":"https:\/\/lovesleepee.com\/de\/wp-json\/wp\/v2\/comments?post=14494"}],"wp:featuredmedia":[{"embeddable":true,"href":"https:\/\/lovesleepee.com\/de\/wp-json\/wp\/v2\/media\/6595"}],"wp:attachment":[{"href":"https:\/\/lovesleepee.com\/de\/wp-json\/wp\/v2\/media?parent=14494"}],"wp:term":[{"taxonomy":"product_brand","embeddable":true,"href":"https:\/\/lovesleepee.com\/de\/wp-json\/wp\/v2\/product_brand?post=14494"},{"taxonomy":"product_cat","embeddable":true,"href":"https:\/\/lovesleepee.com\/de\/wp-json\/wp\/v2\/product_cat?post=14494"},{"taxonomy":"product_tag","embeddable":true,"href":"https:\/\/lovesleepee.com\/de\/wp-json\/wp\/v2\/product_tag?post=14494"}],"curies":[{"name":"wp","href":"https:\/\/api.w.org\/{rel}","templated":true}]}}