{"id":14428,"date":"2024-05-26T11:31:00","date_gmt":"2024-05-26T09:31:00","guid":{"rendered":"https:\/\/lovesleepee.com\/product\/reversible-muslin-sleeping-bag-0-4-months-ocean_green\/"},"modified":"2026-03-06T10:44:06","modified_gmt":"2026-03-06T09:44:06","slug":"wende-musselin-schlafsack-0-4-monate-ocean_green","status":"publish","type":"product","link":"https:\/\/lovesleepee.com\/de\/produkt\/wende-musselin-schlafsack-0-4-monate-ocean_green\/","title":{"rendered":"Muslin Sleeping Bag (0-4 months)"},"content":{"rendered":"<h2>muslin sleeping bag \u2013 2-in-1 design for newborn comfort (0\u20134 months)<\/h2>\n<p>Die <strong>Sleepee muslin sleeping bag<\/strong> ist eine einzigartige 2-in-1-Schlafl\u00f6sung, perfekt f\u00fcr Babys im Alter von 0 bis 4 Monaten. Ganz aus atmungsaktivem Baumwollmusselin gefertigt, sorgt es f\u00fcr eine optimale Temperaturregulierung an w\u00e4rmeren Tagen - und bietet gleichzeitig zwei sch\u00f6ne Looks in einem schicken Produkt.<\/p>\n<h2>Zwei Designs in einem Schlafsack<\/h2>\n<p>Dieser innovative Schlafsack hat folgende Eigenschaften <strong>zwei nutzbare Seiten<\/strong>und gibt Ihnen die Freiheit, den Stil in Sekundenschnelle zu wechseln. Drehen Sie ihn einfach um und genie\u00dfen Sie einen frischen, klaren Look. Ideal f\u00fcr Eltern, die Vielseitigkeit und durchdachtes Design lieben.<\/p>\n<h2>Weicher, atmungsaktiver Musselin - perfekt f\u00fcr den Sommer<\/h2>\n<p>Die Tasche ist hergestellt aus <strong>zwei Lagen Baumwollmusselin<\/strong>ist ein nat\u00fcrliches, luftiges Gewebe, das f\u00fcr seine thermoregulierenden Eigenschaften bekannt ist. Es h\u00e4lt Ihr Baby in hei\u00dfen N\u00e4chten k\u00fchl und komfortabel, w\u00e4hrend es in k\u00fchleren N\u00e4chten sanft w\u00e4rmt. TOG-Einstufung: <strong>1.0<\/strong>.<\/p>\n<h2>Bequem, sicher und bewegungsfreundlich<\/h2>\n<p>Die <strong>gro\u00dfz\u00fcgiger Schnitt<\/strong> erm\u00f6glicht es Neugeborenen, ihre Arme und Beine frei und ohne Einschr\u00e4nkungen zu bewegen. Es ist so konzipiert, dass Ihr Baby <strong>sicher zugedeckt durch die Nacht<\/strong>Dadurch wird das Risiko von losen Decken oder Gesichtsbedeckungen vermieden. Die <strong>beidseitiger Rei\u00dfverschluss<\/strong> mit weichem Nackenschutz sorgt au\u00dferdem f\u00fcr einen stressfreien n\u00e4chtlichen Wechsel.<\/p>\n<h2>Warum Eltern diesen Schlafsack lieben<\/h2>\n<ul>\n<li>Ideal f\u00fcr warme und hei\u00dfe N\u00e4chte - atmungsaktiver, nat\u00fcrlicher Stoff<\/li>\n<li>design \u2013 two looks in one product<\/li>\n<li>H\u00e4lt das Baby die ganze Nacht sicher zugedeckt<\/li>\n<li>Sicherer Schlaf - keine losen Decken, keine Gesichtsbedeckung<\/li>\n<li>Hilft, konstante Schlafgewohnheiten zu schaffen<\/li>\n<li>Seelenfrieden f\u00fcr die Eltern - das Baby ist sicher und hat die richtige Temperatur<\/li>\n<\/ul>\n<h2>Einzelheiten zum Produkt<\/h2>\n<ul>\n<li><strong>Altersspanne:<\/strong> 0-4 Monate<\/li>\n<li><strong>Material:<\/strong> 100% Baumwollmusselin (2 atmungsaktive Schichten)<\/li>\n<li><strong>TOG-Bewertung:<\/strong> 1.0 - ideal f\u00fcr den Sommer und warme N\u00e4chte<\/li>\n<li><strong>Rei\u00dfverschluss:<\/strong> with safety tab at the neck<\/li>\n<li><strong>Zertifizierungen:<\/strong> \u00d6ko-Tex Standard 100 Klasse I - sicher f\u00fcr Neugeborene<\/li>\n<li><strong>Hergestellt in:<\/strong> Europ\u00e4ische Union (handgefertigt)<\/li>\n<\/ul>\n<h2>Elterntipp f\u00fcr leichteres Zubettgehen<\/h2>\n<p>Binden Sie den Schlafsack vom ersten Tag an in die Abendroutine Ihres Babys ein. Mit der Zeit werden das Gef\u00fchl des Stoffes und die kuschelige Umgebung zu einem Einschlafritual, das Ihrem Baby hilft, sich schneller zu beruhigen und l\u00e4nger zu schlafen, auch in w\u00e4rmeren Jahreszeiten.<\/p>\n<p>Die <strong>Sleepee muslin sleeping bag<\/strong> bietet sicheren, atmungsaktiven Komfort mit einem cleveren Dreh - f\u00fcr eine erholsame Nacht f\u00fcr das Neugeborene und f\u00fcr die Eltern, die sich keine Sorgen machen m\u00fcssen.<\/p>","protected":false},"excerpt":{"rendered":"<p>muslin sleeping bag \u2013 2-in-1 design for newborn comfort (0\u20134 months) The Sleepee muslin sleeping bag is a unique 2-in-1<\/p>","protected":false},"featured_media":4244,"comment_status":"closed","ping_status":"closed","template":"","meta":[],"product_brand":[],"product_cat":[790,791,787],"product_tag":[],"class_list":{"0":"post-14428","1":"product","2":"type-product","3":"status-publish","4":"has-post-thumbnail","6":"product_cat-muslin-sleeping-bag","7":"product_cat-muslin-sleeping-bag-s","8":"product_cat-sleeping-bags","9":"pa_age-from-4-months","10":"pa_age-group-0-4-months","11":"pa_age-to-2-years","12":"pa_age-to-4-months","13":"pa_collection-summer","14":"pa_color-beige","15":"pa_color-blue","16":"pa_color-green","17":"pa_color-grey","18":"pa_color-pink","19":"pa_fabric-muslin","20":"pa_marker-bestseller","21":"pa_pattern-dark-grey","22":"pa_pattern-ocean-green","23":"pa_pattern-petrol","24":"pa_pattern-rose","25":"pa_pattern-sand","26":"pa_producer-sleepee","27":"pa_product-type-reversible-muslin-sleeping-bag-m","28":"pa_product-type-reversible-muslin-sleeping-bag-s","29":"pa_style-two-sided","30":"pa_unit-pcs","32":"first","33":"instock","34":"purchasable","35":"product-type-variable","36":"has-default-attributes","37":"wvs-archive-product-wrapper"},"_links":{"self":[{"href":"https:\/\/lovesleepee.com\/de\/wp-json\/wp\/v2\/product\/14428","targetHints":{"allow":["GET"]}}],"collection":[{"href":"https:\/\/lovesleepee.com\/de\/wp-json\/wp\/v2\/product"}],"about":[{"href":"https:\/\/lovesleepee.com\/de\/wp-json\/wp\/v2\/types\/product"}],"replies":[{"embeddable":true,"href":"https:\/\/lovesleepee.com\/de\/wp-json\/wp\/v2\/comments?post=14428"}],"wp:featuredmedia":[{"embeddable":true,"href":"https:\/\/lovesleepee.com\/de\/wp-json\/wp\/v2\/media\/4244"}],"wp:attachment":[{"href":"https:\/\/lovesleepee.com\/de\/wp-json\/wp\/v2\/media?parent=14428"}],"wp:term":[{"taxonomy":"product_brand","embeddable":true,"href":"https:\/\/lovesleepee.com\/de\/wp-json\/wp\/v2\/product_brand?post=14428"},{"taxonomy":"product_cat","embeddable":true,"href":"https:\/\/lovesleepee.com\/de\/wp-json\/wp\/v2\/product_cat?post=14428"},{"taxonomy":"product_tag","embeddable":true,"href":"https:\/\/lovesleepee.com\/de\/wp-json\/wp\/v2\/product_tag?post=14428"}],"curies":[{"name":"wp","href":"https:\/\/api.w.org\/{rel}","templated":true}]}}