{"id":14421,"date":"2024-05-26T11:31:00","date_gmt":"2024-05-26T09:31:00","guid":{"rendered":"https:\/\/lovesleepee.com\/product\/newborn-sleeping-bag-bloom\/"},"modified":"2026-02-16T07:29:29","modified_gmt":"2026-02-16T06:29:29","slug":"neugeborenen-schlafsack-bloom","status":"publish","type":"product","link":"https:\/\/lovesleepee.com\/de\/produkt\/neugeborenen-schlafsack-bloom\/","title":{"rendered":"New Born Schlafsack"},"content":{"rendered":"<h2>Neugeborenen-Schlafsack - sicherer, weicher Schlaf vom ersten Tag an<\/h2>\n<p>Die <strong>Sleepee Newborn Schlafsack<\/strong> wurde speziell f\u00fcr die j\u00fcngsten Babys entwickelt - vom ersten Lebenstag an bis zu etwa 4 Monaten. Es ist aus atmungsaktiver Baumwolle gefertigt und so konzipiert, dass es eine sichere und beruhigende L\u00f6sung f\u00fcr Babys und Eltern darstellt.<\/p>\n<h2>Warum einen Schlafsack f\u00fcr Ihr Neugeborenes w\u00e4hlen?<\/h2>\n<p>Diese <strong>Schlafsack f\u00fcr Neugeborene<\/strong> hilft, die Temperatur Ihres Babys auf nat\u00fcrliche Weise zu regulieren, und vermeidet die Risiken, die mit losen Decken im Kinderbett verbunden sind. Es h\u00e4lt Ihr Baby die ganze Nacht \u00fcber sicher zugedeckt, ohne zu \u00fcberhitzen oder unbedeckt zu werden.<\/p>\n<h2>Durchdachtes Design f\u00fcr Komfort bei Tag und Nacht<\/h2>\n<ul>\n<li><strong>100% atmungsaktive Baumwolle<\/strong> - weich, nat\u00fcrlich und thermoregulierend<\/li>\n<li><strong>TOG-Bewertung:<\/strong> Ideal f\u00fcr die Aufrechterhaltung einer stabilen K\u00f6rpertemperatur<\/li>\n<li><strong>Doppelseitiger Rei\u00dfverschluss<\/strong> - einfacher n\u00e4chtlicher Windelwechsel ohne das Baby zu wecken<\/li>\n<li><strong>Abnehmbare \u00c4rmel mit Klettverschluss<\/strong> - Schnelles Abheben oder Einstellen ohne St\u00f6rung<\/li>\n<li><strong>Dekollet\u00e9-Schutz<\/strong> - verhindert Hautreizungen durch den Kontakt mit dem Rei\u00dfverschluss<\/li>\n<\/ul>\n<h2>Bewegungsfreiheit, ohne das Risiko, entdeckt zu werden<\/h2>\n<p>Die <strong>gro\u00dfz\u00fcgiger und flexibler Schnitt<\/strong> des Schlafsacks erm\u00f6glicht nat\u00fcrliche Babybewegungen, w\u00e4hrend Ihr Kind sicher eingewickelt bleibt. Egal, ob Ihr Baby sich streckt, wackelt oder still liegt - der Schlafsack bleibt an seinem Platz und bietet ihm Sicherheit.<\/p>\n<h2>Vorteile f\u00fcr Baby und Eltern<\/h2>\n<ul>\n<li>Ihr Baby bleibt die ganze Nacht zugedeckt - kein Verstellen der Bettdecke n\u00f6tig<\/li>\n<li>Reduziert das Risiko der Gesichtsbedeckung und des Erstickens<\/li>\n<li>Hilft, von den ersten Wochen an eine gesunde Schlafroutine zu etablieren<\/li>\n<li>Gibt den Eltern Sicherheit und eine bessere Schlafqualit\u00e4t<\/li>\n<\/ul>\n<h2>Einzelheiten zum Produkt<\/h2>\n<ul>\n<li><strong>Alter:<\/strong> Von 0 bis ca. 4 Monate<\/li>\n<li><strong>Material:<\/strong> 100% atmungsaktive Baumwolle<\/li>\n<li><strong>Verschluss:<\/strong> Doppelseitiger Rei\u00dfverschluss mit Nackenlasche<\/li>\n<li><strong>\u00c4rmel:<\/strong> Abnehmbar mit Klettverschluss<\/li>\n<li><strong>Zertifizierungen:<\/strong> \u00d6ko-Tex Standard 100 Klasse I - sicher f\u00fcr Neugeborene<\/li>\n<li><strong>Hergestellt in:<\/strong> Europ\u00e4ische Union<\/li>\n<\/ul>\n<h2>Elterntipp f\u00fcr ruhigen Schlaf<\/h2>\n<p>Ziehen Sie Ihrem Baby je nach Raumtemperatur einen leichten Body oder Schlafanzug unter den Schlafsack. Die atmungsaktive Baumwolle erledigt den Rest - sie bietet die ganze Nacht lang Komfort, W\u00e4rme und Sicherheit. Verwenden Sie den Schlafsack als Teil Ihrer Schlafenszeit-Routine, damit Ihr Baby den Schlafsack mit einem ruhigen, sicheren Schlaf assoziiert.<\/p>\n<p>Die <strong>Sleepee Newborn Schlafsack<\/strong> ist der ideale Start in einen sicheren und erholsamen Schlaf - f\u00fcr das Baby und f\u00fcr Sie.<\/p>\n\t\t\t<link rel=\"stylesheet\" id=\"elementor-post-8475-css\" href=\"https:\/\/lovesleepee.com\/wp-content\/uploads\/elementor\/css\/post-8475.css?ver=1778655796\" type=\"text\/css\" media=\"all\">\n\t\t\t\t\t<div data-elementor-type=\"wp-post\" data-elementor-id=\"8475\" class=\"elementor elementor-8475\" data-elementor-post-type=\"cms_block\">\n\t\t\t\t<div class=\"wd-negative-gap elementor-element elementor-element-cea10f7 e-flex e-con-boxed e-con e-parent\" data-id=\"cea10f7\" data-element_type=\"container\" data-e-type=\"container\">\n\t\t\t\t\t<div class=\"e-con-inner\">\n\t\t\t\t<div class=\"elementor-element elementor-element-f61e7df elementor-widget elementor-widget-gallery\" data-id=\"f61e7df\" data-element_type=\"widget\" data-e-type=\"widget\" data-settings=\"{&quot;gallery_layout&quot;:&quot;justified&quot;,&quot;ideal_row_height&quot;:{&quot;unit&quot;:&quot;px&quot;,&quot;size&quot;:245,&quot;sizes&quot;:[]},&quot;lazyload&quot;:&quot;yes&quot;,&quot;ideal_row_height_tablet&quot;:{&quot;unit&quot;:&quot;px&quot;,&quot;size&quot;:150,&quot;sizes&quot;:[]},&quot;ideal_row_height_mobile&quot;:{&quot;unit&quot;:&quot;px&quot;,&quot;size&quot;:150,&quot;sizes&quot;:[]},&quot;gap&quot;:{&quot;unit&quot;:&quot;px&quot;,&quot;size&quot;:10,&quot;sizes&quot;:[]},&quot;gap_tablet&quot;:{&quot;unit&quot;:&quot;px&quot;,&quot;size&quot;:10,&quot;sizes&quot;:[]},&quot;gap_mobile&quot;:{&quot;unit&quot;:&quot;px&quot;,&quot;size&quot;:10,&quot;sizes&quot;:[]},&quot;link_to&quot;:&quot;file&quot;,&quot;overlay_background&quot;:&quot;yes&quot;,&quot;content_hover_animation&quot;:&quot;fade-in&quot;}\" data-widget_type=\"gallery.default\">\n\t\t\t\t\t\t\t<div class=\"elementor-gallery__container\">\n\t\t\t\t\t\t\t<a class=\"e-gallery-item elementor-gallery-item elementor-animated-content\" href=\"https:\/\/lovesleepee.com\/wp-content\/uploads\/2025\/02\/tabelka-1.png\" data-elementor-open-lightbox=\"yes\" data-elementor-lightbox-slideshow=\"f61e7df\" data-elementor-lightbox-title=\"tabelka (1)\" data-e-action-hash=\"#elementor-action%3Aaction%3Dlightbox%26settings%3DeyJpZCI6ODQzNCwidXJsIjoiaHR0cHM6XC9cL2xvdmVzbGVlcGVlLmNvbVwvd3AtY29udGVudFwvdXBsb2Fkc1wvMjAyNVwvMDJcL3RhYmVsa2EtMS5wbmciLCJzbGlkZXNob3ciOiJmNjFlN2RmIn0%3D\">\n\t\t\t\t\t<div class=\"e-gallery-image elementor-gallery-item__image\" data-thumbnail=\"https:\/\/lovesleepee.com\/wp-content\/uploads\/2025\/02\/tabelka-1-768x432.png\" data-width=\"768\" data-height=\"432\" aria-label=\"\" role=\"img\" ><\/div>\n\t\t\t\t\t\t\t\t\t\t\t<div class=\"elementor-gallery-item__overlay\"><\/div>\n\t\t\t\t\t\t\t\t\t\t\t\t\t\t<\/a>\n\t\t\t\t\t\t\t<a class=\"e-gallery-item elementor-gallery-item elementor-animated-content\" href=\"https:\/\/lovesleepee.com\/wp-content\/uploads\/2025\/02\/grafika-newborn.png\" data-elementor-open-lightbox=\"yes\" data-elementor-lightbox-slideshow=\"f61e7df\" data-elementor-lightbox-title=\"grafika newborn\" data-e-action-hash=\"#elementor-action%3Aaction%3Dlightbox%26settings%3DeyJpZCI6ODQzNSwidXJsIjoiaHR0cHM6XC9cL2xvdmVzbGVlcGVlLmNvbVwvd3AtY29udGVudFwvdXBsb2Fkc1wvMjAyNVwvMDJcL2dyYWZpa2EtbmV3Ym9ybi5wbmciLCJzbGlkZXNob3ciOiJmNjFlN2RmIn0%3D\">\n\t\t\t\t\t<div class=\"e-gallery-image elementor-gallery-item__image\" data-thumbnail=\"https:\/\/lovesleepee.com\/wp-content\/uploads\/2025\/02\/grafika-newborn-768x768.png\" data-width=\"768\" data-height=\"768\" aria-label=\"\" role=\"img\" ><\/div>\n\t\t\t\t\t\t\t\t\t\t\t<div class=\"elementor-gallery-item__overlay\"><\/div>\n\t\t\t\t\t\t\t\t\t\t\t\t\t\t<\/a>\n\t\t\t\t\t<\/div>\n\t\t\t\t\t<\/div>\n\t\t\t\t\t<\/div>\n\t\t\t\t<\/div>\n\t\t\t\t<\/div>","protected":false},"excerpt":{"rendered":"<p><iframe width=\"560\" height=\"315\" src=\"https:\/\/www.youtube.com\/embed\/a0y-rz8EMEY?si=odVDno1je-S6rzIe\" title=\"YouTube-Video-Player\" frameborder=\"0\" allow=\"accelerometer; autoplay; clipboard-write; encrypted-media; gyroscope; picture-in-picture; web-share\" referrerpolicy=\"strict-origin-when-cross-origin\" allowfullscreen><\/iframe><\/p>","protected":false},"featured_media":4144,"comment_status":"closed","ping_status":"closed","template":"","meta":[],"product_brand":[],"product_cat":[789,787],"product_tag":[],"class_list":{"0":"post-14421","1":"product","2":"type-product","3":"status-publish","4":"has-post-thumbnail","6":"product_cat-newborn-sleeping-bag","7":"product_cat-sleeping-bags","8":"pa_age-group-0-4-months","9":"pa_age-to-4-months","10":"pa_collection-bohemian","11":"pa_collection-essential","12":"pa_collection-vintage-animals","13":"pa_color-beige","14":"pa_color-blue","15":"pa_color-dots","16":"pa_color-green","17":"pa_color-white","18":"pa_fabric-100-cotton","19":"pa_marker-bestseller","20":"pa_pattern-bloom","21":"pa_pattern-dots","22":"pa_pattern-eukaliptus","23":"pa_pattern-green","24":"pa_pattern-ivory-forest","25":"pa_pattern-sand","26":"pa_pattern-sky-blue","27":"pa_producer-sleepee","28":"pa_product-type-newborn-sleeping-bag","29":"pa_style-with-patterns","30":"pa_unit-pcs","32":"first","33":"instock","34":"purchasable","35":"product-type-variable","36":"wvs-archive-product-wrapper"},"_links":{"self":[{"href":"https:\/\/lovesleepee.com\/de\/wp-json\/wp\/v2\/product\/14421","targetHints":{"allow":["GET"]}}],"collection":[{"href":"https:\/\/lovesleepee.com\/de\/wp-json\/wp\/v2\/product"}],"about":[{"href":"https:\/\/lovesleepee.com\/de\/wp-json\/wp\/v2\/types\/product"}],"replies":[{"embeddable":true,"href":"https:\/\/lovesleepee.com\/de\/wp-json\/wp\/v2\/comments?post=14421"}],"wp:featuredmedia":[{"embeddable":true,"href":"https:\/\/lovesleepee.com\/de\/wp-json\/wp\/v2\/media\/4144"}],"wp:attachment":[{"href":"https:\/\/lovesleepee.com\/de\/wp-json\/wp\/v2\/media?parent=14421"}],"wp:term":[{"taxonomy":"product_brand","embeddable":true,"href":"https:\/\/lovesleepee.com\/de\/wp-json\/wp\/v2\/product_brand?post=14421"},{"taxonomy":"product_cat","embeddable":true,"href":"https:\/\/lovesleepee.com\/de\/wp-json\/wp\/v2\/product_cat?post=14421"},{"taxonomy":"product_tag","embeddable":true,"href":"https:\/\/lovesleepee.com\/de\/wp-json\/wp\/v2\/product_tag?post=14421"}],"curies":[{"name":"wp","href":"https:\/\/api.w.org\/{rel}","templated":true}]}}