{"id":14414,"date":"2024-05-26T11:31:00","date_gmt":"2024-05-26T09:31:00","guid":{"rendered":"https:\/\/lovesleepee.com\/product\/grow-up-sleeping-bag-bloom\/"},"modified":"2026-02-16T07:29:25","modified_gmt":"2026-02-16T06:29:25","slug":"grow-up-schlafsack-bloom","status":"publish","type":"product","link":"https:\/\/lovesleepee.com\/de\/produkt\/grow-up-schlafsack-bloom\/","title":{"rendered":"Grow Up Schlafsack"},"content":{"rendered":"<h2>Verstellbarer Babyschlafsack - w\u00e4chst mit Ihrem Kind von 0 bis 24 Monaten<\/h2>\n<p>Die <strong>Sleepee Grow Up Schlafsack<\/strong> ist eine intelligente, langfristige L\u00f6sung f\u00fcr einen ruhigen und sicheren Schlaf. Entwickelt, um sich dem Wachstum Ihres Babys anzupassen, ist dieses <strong>verstellbarer Schlafsack<\/strong> passt Neugeborenen und Kleinkindern bis zu 2 Jahren, so dass Sie nicht mehrere Gr\u00f6\u00dfen kaufen m\u00fcssen, wenn Ihr Kind w\u00e4chst.<\/p>\n<h2>Ein Schlafsack, zwei Jahre Komfort<\/h2>\n<p>Diese <strong>mitwachsender Schlafsack<\/strong> verf\u00fcgt \u00fcber clevere Druckkn\u00f6pfe am R\u00fccken, mit denen sich die Tasche je nach Gr\u00f6\u00dfe Ihres Kindes verk\u00fcrzen oder verl\u00e4ngern l\u00e4sst. Zus\u00e4tzliche Druckkn\u00f6pfe an den Armausschnitten helfen dabei, die Passform um die Schultern Ihres Babys herum zu regulieren und bieten optimalen Komfort und W\u00e4rme in jeder Phase.<\/p>\n<h2>Sicher, atmungsaktiv und mit TOG 2.5 bewertet<\/h2>\n<p>Hergestellt aus <strong>100% atmungsaktive Baumwolle<\/strong>Dieser Schlafsack sorgt f\u00fcr eine stabile K\u00f6rpertemperatur - er h\u00e4lt Ihr Baby warm, ohne dass die Gefahr einer \u00dcberhitzung besteht. Mit einer <strong>TOG-Bewertung von 2,5<\/strong>Sie ist ideal f\u00fcr den ganzj\u00e4hrigen Einsatz in R\u00e4umen mit einer Temperatur zwischen 18\u00b0C und 22\u00b0C. Au\u00dferdem ist der Stoff <strong>\u00d6ko-Tex Standard 100 Klasse I zertifiziert<\/strong>Das hei\u00dft, es ist frei von Schadstoffen und vollkommen sicher f\u00fcr empfindliche Haut.<\/p>\n<h2>Praktisch und einfach f\u00fcr die Nacht<\/h2>\n<p>Die Eltern werden die <strong>beidseitiger Rei\u00dfverschluss<\/strong> die den n\u00e4chtlichen Windelwechsel schnell und einfach macht - ohne Ihr Baby zu wecken. Die <strong>Mit Klettverschluss befestigte \u00c4rmel<\/strong> sind vollst\u00e4ndig abnehmbar, so dass Sie den Schlafsack an die Raumtemperatur anpassen k\u00f6nnen. Eine Schutzlasche am Halsausschnitt verhindert, dass der Rei\u00dfverschluss den Hals oder das Kinn Ihres Babys reizt.<\/p>\n<h2>Freiheit, sich zu bewegen, aber nicht zu entbl\u00f6\u00dfen<\/h2>\n<p>Dank seines ger\u00e4umigen Designs ist dieser <strong>Schlafsack f\u00fcr Kleinkinder<\/strong> erm\u00f6glicht es Babys, sich zu strampeln, zu rollen und sich bequem aufzusetzen - und verhindert gleichzeitig, dass sie sich w\u00e4hrend des Schlafs aus der Decke sto\u00dfen. Es f\u00f6rdert gesunde Schlafgewohnheiten, hilft Babys, sich sicher zu f\u00fchlen, und gibt den Eltern die ganze Nacht hindurch ein beruhigendes Gef\u00fchl.<\/p>\n<h2>Vorteile f\u00fcr Eltern<\/h2>\n<ul>\n<li>Kein Aufwachen mehr, um zu pr\u00fcfen, ob Ihr Baby zugedeckt ist<\/li>\n<li>Verringert das Risiko der Gesichtsverdeckung durch lose Decken<\/li>\n<li>F\u00f6rdert eine konsequente Schlafenszeit-Routine<\/li>\n<li>Erspart den Nachkauf von gr\u00f6\u00dferen Schlafs\u00e4cken<\/li>\n<\/ul>\n<h2>Einzelheiten zum Produkt<\/h2>\n<ul>\n<li><strong>Verwendung:<\/strong> Von 0 bis ca. 24 Monate<\/li>\n<li><strong>Material:<\/strong> 100% atmungsaktive Baumwolle<\/li>\n<li><strong>TOG-Bewertung:<\/strong> 2,5 - ideal f\u00fcr die meisten Jahreszeiten<\/li>\n<li><strong>Merkmale:<\/strong> Verstellbare L\u00e4nge, abnehmbare \u00c4rmel, doppelseitiger Rei\u00dfverschluss, Sicherheitslasche am Hals<\/li>\n<li><strong>Zertifizierungen:<\/strong> \u00d6ko-Tex Standard 100 Klasse I<\/li>\n<li><strong>Hergestellt in:<\/strong> Europ\u00e4ische Union (handgefertigt)<\/li>\n<\/ul>\n<h2>Tipp f\u00fcr eine bessere Schlafroutine<\/h2>\n<p>Verwenden Sie den Schlafsack konsequent als Teil der Schlafenszeitroutine Ihres Babys. Ziehen Sie Ihrem Baby je nach Raumtemperatur einen atmungsaktiven Strampler oder einen lang\u00e4rmeligen Body an und beobachten Sie seinen R\u00fccken oder Nacken (nicht H\u00e4nde oder F\u00fc\u00dfe), um festzustellen, ob ihm zu warm oder zu kalt ist.<\/p>\n<p>Die <strong>Sleepee Grow Up Schlafsack<\/strong> ist die ultimative L\u00f6sung f\u00fcr langfristigen, sicheren und sorgenfreien Schlaf - vom ersten Mittagsschlaf bis ins Kleinkindalter.<\/p>\n<p><iframe width=\"560\" height=\"315\" frameborder=\"0\"><\/iframe><\/p>\n<div class=\"box loading\"><div class=\"woocommerce\"><\/div><\/div>\n\t\t\t<link rel=\"stylesheet\" id=\"elementor-post-8472-css\" href=\"https:\/\/lovesleepee.com\/wp-content\/uploads\/elementor\/css\/post-8472.css?ver=1778026553\" type=\"text\/css\" media=\"all\">\n\t\t\t\t\t<div data-elementor-type=\"wp-post\" data-elementor-id=\"8472\" class=\"elementor elementor-8472\" data-elementor-post-type=\"cms_block\">\n\t\t\t\t<div class=\"wd-negative-gap elementor-element elementor-element-20ac35b e-flex e-con-boxed e-con e-parent\" data-id=\"20ac35b\" data-element_type=\"container\" data-e-type=\"container\">\n\t\t\t\t\t<div class=\"e-con-inner\">\n\t\t\t\t<div class=\"elementor-element elementor-element-66526ec elementor-widget elementor-widget-gallery\" data-id=\"66526ec\" data-element_type=\"widget\" data-e-type=\"widget\" data-settings=\"{&quot;gallery_layout&quot;:&quot;justified&quot;,&quot;ideal_row_height&quot;:{&quot;unit&quot;:&quot;px&quot;,&quot;size&quot;:233,&quot;sizes&quot;:[]},&quot;lazyload&quot;:&quot;yes&quot;,&quot;ideal_row_height_tablet&quot;:{&quot;unit&quot;:&quot;px&quot;,&quot;size&quot;:150,&quot;sizes&quot;:[]},&quot;ideal_row_height_mobile&quot;:{&quot;unit&quot;:&quot;px&quot;,&quot;size&quot;:150,&quot;sizes&quot;:[]},&quot;gap&quot;:{&quot;unit&quot;:&quot;px&quot;,&quot;size&quot;:10,&quot;sizes&quot;:[]},&quot;gap_tablet&quot;:{&quot;unit&quot;:&quot;px&quot;,&quot;size&quot;:10,&quot;sizes&quot;:[]},&quot;gap_mobile&quot;:{&quot;unit&quot;:&quot;px&quot;,&quot;size&quot;:10,&quot;sizes&quot;:[]},&quot;link_to&quot;:&quot;file&quot;,&quot;overlay_background&quot;:&quot;yes&quot;,&quot;content_hover_animation&quot;:&quot;fade-in&quot;}\" data-widget_type=\"gallery.default\">\n\t\t\t\t\t\t\t<div class=\"elementor-gallery__container\">\n\t\t\t\t\t\t\t<a class=\"e-gallery-item elementor-gallery-item elementor-animated-content\" href=\"https:\/\/lovesleepee.com\/wp-content\/uploads\/2025\/02\/tabelka.png\" data-elementor-open-lightbox=\"yes\" data-elementor-lightbox-slideshow=\"66526ec\" data-elementor-lightbox-title=\"tabelka\" data-e-action-hash=\"#elementor-action%3Aaction%3Dlightbox%26settings%3DeyJpZCI6ODQzMiwidXJsIjoiaHR0cHM6XC9cL2xvdmVzbGVlcGVlLmNvbVwvd3AtY29udGVudFwvdXBsb2Fkc1wvMjAyNVwvMDJcL3RhYmVsa2EucG5nIiwic2xpZGVzaG93IjoiNjY1MjZlYyJ9\">\n\t\t\t\t\t<div class=\"e-gallery-image elementor-gallery-item__image\" data-thumbnail=\"https:\/\/lovesleepee.com\/wp-content\/uploads\/2025\/02\/tabelka-768x432.png\" data-width=\"768\" data-height=\"432\" aria-label=\"\" role=\"img\" ><\/div>\n\t\t\t\t\t\t\t\t\t\t\t<div class=\"elementor-gallery-item__overlay\"><\/div>\n\t\t\t\t\t\t\t\t\t\t\t\t\t\t<\/a>\n\t\t\t\t\t\t\t<a class=\"e-gallery-item elementor-gallery-item elementor-animated-content\" href=\"https:\/\/lovesleepee.com\/wp-content\/uploads\/2025\/02\/grafika-grow-up.png\" data-elementor-open-lightbox=\"yes\" data-elementor-lightbox-slideshow=\"66526ec\" data-elementor-lightbox-title=\"grafika-grow-up\" data-e-action-hash=\"#elementor-action%3Aaction%3Dlightbox%26settings%3DeyJpZCI6ODQzMywidXJsIjoiaHR0cHM6XC9cL2xvdmVzbGVlcGVlLmNvbVwvd3AtY29udGVudFwvdXBsb2Fkc1wvMjAyNVwvMDJcL2dyYWZpa2EtZ3Jvdy11cC5wbmciLCJzbGlkZXNob3ciOiI2NjUyNmVjIn0%3D\">\n\t\t\t\t\t<div class=\"e-gallery-image elementor-gallery-item__image\" data-thumbnail=\"https:\/\/lovesleepee.com\/wp-content\/uploads\/2025\/02\/grafika-grow-up-768x768.png\" data-width=\"768\" data-height=\"768\" aria-label=\"\" role=\"img\" ><\/div>\n\t\t\t\t\t\t\t\t\t\t\t<div class=\"elementor-gallery-item__overlay\"><\/div>\n\t\t\t\t\t\t\t\t\t\t\t\t\t\t<\/a>\n\t\t\t\t\t<\/div>\n\t\t\t\t\t<\/div>\n\t\t\t\t\t<\/div>\n\t\t\t\t<\/div>\n\t\t\t\t<\/div>","protected":false},"excerpt":{"rendered":"<p><iframe width=\"560\" height=\"315\" src=\"https:\/\/www.youtube.com\/embed\/6N1dh6U3HoA?si=rqHJuAXDYklkSnA5\" title=\"YouTube-Video-Player\" frameborder=\"0\" allow=\"accelerometer; autoplay; clipboard-write; encrypted-media; gyroscope; picture-in-picture; web-share\" referrerpolicy=\"strict-origin-when-cross-origin\" allowfullscreen><\/iframe><\/p>","protected":false},"featured_media":4047,"comment_status":"closed","ping_status":"closed","template":"","meta":[],"product_brand":[],"product_cat":[788,787],"product_tag":[],"class_list":{"0":"post-14414","1":"product","2":"type-product","3":"status-publish","4":"has-post-thumbnail","6":"product_cat-grow-up-sleeping-bag","7":"product_cat-sleeping-bags","8":"pa_age-group-newborn","9":"pa_age-to-3-years","10":"pa_collection-bohemian","11":"pa_collection-essential","12":"pa_collection-vintage-animals","13":"pa_color-beige","14":"pa_color-blue","15":"pa_color-dots","16":"pa_color-green","17":"pa_color-white","18":"pa_fabric-100-cotton","19":"pa_marker-bestseller","20":"pa_pattern-bloom","21":"pa_pattern-dots","22":"pa_pattern-eucalyptus","23":"pa_pattern-eukaliptus","24":"pa_pattern-green","25":"pa_pattern-ivory-forest","26":"pa_pattern-sand","27":"pa_pattern-sky-blue","28":"pa_producer-sleepee","29":"pa_product-type-grow-up-sleeping-bag","30":"pa_style-two-sided","31":"pa_unit-pcs","33":"first","34":"instock","35":"purchasable","36":"product-type-variable","37":"wvs-archive-product-wrapper"},"_links":{"self":[{"href":"https:\/\/lovesleepee.com\/de\/wp-json\/wp\/v2\/product\/14414","targetHints":{"allow":["GET"]}}],"collection":[{"href":"https:\/\/lovesleepee.com\/de\/wp-json\/wp\/v2\/product"}],"about":[{"href":"https:\/\/lovesleepee.com\/de\/wp-json\/wp\/v2\/types\/product"}],"replies":[{"embeddable":true,"href":"https:\/\/lovesleepee.com\/de\/wp-json\/wp\/v2\/comments?post=14414"}],"wp:featuredmedia":[{"embeddable":true,"href":"https:\/\/lovesleepee.com\/de\/wp-json\/wp\/v2\/media\/4047"}],"wp:attachment":[{"href":"https:\/\/lovesleepee.com\/de\/wp-json\/wp\/v2\/media?parent=14414"}],"wp:term":[{"taxonomy":"product_brand","embeddable":true,"href":"https:\/\/lovesleepee.com\/de\/wp-json\/wp\/v2\/product_brand?post=14414"},{"taxonomy":"product_cat","embeddable":true,"href":"https:\/\/lovesleepee.com\/de\/wp-json\/wp\/v2\/product_cat?post=14414"},{"taxonomy":"product_tag","embeddable":true,"href":"https:\/\/lovesleepee.com\/de\/wp-json\/wp\/v2\/product_tag?post=14414"}],"curies":[{"name":"wp","href":"https:\/\/api.w.org\/{rel}","templated":true}]}}