{"id":3138,"date":"2024-05-24T06:42:59","date_gmt":"2024-05-24T06:42:59","guid":{"rendered":"https:\/\/lovesleepee.com\/?page_id=3138"},"modified":"2025-03-13T18:49:48","modified_gmt":"2025-03-13T18:49:48","slug":"bedingungen-und-konditionen","status":"publish","type":"page","link":"https:\/\/lovesleepee.com\/de\/bedingungen-und-konditionen\/","title":{"rendered":"Bedingungen und Konditionen"},"content":{"rendered":"<div data-elementor-type=\"wp-page\" data-elementor-id=\"3138\" class=\"elementor elementor-3138\" data-elementor-post-type=\"page\">\n\t\t\t\t<div class=\"elementor-element elementor-element-e13431a e-con-full e-flex e-con e-parent\" data-id=\"e13431a\" data-element_type=\"container\" data-e-type=\"container\">\n\t\t\t\t<div class=\"elementor-element elementor-element-91a21ce color-scheme-inherit text-left elementor-widget elementor-widget-text-editor\" data-id=\"91a21ce\" data-element_type=\"widget\" data-e-type=\"widget\" data-widget_type=\"text-editor.default\">\n\t\t\t\t\t\t\t\t\t<h1 style=\"text-align: center;\"><strong>Allgemeine Gesch\u00e4ftsbedingungen des Sleepee Online Shops <\/strong><a href=\"https:\/\/lovesleepee.com\/de\/\"><strong>https:\/\/lovesleepee.com<\/strong><\/a><strong> (\"Laden\")<\/strong><\/h1><p><strong>Festlegung u.a. der Regeln f\u00fcr den Abschluss von Kaufvertr\u00e4gen \u00fcber den Shop, mit den wichtigsten Informationen \u00fcber den Verk\u00e4ufer, den Shop und die Verbraucherrechte.<\/strong><\/p><p>Die Bestimmungen \u00fcber den privilegierten Unternehmer gelten f\u00fcr Vertr\u00e4ge, die ab dem 1. Januar 2025 geschlossen werden.<\/p><p><strong>INHALTSVERZEICHNIS<\/strong><\/p><ol><li>Definitionen<\/li><li>Kontakt mit dem Verk\u00e4ufer<\/li><li>Technische Anforderungen<\/li><li>Einkaufen im Gesch\u00e4ft<\/li><li>Zahlungen<\/li><li>Auftragsabwicklung<\/li><li>R\u00fccktrittsrecht<\/li><li>Ausnahmen vom R\u00fccktrittsrecht<\/li><li>Beanstandungen<\/li><li>Pers\u00f6nliche Daten<\/li><li>Reservierungen<\/li><\/ol><p><strong>Anhang Nr. 1: Muster-Widerrufsformular<\/strong><\/p><ul><li><strong> 1 BEGRIFFSBESTIMMUNGEN<\/strong><\/li><\/ul><ul><li><strong>Gesch\u00e4ftstage<\/strong> - Tage von Montag bis Freitag, au\u00dfer an Feiertagen.<\/li><li><strong>Verbraucher<\/strong> - ein Verbraucher im Sinne des B\u00fcrgerlichen Gesetzbuches.<\/li><li><strong>Konto<\/strong> - eine kostenlose Funktion des Shops, f\u00fcr die gesonderte Bedingungen gelten (ein elektronisch bereitgestellter Dienst), die es dem K\u00e4ufer erm\u00f6glicht, ein individuelles Konto im Shop einzurichten.<\/li><li><strong>K\u00e4ufer<\/strong> - jede Person, die in dem Gesch\u00e4ft einkauft.<\/li><li><strong>Privilegierter K\u00e4ufer<\/strong> - ein Verbraucher oder ein privilegierter Unternehmer.<\/li><li><strong>Privilegierter Unternehmer<\/strong> - eine nat\u00fcrliche Person, die mit dem Verk\u00e4ufer einen Vertrag abschlie\u00dft, der in direktem Zusammenhang mit ihrer Gesch\u00e4ftst\u00e4tigkeit steht, aber nicht beruflicher Natur ist (Definition gilt f\u00fcr Vertr\u00e4ge, die ab dem 1. Januar 2021 geschlossen werden).<\/li><li><strong>Bedingungen und Konditionen<\/strong> - diese Bedingungen und Konditionen.<\/li><li><strong>Laden Sie<\/strong> - den Sleepee-Onlineshop, der Windeln, Decken und Nestchen f\u00fcr Kinder verkauft und vom Verk\u00e4ufer unter https:\/\/lovesleepee.com\/ betrieben wird.<\/li><li><strong>Verk\u00e4ufer<\/strong> - Unternehmer, die in der Zentralen Registrierung und Information \u00fcber Unternehmen registriert sind:<ul><li>Agnieszka Prusator, NIP 1181483869, REGON 140829684, t\u00e4tig unter dem Namen Sleepee S.C.<\/li><li>Katarzyna Kara\u015bkiewicz, NIP 5272396428, REGON 141712381, t\u00e4tig unter dem Namen Sleepee S.C.<\/li><\/ul><\/li><\/ul><p>Die Gesellschaft b\u00fcrgerlichen Rechts Sleepee Agnieszka Prusator, Katarzyna Kara\u015bkiewicz Sp\u00f3\u0142ka Cywilna (kurz - Sleepee S.C.), mit Sitz in der ul. D\u017awigowa 13A, 80-414 Gda\u0144sk, Polen, MwSt.-Nr. EU: 7010569395, REGON 364235623.<\/p><ul><li><strong> 2 KONTAKT MIT DEM VERK\u00c4UFER<\/strong><\/li><\/ul><ol><li>Postanschrift: ul. Owczarska 11A, 01-351 Warschau, Polen<\/li><li>E-Mail-Adresse: hello@lovesleepee.com<\/li><li>Telefon: +48 690 905 260<\/li><li>R\u00fccksendeadresse (bei R\u00fccktritt vom Vertrag): Sleepee StoreIt, ul. Om\u0142otowa 23, 94-251 \u0141\u00f3d\u017a, Polen<\/li><li>Adresse f\u00fcr die Einsendung von Beschwerden: hello@lovesleepee.com<\/li><\/ol><ul><li><strong> 3 TECHNISCHE ANFORDERUNGEN<\/strong><\/li><\/ul><ol><li>Um den Store richtig nutzen zu k\u00f6nnen, ben\u00f6tigen Sie:<ul><li>Ein Ger\u00e4t mit Internetzugang<\/li><li>Ein Webbrowser, der JavaScript und Cookies unterst\u00fctzt<\/li><\/ul><\/li><li>Um eine Bestellung aufzugeben, ist ein aktives E-Mail-Konto erforderlich.<\/li><\/ol><ul><li><strong> 4 EINKAUFEN IM GESCH\u00c4FT<\/strong><\/li><\/ul><ol><li>Die im Shop angezeigten Produktpreise sind Gesamtpreise f\u00fcr die Waren.<\/li><li>Der Gesamtpreis der Bestellung umfasst den Preis des Produkts und ggf. die Lieferkosten.<\/li><li>Das ausgew\u00e4hlte Produkt muss in den Warenkorb des Shops gelegt werden.<\/li><li>Der K\u00e4ufer w\u00e4hlt dann die Liefer- und Zahlungsart aus und gibt die f\u00fcr die Auftragsabwicklung erforderlichen Daten an.<\/li><li>Der Auftrag wird mit der Best\u00e4tigung seines Inhalts und der Annahme der Allgemeinen Gesch\u00e4ftsbedingungen durch den K\u00e4ufer erteilt.<\/li><li>Mit der Aufgabe einer Bestellung kommt ein Kaufvertrag zwischen dem K\u00e4ufer und dem Verk\u00e4ufer zustande.<\/li><li>Der Verk\u00e4ufer stellt dem privilegierten K\u00e4ufer sp\u00e4testens bei der Lieferung der Waren eine Best\u00e4tigung des Kaufvertrags auf einem dauerhaften Datentr\u00e4ger zur Verf\u00fcgung.<\/li><li>Der K\u00e4ufer kann sich im Shop registrieren, d.h. ein Konto einrichten, oder ohne Registrierung einkaufen, indem er bei jeder Bestellung seine Daten angibt.<\/li><\/ol><ul><li><strong> 5 BEZAHLUNGEN<\/strong><\/li><\/ul><ol><li>Die Bezahlung der Bestellung kann \u00fcber erfolgen:<ul><li>Zahlungskarte (Visa, Visa Electron, MasterCard, MasterCard Electronic, Maestro)<\/li><li>Online-Zahlungsplattformen (Paypal, Stripe)<\/li><li>Apple Pay, Google Pay<\/li><\/ul><\/li><\/ol><ul><li><strong> 6 AUFTRAGSABWICKLUNG<\/strong><\/li><\/ul><ol><li>Der Verk\u00e4ufer ist verpflichtet, die Ware frei von M\u00e4ngeln zu liefern.<\/li><li>Der Erf\u00fcllungszeitraum der Bestellung ist im Shop angegeben.<\/li><li>W\u00e4hlt der K\u00e4ufer die Zahlungsart Vorkasse, beginnt der Verk\u00e4ufer mit der Bearbeitung der Bestellung erst nach Eingang der Zahlung.<\/li><li>Die Bestellung wird in die folgenden L\u00e4nder geliefert:<ul><li>\u00d6sterreich, Belgien, D\u00e4nemark, Frankreich, Griechenland, Spanien, Niederlande, Irland, Litauen, Deutschland, Norwegen, Portugal, Slowenien, USA, Schweiz, Schweden, Vereinigtes K\u00f6nigreich, Italien.<\/li><\/ul><\/li><li>Die Waren werden geliefert \u00fcber:<ul><li>Kurierdienst<\/li><li>Paketschlie\u00dff\u00e4cher<\/li><\/ul><\/li><\/ol><ul><li><strong> 7 WIDERRUFSRECHT<\/strong><\/li><\/ul><ol><li>Der privilegierte K\u00e4ufer hat das Recht, den Vertrag innerhalb von 14 Tagen ohne Angabe von Gr\u00fcnden zu widerrufen.<\/li><li>Die Widerrufsfrist l\u00e4uft nach 14 Tagen ab:<ul><li>Entgegennahme der Waren durch den K\u00e4ufer oder einen vom K\u00e4ufer angegebenen Dritten.<\/li><li>Erhalt der letzten Sendung (bei Bestellungen mit mehreren getrennt gelieferten Sendungen).<\/li><\/ul><\/li><li>Der K\u00e4ufer muss den Verk\u00e4ufer per E-Mail \u00fcber seine Entscheidung zum R\u00fccktritt informieren.<\/li><li>Der Verk\u00e4ufer erstattet die erhaltenen Zahlungen, ausschlie\u00dflich der Versandkosten, sp\u00e4testens 14 Tage nach Erhalt der zur\u00fcckgesandten Ware.<\/li><li>Die Kosten f\u00fcr die R\u00fccksendung gehen zu Lasten des K\u00e4ufers.<\/li><\/ol><ul><li><strong> 8 AUSNAHMEN VOM WIDERRUFSRECHT<\/strong><\/li><\/ul><p>Das Widerrufsrecht gilt nicht f\u00fcr:<\/p><ul><li>Ma\u00dfgeschneiderte Produkte<\/li><li>Verderbliche Waren<\/li><li>Versiegelte Artikel, die aus gesundheitlichen oder hygienischen Gr\u00fcnden nach dem \u00d6ffnen nicht zur\u00fcckgegeben werden k\u00f6nnen<\/li><li>Digitale Produkte oder Software, die in einer versiegelten Verpackung geliefert werden, sofern diese ge\u00f6ffnet wurde<\/li><\/ul><ul><li><strong> 9 BESCHWERDEN<\/strong><\/li><\/ul><ol><li>Wenn das Produkt mangelhaft ist, kann der K\u00e4ufer eine Reklamation auf der Grundlage der Garantiebestimmungen oder der geltenden Garantie einreichen.<\/li><li>Der Verk\u00e4ufer haftet f\u00fcr Sachm\u00e4ngel, die innerhalb von zwei Jahren nach der Lieferung festgestellt werden.<\/li><li>Reklamationen sind per E-Mail oder Post an den Verk\u00e4ufer zu richten.<\/li><li>Die Beschwerden werden innerhalb von 14 Tagen gepr\u00fcft.<\/li><\/ol><ul><li><strong> 10 PERSONENBEZOGENE DATEN<\/strong><\/li><\/ul><ol><li>Der Verk\u00e4ufer ist der Verwalter der pers\u00f6nlichen Daten des K\u00e4ufers.<\/li><li>Die personenbezogenen Daten des K\u00e4ufers werden zur Erf\u00fcllung der Bestellung verarbeitet und k\u00f6nnen f\u00fcr rechtliche Zwecke verwendet werden.<\/li><li>Der K\u00e4ufer hat das Recht auf Zugang, Berichtigung, L\u00f6schung und Einschr\u00e4nkung der Verarbeitung seiner personenbezogenen Daten.<\/li><\/ol><ul><li><strong> 11 RESERVIERUNGEN<\/strong><\/li><\/ul><ol><li>Es ist verboten, rechtswidrige Inhalte \u00fcber den Shop anzubieten.<\/li><li>Jede im Shop aufgegebene Bestellung ist ein separater Vertrag, der die Annahme der Allgemeinen Gesch\u00e4ftsbedingungen erfordert.<\/li><li>Die Vertr\u00e4ge im Rahmen dieser Bedingungen werden in polnischer Sprache geschlossen.<\/li><li>Im Falle eines Rechtsstreits ist das Gericht am Sitz des Verk\u00e4ufers zust\u00e4ndig.<\/li><\/ol><ul><li><strong> 12 <\/strong><strong>Kontoregelung<\/strong><\/li><\/ul><p>f\u00fcr das Sleepee-Gesch\u00e4ft - ein Gesch\u00e4ft mit Windeln, Decken und Baby-Nestern<\/p><p><strong>INHALTSVERZEICHNIS<\/strong><\/p><ul><li><strong> 1<\/strong> Definitionen<br \/><strong>\u00a7 2<\/strong> Kontakt mit dem Verk\u00e4ufer<br \/><strong>\u00a7 3<\/strong> Technische Anforderungen<br \/><strong>\u00a7 4<\/strong> Konto<br \/><strong>\u00a7 5<\/strong> Beanstandungen<br \/><strong>\u00a7 6<\/strong> Pers\u00f6nliche Daten<br \/><strong>\u00a7 7<\/strong> Reservierungen<\/li><li><strong> 1 BEGRIFFSBESTIMMUNGEN<\/strong><\/li><\/ul><ul><li><strong>Verbraucher<\/strong> - Ein Verbraucher im Sinne des B\u00fcrgerlichen Gesetzbuches.<\/li><li><strong>Konto<\/strong> - Eine in diesen Bedingungen geregelte kostenlose Funktion des Shops (Service), die es dem K\u00e4ufer erm\u00f6glicht, ein individuelles Konto im Shop zu erstellen.<\/li><li><strong>K\u00e4ufer<\/strong> - Jede Person, die einen Kauf im Shop t\u00e4tigt.<\/li><li><strong>Privilegierter K\u00e4ufer<\/strong> - Ein Verbraucher oder ein privilegierter Unternehmer.<\/li><li><strong>Privilegierter Unternehmer<\/strong> - Eine nat\u00fcrliche Person, die mit dem Verk\u00e4ufer einen Vertrag abschlie\u00dft, der in direktem Zusammenhang mit ihrer gesch\u00e4ftlichen T\u00e4tigkeit steht, aber keinen beruflichen Charakter hat (Definition g\u00fcltig f\u00fcr Vertr\u00e4ge, die ab dem 1. Januar 2021 abgeschlossen werden).<\/li><li><strong>Verordnungen<\/strong> - Diese Kontovorschriften.<\/li><li><strong>Laden Sie<\/strong> - Der Online-Shop Sleepee, der Windeln, Decken und Baby-Nester verkauft und vom Verk\u00e4ufer unter <a href=\"https:\/\/sleepee.pl\" target=\"_blank\" rel=\"noopener\"><strong>https:\/\/lovesleepee.com<\/strong><\/a>.<\/li><li><strong>Verk\u00e4ufer<\/strong> - Unternehmer, die bei der Zentralen Registrierung und Information \u00fcber Unternehmen (CEIDG) in Polen registriert sind:<\/li><\/ul><ol><li><strong>Agnieszka Prusator<\/strong>, NIP: <strong>1181483869<\/strong>, REGON: <strong>140829684<\/strong>die Gesch\u00e4fte unter dem Namen <strong>Sleepee S.C.<\/strong> - Partner in einer Lebenspartnerschaft.<br \/>b. <strong>Katarzyna Kara\u015bkiewicz<\/strong>, NIP: <strong>5272396428<\/strong>, REGON: <strong>141712381<\/strong>die Gesch\u00e4fte unter dem Namen <strong>Sleepee S.C.<\/strong> - Partner in einer Lebenspartnerschaft.<\/li><\/ol><p>Arbeiten im Rahmen der Lebenspartnerschaft <strong>Schl\u00e4ferin Agnieszka Prusator, Katarzyna Kara\u015bkiewicz Sp\u00f3\u0142ka Cywilna<\/strong> (kurz - Sleepee S.C.) mit eingetragenem Sitz in <strong>D\u017awigowa 13A, 80-414 Gda\u0144sk, Polen, MwSt.-Nr. EU: PL7010569395, REGON: 364235623<\/strong>.<\/p><ul><li><strong> 2 KONTAKT MIT DEM VERK\u00c4UFER<\/strong><\/li><\/ul><ol><li><strong>Postanschrift<\/strong>ul. Owczarska 11A, 01-351 Warszawa, Polen<\/li><li><strong>E-Mail<\/strong>: hello@lovesleepee.com<\/li><li><strong>Telefon<\/strong>: +48 690 905 260<\/li><\/ol><ul><li><strong> 3 TECHNISCHE ANFORDERUNGEN<\/strong><\/li><\/ul><p>Um ordnungsgem\u00e4\u00df zu funktionieren und ein Konto zu erstellen, sind folgende Angaben erforderlich:<\/p><ul><li>Ein aktives E-Mail-Konto<\/li><li>Ein Ger\u00e4t mit Internetzugang<\/li><li>Ein Webbrowser, der JavaScript und Cookies unterst\u00fctzt<\/li><\/ul><ul><li><strong> 4 KONTO<\/strong><\/li><\/ul><ol><li>Erstellen einer <strong>Konto<\/strong> ist v\u00f6llig freiwillig und h\u00e4ngt von der Entscheidung des K\u00e4ufers ab.<\/li><li>Die <strong>Konto<\/strong> bietet zus\u00e4tzliche Funktionen wie die Anzeige des Bestellverlaufs, die \u00dcberpr\u00fcfung des Bestellstatus und die Bearbeitung pers\u00f6nlicher Daten.<\/li><li>So erstellen Sie eine <strong>Konto<\/strong>muss der K\u00e4ufer ein Registrierungsformular auf der Website des Shops ausf\u00fcllen.<\/li><li>Wenn ein <strong>Konto<\/strong> erstellt wird, eine <strong>Vertrag \u00fcber die Kontof\u00fchrung<\/strong> wird f\u00fcr eine <strong>unbestimmte Dauer<\/strong> zwischen dem K\u00e4ufer und dem Verk\u00e4ufer zu den in diesen Bestimmungen festgelegten Bedingungen.<\/li><li>Der K\u00e4ufer kann seine <strong>Konto<\/strong> jederzeit und kostenlos.<\/li><li>Zum L\u00f6schen eines <strong>Konto<\/strong>muss der K\u00e4ufer eine Anfrage per E-Mail an den Verk\u00e4ufer senden: <strong>hello@lovesleepee.com<\/strong>Dies hat die sofortige L\u00f6schung des Kontos und die Beendigung des Kontovertrags zur Folge.<\/li><\/ol><ul><li><strong> 5 BESCHWERDEN<\/strong><\/li><\/ul><ol><li>Beschwerden \u00fcber die <strong>Konto's<\/strong> Funktionalit\u00e4t sollte gesendet werden an <strong>hello@lovesleepee.com<\/strong>.<\/li><li>Der Verk\u00e4ufer antwortet auf Beschwerden innerhalb von <strong>14 Tage<\/strong>.<\/li><\/ol><p><strong>AUSSERGERICHTLICHE BESCHWERDE- UND STREITBEILEGUNGSVERFAHREN<\/strong><\/p><ol><li>Wenn das Beschwerdeverfahren nicht das erwartete Ergebnis bringt, kann die <strong>Verbraucher<\/strong> k\u00f6nnen die folgenden Methoden der au\u00dfergerichtlichen Streitbeilegung anwenden:<\/li><\/ol><ol><li><strong>Mediation<\/strong> die von der zust\u00e4ndigen <strong>Regionales Gewerbeaufsichtsamt<\/strong>wo der Verbraucher einen Schlichtungsantrag stellen kann. Die Schlichtung ist im Allgemeinen <strong>unentgeltlich<\/strong>.<\/li><li><strong>Verbraucherschiedsgericht<\/strong>, betrieben von der <strong>Regionales Gewerbeaufsichtsamt<\/strong>in dem der Verbraucher einen Fall zur L\u00f6sung vorlegen kann. Die Schlichtung ist im Allgemeinen <strong>unentgeltlich<\/strong>.<\/li><li><strong>Kostenlose Unterst\u00fctzung<\/strong> von der <strong>Kommunaler oder bezirklicher Verbraucher-Ombudsmann<\/strong>.<\/li><li><strong>Plattform zur Online-Streitbeilegung (ODR)<\/strong>, verf\u00fcgbar unter: <a href=\"https:\/\/ec.europa.eu\/consumers\/odr\/main\/?event=main.home.howitworks\" target=\"_blank\" rel=\"noopener\">https:\/\/ec.europa.eu\/consumers\/odr\/main\/?event=main.home.howitworks<\/a>.<\/li><\/ol><ul><li><strong> 6 PERS\u00d6NLICHE DATEN<\/strong><\/li><\/ul><ol><li>Die <strong>Verk\u00e4ufer<\/strong> ist die <strong>Datenkontrolleur<\/strong> f\u00fcr personenbezogene Daten, die der K\u00e4ufer bei der Nutzung des <strong>Konto<\/strong>. Ausf\u00fchrliche Informationen zur Datenverarbeitung finden Sie in der Store's <strong>Datenschutzbestimmungen<\/strong> in \u00dcbereinstimmung mit <strong>GDPR<\/strong> (Allgemeine Datenschutzverordnung).<\/li><li>Die personenbezogenen Daten werden zum Zweck der Aufrechterhaltung der <strong>Konto<\/strong>. Die Rechtsgrundlage f\u00fcr die Datenverarbeitung ist:<ul><li><strong>Vertragserf\u00fcllung<\/strong> (Artikel 6 Absatz 1 Buchstabe b der Datenschutz-Grundverordnung)<\/li><li><strong>Legitimes Interesse<\/strong> zur Verhinderung von Betrug oder Rechtsanspr\u00fcchen (Artikel 6 Absatz 1 Buchstabe f) DSGVO)<\/li><\/ul><\/li><li>Die Bereitstellung von Daten ist <strong>freiwillig, aber notwendig<\/strong> zur Aufrechterhaltung einer <strong>Konto<\/strong>. Die Nichtbereitstellung von Daten bedeutet, dass der Verk\u00e4ufer das Konto nicht f\u00fchren kann.<\/li><li>Personenbezogene Daten werden bis zu diesem Zeitpunkt verarbeitet:<ul><li>Die <strong>Konto<\/strong> wird auf Wunsch des K\u00e4ufers oder Verk\u00e4ufers gel\u00f6scht.<\/li><li>Die <strong>Verj\u00e4hrungsfrist<\/strong> f\u00fcr Anspr\u00fcche im Zusammenhang mit dem <strong>Konto<\/strong> verf\u00e4llt.<\/li><li>Der K\u00e4ufer widerspricht der Datenverarbeitung unter <strong>rechtm\u00e4\u00dfiges Interesse<\/strong>.<\/li><\/ul><\/li><li>Der K\u00e4ufer hat das Recht <strong>Recht auf Anfrage<\/strong>:<ul><li><strong>Zugang<\/strong> zu ihren Daten<\/li><li><strong>Berichtigung<\/strong> ihrer Daten<\/li><li><strong>L\u00f6schung<\/strong> ihrer Daten<\/li><li><strong>Einschr\u00e4nkung<\/strong> der Verarbeitung<\/li><li><strong>Daten\u00fcbertragung<\/strong> zu einem anderen Controller<\/li><\/ul><\/li><\/ol><p>Sowie die <strong>Widerspruchsrecht<\/strong> der Datenverarbeitung aus Gr\u00fcnden zustimmen, die mit ihrer besonderen Situation zusammenh\u00e4ngen.<\/p><ol><li>Um diese Rechte auszu\u00fcben, muss sich der K\u00e4ufer an die <strong>Verk\u00e4ufer<\/strong>.<\/li><li>Wenn der K\u00e4ufer glaubt, dass seine Daten unrechtm\u00e4\u00dfig verarbeitet werden, kann er eine <strong>Beschwerde beim Pr\u00e4sidenten des Amtes f\u00fcr den Schutz personenbezogener Daten<\/strong>.<\/li><\/ol><ul><li><strong> 7 RESERVIERUNGEN<\/strong><\/li><\/ul><ol><li>Der K\u00e4ufer ist <strong>Verbot der Bereitstellung illegaler Inhalte<\/strong>.<\/li><li>Die <strong>Kontof\u00fchrungsvertrag<\/strong> wird abgeschlossen in <strong>Englisch<\/strong>.<\/li><li>Die <strong>Verk\u00e4ufer<\/strong> hat das Recht auf <strong>die Verordnungen zu \u00e4ndern<\/strong> aus triftigen Gr\u00fcnden, unter anderem:<br \/>a. \u00dcbereinstimmung mit <strong>geltende Gesetze<\/strong>.<br \/>b. <strong>Verbesserung der Sicherheit<\/strong>.<br \/>c. <strong>\u00c4ndern der Kontofunktionalit\u00e4t<\/strong>die eine \u00c4nderung der Verordnungen erfordern.<\/li><li>Die K\u00e4ufer werden <strong>\u00fcber alle \u00c4nderungen informiert<\/strong> mindestens <strong>7 Tage vorher<\/strong> sie werden per E-Mail wirksam.<\/li><li>Wenn der K\u00e4ufer <strong>akzeptiert nicht<\/strong> die vorgeschlagenen \u00c4nderungen, m\u00fcssen sie den Verk\u00e4ufer per E-Mail benachrichtigen (<strong>hello@lovesleepee.com<\/strong>), was zur Folge hat, dass die <strong>Beendigung des Vertragsverh\u00e4ltnisses<\/strong> bevor die \u00c4nderungen wirksam werden.<\/li><li>Wenn der K\u00e4ufer <strong>beanstandet nicht<\/strong>wird davon ausgegangen, dass sie <strong>die \u00c4nderungen akzeptieren<\/strong>Sie k\u00f6nnen den Vertrag jedoch jederzeit k\u00fcndigen.<\/li><li>Alle Streitigkeiten mit <strong>nicht-privilegierte K\u00e4ufer<\/strong> wird in der <strong>Gericht, das f\u00fcr den Sitz des Verk\u00e4ufers zust\u00e4ndig ist<\/strong>.<\/li><\/ol>\t\t\t\t\t\t\t\t<\/div>\n\t\t\t\t<\/div>\n\t\t\t\t<\/div>","protected":false},"excerpt":{"rendered":"<p>Terms and Conditions of the Sleepee Online Store https:\/\/lovesleepee.com (&#8220;Store&#8221;) Defining, among others, the rules for concluding sales contracts via<\/p>","protected":false},"author":4,"featured_media":0,"parent":0,"menu_order":0,"comment_status":"closed","ping_status":"closed","template":"","meta":{"footnotes":""},"class_list":["post-3138","page","type-page","status-publish","hentry"],"_hostinger_reach_plugin_has_subscription_block":false,"_hostinger_reach_plugin_is_elementor":false,"_links":{"self":[{"href":"https:\/\/lovesleepee.com\/de\/wp-json\/wp\/v2\/pages\/3138","targetHints":{"allow":["GET"]}}],"collection":[{"href":"https:\/\/lovesleepee.com\/de\/wp-json\/wp\/v2\/pages"}],"about":[{"href":"https:\/\/lovesleepee.com\/de\/wp-json\/wp\/v2\/types\/page"}],"author":[{"embeddable":true,"href":"https:\/\/lovesleepee.com\/de\/wp-json\/wp\/v2\/users\/4"}],"replies":[{"embeddable":true,"href":"https:\/\/lovesleepee.com\/de\/wp-json\/wp\/v2\/comments?post=3138"}],"version-history":[{"count":4,"href":"https:\/\/lovesleepee.com\/de\/wp-json\/wp\/v2\/pages\/3138\/revisions"}],"predecessor-version":[{"id":11586,"href":"https:\/\/lovesleepee.com\/de\/wp-json\/wp\/v2\/pages\/3138\/revisions\/11586"}],"wp:attachment":[{"href":"https:\/\/lovesleepee.com\/de\/wp-json\/wp\/v2\/media?parent=3138"}],"curies":[{"name":"wp","href":"https:\/\/api.w.org\/{rel}","templated":true}]}}