{"id":3134,"date":"2024-05-24T06:41:07","date_gmt":"2024-05-24T06:41:07","guid":{"rendered":"https:\/\/lovesleepee.com\/?page_id=3134"},"modified":"2025-04-25T19:26:26","modified_gmt":"2025-04-25T19:26:26","slug":"uber-sleepee","status":"publish","type":"page","link":"https:\/\/lovesleepee.com\/de\/uber-sleepee\/","title":{"rendered":"\u00dcber Sleepee"},"content":{"rendered":"<div data-elementor-type=\"wp-page\" data-elementor-id=\"3134\" class=\"elementor elementor-3134\" data-elementor-post-type=\"page\">\n\t\t\t\t<div class=\"wd-negative-gap elementor-element elementor-element-409a93e wd-section-stretch-content e-flex e-con-boxed e-con e-parent\" data-id=\"409a93e\" data-element_type=\"container\" data-e-type=\"container\" data-settings=\"{&quot;background_background&quot;:&quot;classic&quot;}\">\n\t\t\t\t\t<div class=\"e-con-inner\">\n\t\t\t\t<div class=\"elementor-element elementor-element-6fa9a37 elementor-widget elementor-widget-heading\" data-id=\"6fa9a37\" data-element_type=\"widget\" data-e-type=\"widget\" data-widget_type=\"heading.default\">\n\t\t\t\t\t<h1 class=\"elementor-heading-title elementor-size-default\">Sleepee: Premium-Komfort f\u00fcr Kinder, Freude f\u00fcr alle!\n<\/h1>\t\t\t\t<\/div>\n\t\t\t\t<div class=\"elementor-element elementor-element-0d47c8e color-scheme-inherit text-left elementor-widget elementor-widget-text-editor\" data-id=\"0d47c8e\" data-element_type=\"widget\" data-e-type=\"widget\" data-widget_type=\"text-editor.default\">\n\t\t\t\t\t\t\t\t\tDiese Produkte haben mit dem zu tun, was f\u00fcr die Entwicklung eines Kleinkindes \u00e4u\u00dferst wichtig ist und gleichzeitig ein wesentlicher Bestandteil des Gl\u00fccks im Leben eines bereits Erwachsenen ist - Schlaf.\t\t\t\t\t\t\t\t<\/div>\n\t\t\t\t\t<\/div>\n\t\t\t\t<\/div>\n\t\t<div class=\"wd-negative-gap elementor-element elementor-element-aba59c4 wd-section-stretch e-flex e-con-boxed e-con e-parent\" data-id=\"aba59c4\" data-element_type=\"container\" data-e-type=\"container\" data-settings=\"{&quot;background_background&quot;:&quot;classic&quot;}\">\n\t\t\t\t\t<div class=\"e-con-inner\">\n\t\t<div class=\"elementor-element elementor-element-24368e1 e-con-full e-flex e-con e-child\" data-id=\"24368e1\" data-element_type=\"container\" data-e-type=\"container\">\n\t\t\t\t<div class=\"elementor-element elementor-element-4b5671a wd-width-100 elementor-widget elementor-widget-wd_title\" data-id=\"4b5671a\" data-element_type=\"widget\" data-e-type=\"widget\" data-widget_type=\"wd_title.default\">\n\t\t\t\t<div class=\"elementor-widget-container\">\n\t\t\t\t\t\t\t<div class=\"title-wrapper wd-set-mb reset-last-child wd-title-color-default wd-title-style-default wd-title-size-default text-center\">\n\n\t\t\t\n\t\t\t<div class=\"liner-continer\">\n\t\t\t\t<h4 class=\"woodmart-title-container title wd-fontsize-l\">Guter Schlaf ist wichtig<\/h4> \n\t\t\t\t\t\t\t<\/div>\n\n\t\t\t\t\t<\/div>\n\t\t\t\t\t\t<\/div>\n\t\t\t\t<\/div>\n\t\t\t\t<div class=\"elementor-element elementor-element-0b3b696 elementor-widget elementor-widget-wd_text_block\" data-id=\"0b3b696\" data-element_type=\"widget\" data-e-type=\"widget\" data-widget_type=\"wd_text_block.default\">\n\t\t\t\t<div class=\"elementor-widget-container\">\n\t\t\t\t\t\t\t<div class=\"wd-text-block reset-last-child text-center\">\n\t\t\t\n\t\t\t<p>Unser Slogan \"Guter Schlaf z\u00e4hlt\" spiegelt wider, was wir anstreben: einen m\u00f6glichst ruhigen, sicheren und langen Schlaf f\u00fcr Kinder und damit mehr Komfort f\u00fcr ihre Eltern.<\/p>\n\t\t\t\t\t<\/div>\n\t\t\t\t\t\t<\/div>\n\t\t\t\t<\/div>\n\t\t\t\t<\/div>\n\t\t\t\t\t<\/div>\n\t\t\t\t<\/div>\n\t\t<div class=\"wd-negative-gap elementor-element elementor-element-cc8cf31 wd-section-stretch e-flex e-con-boxed e-con e-parent\" data-id=\"cc8cf31\" data-element_type=\"container\" data-e-type=\"container\" data-settings=\"{&quot;background_background&quot;:&quot;classic&quot;}\">\n\t\t\t\t\t<div class=\"e-con-inner\">\n\t\t<div class=\"elementor-element elementor-element-0dc3eec e-con-full e-flex e-con e-child\" data-id=\"0dc3eec\" data-element_type=\"container\" data-e-type=\"container\" data-settings=\"{&quot;background_background&quot;:&quot;classic&quot;}\">\n\t\t<div class=\"elementor-element elementor-element-f9f11c7 e-con-full e-flex e-con e-child\" data-id=\"f9f11c7\" data-element_type=\"container\" data-e-type=\"container\" data-settings=\"{&quot;background_background&quot;:&quot;classic&quot;}\">\n\t\t<div class=\"elementor-element elementor-element-74ff870 e-con-full e-flex e-con e-child\" data-id=\"74ff870\" data-element_type=\"container\" data-e-type=\"container\">\n\t\t\t\t<div class=\"elementor-element elementor-element-177d393 wd-width-100 elementor-widget elementor-widget-wd_title\" data-id=\"177d393\" data-element_type=\"widget\" data-e-type=\"widget\" data-widget_type=\"wd_title.default\">\n\t\t\t\t<div class=\"elementor-widget-container\">\n\t\t\t\t\t\t\t<div class=\"title-wrapper wd-set-mb reset-last-child wd-title-color-default wd-title-style-default wd-title-size-default text-left\">\n\n\t\t\t\n\t\t\t<div class=\"liner-continer\">\n\t\t\t\t<h4 class=\"woodmart-title-container title wd-fontsize-l\">Was ist Schlaf?<br \/>\n<\/h4> \n\t\t\t\t\t\t\t<\/div>\n\n\t\t\t\t\t<\/div>\n\t\t\t\t\t\t<\/div>\n\t\t\t\t<\/div>\n\t\t\t\t<div class=\"elementor-element elementor-element-9010ffe elementor-widget elementor-widget-wd_text_block\" data-id=\"9010ffe\" data-element_type=\"widget\" data-e-type=\"widget\" data-widget_type=\"wd_text_block.default\">\n\t\t\t\t<div class=\"elementor-widget-container\">\n\t\t\t\t\t\t\t<div class=\"wd-text-block reset-last-child text-left\">\n\t\t\t\n\t\t\t<p>Laut Enzyklop\u00e4die ist der Schlaf eines der biologischen Grundbed\u00fcrfnisse des Menschen. Er ist f\u00fcr das Leben und den ordnungsgem\u00e4\u00dfen Ablauf der geistigen Prozesse unerl\u00e4sslich. Schon eine einzige schlaflose Nacht mindert die geistige und k\u00f6rperliche Leistungsf\u00e4higkeit. Andererseits f\u00fchrt Schlafmangel \u00fcber einen l\u00e4ngeren Zeitraum zu einer Reihe von negativen psychologischen und physiologischen Auswirkungen.<\/p><p>Sleepee ist eine Produktlinie, die eine erholsame und l\u00e4ngere Ruhe erm\u00f6glicht und die sich nach der ersten Anwendung als ebenso unverzichtbar erweisen kann wie der Schlaf.<\/p>\n\t\t\t\t\t<\/div>\n\t\t\t\t\t\t<\/div>\n\t\t\t\t<\/div>\n\t\t\t\t<\/div>\n\t\t\t\t<\/div>\n\t\t\t\t<\/div>\n\t\t<div class=\"elementor-element elementor-element-9d631e3 e-con-full e-flex e-con e-child\" data-id=\"9d631e3\" data-element_type=\"container\" data-e-type=\"container\">\n\t\t\t\t<div class=\"elementor-element elementor-element-4b413c8 elementor-invisible elementor-widget elementor-widget-wd_image_or_svg\" data-id=\"4b413c8\" data-element_type=\"widget\" data-e-type=\"widget\" data-settings=\"{&quot;_animation&quot;:&quot;fadeInRight&quot;}\" data-widget_type=\"wd_image_or_svg.default\">\n\t\t\t\t<div class=\"elementor-widget-container\">\n\t\t\t\t\t\n\t\t<div class=\"wd-image text-center\">\n\t\t\t\t\t\t\t\t\t\t\t\t\t<\/div>\n\n\t\t\t\t\t\t<\/div>\n\t\t\t\t<\/div>\n\t\t\t\t<\/div>\n\t\t\t\t\t<\/div>\n\t\t\t\t<\/div>\n\t\t<div class=\"wd-negative-gap elementor-element elementor-element-01ce794 wd-section-stretch e-flex e-con-boxed e-con e-parent\" data-id=\"01ce794\" data-element_type=\"container\" data-e-type=\"container\" data-settings=\"{&quot;background_background&quot;:&quot;classic&quot;}\">\n\t\t\t\t\t<div class=\"e-con-inner\">\n\t\t<div class=\"elementor-element elementor-element-c4c5182 e-con-full e-flex e-con e-child\" data-id=\"c4c5182\" data-element_type=\"container\" data-e-type=\"container\">\n\t\t\t\t<div class=\"elementor-element elementor-element-f624a13 elementor-invisible elementor-widget elementor-widget-wd_image_or_svg\" data-id=\"f624a13\" data-element_type=\"widget\" data-e-type=\"widget\" data-settings=\"{&quot;_animation&quot;:&quot;fadeInLeft&quot;}\" data-widget_type=\"wd_image_or_svg.default\">\n\t\t\t\t<div class=\"elementor-widget-container\">\n\t\t\t\t\t\n\t\t<div class=\"wd-image text-center\">\n\t\t\t\t\t\t\t\t<img fetchpriority=\"high\" decoding=\"async\" width=\"580\" height=\"500\" src=\"https:\/\/lovesleepee.com\/wp-content\/uploads\/2024\/05\/jewellery-girl-auth-img-1-1.jpg\" class=\"attachment-full size-full wvs-archive-product-image\" alt=\"Mutter f\u00fcttert Baby\" srcset=\"https:\/\/lovesleepee.com\/wp-content\/uploads\/2024\/05\/jewellery-girl-auth-img-1-1.jpg 580w, https:\/\/lovesleepee.com\/wp-content\/uploads\/2024\/05\/jewellery-girl-auth-img-1-1-150x129.jpg 150w, https:\/\/lovesleepee.com\/wp-content\/uploads\/2024\/05\/jewellery-girl-auth-img-1-1-300x259.jpg 300w\" sizes=\"(max-width: 580px) 100vw, 580px\" \/>\t\t\t\t\t<\/div>\n\n\t\t\t\t\t\t<\/div>\n\t\t\t\t<\/div>\n\t\t\t\t<\/div>\n\t\t<div class=\"elementor-element elementor-element-e5865d9 e-con-full e-flex e-con e-child\" data-id=\"e5865d9\" data-element_type=\"container\" data-e-type=\"container\" data-settings=\"{&quot;background_background&quot;:&quot;classic&quot;}\">\n\t\t<div class=\"elementor-element elementor-element-3203cba e-con-full e-flex e-con e-child\" data-id=\"3203cba\" data-element_type=\"container\" data-e-type=\"container\" data-settings=\"{&quot;background_background&quot;:&quot;classic&quot;}\">\n\t\t<div class=\"elementor-element elementor-element-766a474 e-con-full e-flex e-con e-child\" data-id=\"766a474\" data-element_type=\"container\" data-e-type=\"container\">\n\t\t\t\t<div class=\"elementor-element elementor-element-7adbf07 wd-width-100 elementor-widget elementor-widget-wd_title\" data-id=\"7adbf07\" data-element_type=\"widget\" data-e-type=\"widget\" data-widget_type=\"wd_title.default\">\n\t\t\t\t<div class=\"elementor-widget-container\">\n\t\t\t\t\t\t\t<div class=\"title-wrapper wd-set-mb reset-last-child wd-title-color-default wd-title-style-default wd-title-size-default text-left\">\n\n\t\t\t\n\t\t\t<div class=\"liner-continer\">\n\t\t\t\t<h4 class=\"woodmart-title-container title wd-fontsize-l\">Unser Design Qualit\u00e4t<\/h4> \n\t\t\t\t\t\t\t<\/div>\n\n\t\t\t\t\t<\/div>\n\t\t\t\t\t\t<\/div>\n\t\t\t\t<\/div>\n\t\t\t\t<div class=\"elementor-element elementor-element-ad26b54 elementor-widget elementor-widget-wd_text_block\" data-id=\"ad26b54\" data-element_type=\"widget\" data-e-type=\"widget\" data-widget_type=\"wd_text_block.default\">\n\t\t\t\t<div class=\"elementor-widget-container\">\n\t\t\t\t\t\t\t<div class=\"wd-text-block reset-last-child text-left\">\n\t\t\t\n\t\t\t<p>Mit viel Liebe zum Detail entworfen, nur aus zertifizierten Materialien h\u00f6chster Qualit\u00e4t hergestellt und in der EU gen\u00e4ht. Qualit\u00e4t ist unsere Obsession - wir testen jedes Produkt gr\u00fcndlich, damit Ihre Kinder und Sie<b>\u00a0Schlafen Sie gut!\u00a0<\/b>Denn\u00a0<b>Guter Schlaf ist wichtig<\/b><br \/>Die Produkte von Sleepee erg\u00e4nzen perfekt die F\u00fcrsorge und W\u00e4rme, mit der Eltern ihre Kinder umgeben, und helfen ihnen, richtige Gewohnheiten und einen korrekten Tagesrhythmus zu entwickeln.<\/p>\n\t\t\t\t\t<\/div>\n\t\t\t\t\t\t<\/div>\n\t\t\t\t<\/div>\n\t\t\t\t<\/div>\n\t\t\t\t<\/div>\n\t\t\t\t<\/div>\n\t\t\t\t\t<\/div>\n\t\t\t\t<\/div>\n\t\t<div class=\"wd-negative-gap elementor-element elementor-element-62d4f85 wd-section-stretch e-flex e-con-boxed e-con e-parent\" data-id=\"62d4f85\" data-element_type=\"container\" data-e-type=\"container\" data-settings=\"{&quot;background_background&quot;:&quot;classic&quot;}\">\n\t\t\t\t\t<div class=\"e-con-inner\">\n\t\t<div class=\"elementor-element elementor-element-1c28983 e-con-full e-flex e-con e-child\" data-id=\"1c28983\" data-element_type=\"container\" data-e-type=\"container\">\n\t\t\t\t<div class=\"elementor-element elementor-element-1825dce wd-width-100 elementor-widget elementor-widget-wd_title\" data-id=\"1825dce\" data-element_type=\"widget\" data-e-type=\"widget\" data-widget_type=\"wd_title.default\">\n\t\t\t\t<div class=\"elementor-widget-container\">\n\t\t\t\t\t\t\t<div class=\"title-wrapper wd-set-mb reset-last-child wd-title-color-default wd-title-style-default wd-title-size-default text-center\">\n\n\t\t\t\n\t\t\t<div class=\"liner-continer\">\n\t\t\t\t<h4 class=\"woodmart-title-container title wd-fontsize-l\">Probieren Sie sie jetzt aus, damit Ihre ganze Familie gut schlafen kann!<br \/>\n<\/h4> \n\t\t\t\t\t\t\t<\/div>\n\n\t\t\t\t\t<\/div>\n\t\t\t\t\t\t<\/div>\n\t\t\t\t<\/div>\n\t\t\t\t<div class=\"elementor-element elementor-element-d61e048 elementor-align-center elementor-widget elementor-widget-button\" data-id=\"d61e048\" data-element_type=\"widget\" data-e-type=\"widget\" data-widget_type=\"button.default\">\n\t\t\t\t\t\t\t\t\t\t<a class=\"elementor-button elementor-button-link elementor-size-sm\" href=\"https:\/\/lovesleepee.com\/de\/shop\/\">\n\t\t\t\t\t\t<span class=\"elementor-button-content-wrapper\">\n\t\t\t\t\t\t\t\t\t<span class=\"elementor-button-text\">Jetzt einkaufen<\/span>\n\t\t\t\t\t<\/span>\n\t\t\t\t\t<\/a>\n\t\t\t\t\t\t\t\t<\/div>\n\t\t\t\t<\/div>\n\t\t\t\t\t<\/div>\n\t\t\t\t<\/div>\n\t\t\t\t<\/div>","protected":false},"excerpt":{"rendered":"<p>Sleepee: Premium-Komfort f\u00fcr Kinder, Freude f\u00fcr alle! Diese Produkte sind mit dem verbunden, was in der Entwicklung extrem wichtig ist<\/p>","protected":false},"author":4,"featured_media":0,"parent":0,"menu_order":0,"comment_status":"closed","ping_status":"closed","template":"","meta":{"footnotes":""},"class_list":["post-3134","page","type-page","status-publish","hentry"],"_hostinger_reach_plugin_has_subscription_block":false,"_hostinger_reach_plugin_is_elementor":false,"_links":{"self":[{"href":"https:\/\/lovesleepee.com\/de\/wp-json\/wp\/v2\/pages\/3134","targetHints":{"allow":["GET"]}}],"collection":[{"href":"https:\/\/lovesleepee.com\/de\/wp-json\/wp\/v2\/pages"}],"about":[{"href":"https:\/\/lovesleepee.com\/de\/wp-json\/wp\/v2\/types\/page"}],"author":[{"embeddable":true,"href":"https:\/\/lovesleepee.com\/de\/wp-json\/wp\/v2\/users\/4"}],"replies":[{"embeddable":true,"href":"https:\/\/lovesleepee.com\/de\/wp-json\/wp\/v2\/comments?post=3134"}],"version-history":[{"count":7,"href":"https:\/\/lovesleepee.com\/de\/wp-json\/wp\/v2\/pages\/3134\/revisions"}],"predecessor-version":[{"id":8943,"href":"https:\/\/lovesleepee.com\/de\/wp-json\/wp\/v2\/pages\/3134\/revisions\/8943"}],"wp:attachment":[{"href":"https:\/\/lovesleepee.com\/de\/wp-json\/wp\/v2\/media?parent=3134"}],"curies":[{"name":"wp","href":"https:\/\/api.w.org\/{rel}","templated":true}]}}