{"id":12,"date":"2024-05-18T10:51:37","date_gmt":"2024-05-18T10:51:37","guid":{"rendered":"https:\/\/lovesleepee.com\/?page_id=12"},"modified":"2025-09-02T06:47:16","modified_gmt":"2025-09-02T06:47:16","slug":"ruckerstattung_ruckgaben","status":"publish","type":"page","link":"https:\/\/lovesleepee.com\/de\/ruckerstattung_ruckgaben\/","title":{"rendered":"Erstattungs- und R\u00fcckgabebestimmungen"},"content":{"rendered":"<div data-elementor-type=\"wp-page\" data-elementor-id=\"12\" class=\"elementor elementor-12\" data-elementor-post-type=\"page\">\n\t\t\t\t<div class=\"wd-negative-gap elementor-element elementor-element-2519f9cd e-flex e-con-boxed e-con e-parent\" data-id=\"2519f9cd\" data-element_type=\"container\" data-e-type=\"container\">\n\t\t\t\t\t<div class=\"e-con-inner\">\n\t\t\t\t<div class=\"elementor-element elementor-element-13279731 color-scheme-inherit text-left elementor-widget elementor-widget-text-editor\" data-id=\"13279731\" data-element_type=\"widget\" data-e-type=\"widget\" data-widget_type=\"text-editor.default\">\n\t\t\t\t\t\t\t\t\t<hr \/><h2>\u00a0<\/h2><h2><strong>R\u00fcckgabe- und Reklamationsbedingungen\u00a0<\/strong><span style=\"font-weight: 600; font-size: 28px;\"><strong> des Sleepee Online Shops<\/strong> <\/span><a style=\"font-size: 28px; transition-property: all;\" href=\"https:\/\/lovesleepee.com\/de\/\"><span style=\"font-weight: 600; font-size: 28px;\">https:\/\/lovesleepee.com<\/span><\/a><span style=\"font-weight: 600; font-size: 28px;\">\u00a0(\"Laden\")<\/span><\/h2><p>Diese R\u00fcckgabe- und Reklamationsrichtlinie gilt f\u00fcr Eink\u00e4ufe, die bei <strong>Sleepee SC<\/strong>eine Lebenspartnerschaft, die von:<\/p><ul><li><strong>Agnieszka Prusator<\/strong> - NIP: 1181483869, REGON: 140829684<\/li><li><strong>Katarzyna Walczak<\/strong> - NIP: 5272396428, REGON: 141712381<\/li><\/ul><p>Die Gesch\u00e4fte werden unter dem Namen gef\u00fchrt:<br \/><strong>Schlafen Agnieszka Prusator, Katarzyna Kar\u015bkiewicz Lebenspartnerschaft<\/strong><br \/>Eingetragener Sitz: ul. D\u017awigowa 13A, 80-414 Gda\u0144sk, Polen<br \/>MwSt. EU-Nr.: PL7010569395 | REGON: 364235623<br \/>\u00a0Kontakt: <a href=\"mailto:kontakt@sleepee.pl\">kontakt@sleepee.pl<\/a><\/p><hr \/><h3>R\u00fccktrittsrecht<\/h3><p>Wenn Sie Verbraucher sind (Privilegierter K\u00e4ufer), haben Sie das Recht, ohne Angabe von Gr\u00fcnden vom Kaufvertrag zur\u00fcckzutreten innerhalb <strong>14 Kalendertage<\/strong>.<\/p><p><strong>Die Widerrufsfrist beginnt:<\/strong><\/p><ul><li>An dem Tag, an dem Sie oder ein von Ihnen benannter Dritter die Waren erhalten.<\/li><li>Wenn Ihre Bestellung mehrere getrennt gelieferte Artikel umfasst, beginnt die Frist an dem Tag, an dem der letzte Artikel eingegangen ist.<\/li><\/ul><p>Um von Ihrem Widerrufsrecht Gebrauch zu machen, m\u00fcssen Sie uns Ihre Entscheidung per E-Mail an folgende Adresse mitteilen <a href=\"mailto:kontakt@sleepee.pl\">kontakt@sleepee.pl<\/a>. Sie k\u00f6nnen ein Standard-Widerrufsformular verwenden, aber es ist nicht zwingend erforderlich.<\/p><p><strong>Erstattungen:<\/strong><\/p><ul><li>Wir erstatten Ihnen alle von Ihnen erhaltenen Zahlungen, mit Ausnahme der Lieferkosten, bis sp\u00e4testens <strong>14 Tage<\/strong> ab dem Datum, an dem wir die zur\u00fcckgegebenen Waren erhalten.<\/li><li>F\u00fcr diese R\u00fcckzahlung verwenden wir dasselbe Zahlungsmittel, das Sie bei der urspr\u00fcnglichen Transaktion eingesetzt haben, es sei denn, mit Ihnen wurde ausdr\u00fccklich etwas anderes vereinbart.<\/li><li>Die Kosten f\u00fcr die R\u00fccksendung sind von Ihnen selbst zu tragen.<\/li><\/ul><p><strong>Zustand der zur\u00fcckgegebenen Waren:<\/strong><\/p><ul><li>Zur\u00fcckgegebene Artikel m\u00fcssen unbenutzt, unbesch\u00e4digt und in der Originalverpackung sein.<\/li><li>Wir behalten uns das Recht vor, den Erstattungsbetrag zu k\u00fcrzen, wenn die zur\u00fcckgegebene Ware Gebrauchsspuren aufweist, die \u00fcber das hinausgehen, was zur Feststellung ihrer Beschaffenheit, ihrer Eigenschaften und ihrer Funktionsweise erforderlich ist.<\/li><\/ul><hr \/><h3>\u00a0Ausnahmen vom R\u00fccktrittsrecht<\/h3><p>Das Widerrufsrecht gilt <strong>nicht<\/strong> gelten f\u00fcr die folgenden Arten von Produkten:<\/p><ul><li>Artikel, die nach Ihren W\u00fcnschen angefertigt oder eindeutig personalisiert werden.<\/li><li>Waren, die verderblich sind oder eine kurze Haltbarkeitsdauer haben.<\/li><li>Versiegelte Produkte, die aus gesundheitlichen oder hygienischen Gr\u00fcnden nach dem \u00d6ffnen nicht zur\u00fcckgegeben werden k\u00f6nnen.<\/li><li>Digitale Inhalte oder Software, die in einer versiegelten Verpackung geliefert wurden, wenn das Siegel nach der Lieferung gebrochen wurde.<\/li><\/ul><hr \/><h3>Reklamationen &amp; Garantie<\/h3><p>Wenn Sie ein mangelhaftes Produkt erhalten, haben Sie das Recht, eine Reklamation im Rahmen der gesetzlichen Gew\u00e4hrleistung oder einer anwendbaren kommerziellen Garantie einzureichen.<\/p><p><strong>Schl\u00fcsselbegriffe:<\/strong><\/p><ul><li>Wir haften f\u00fcr Sachm\u00e4ngel, die innerhalb von <strong>2 Jahre<\/strong> ab dem Datum der Lieferung.<\/li><li>Beschwerden sollten per E-Mail eingereicht werden an <a href=\"mailto:kontakt@sleepee.pl\">kontakt@sleepee.pl<\/a> oder per Post an die Adresse unseres eingetragenen Firmensitzes.<\/li><li>Bitte geben Sie Ihre Bestellnummer, eine Beschreibung des Mangels und wenn m\u00f6glich ein Foto an.<\/li><\/ul><p><strong>Bearbeitung von Beschwerden:<\/strong><\/p><ul><li>Wir werden Ihre Beschwerde innerhalb von <strong>14 Tage<\/strong> des Eingangs.<\/li><li>Wenn Ihre Beschwerde angenommen wird, bieten wir Ihnen eine der folgenden L\u00f6sungen an:<ul><li>Reparatur oder Ersatz des Produkts.<\/li><li>Eine teilweise R\u00fcckerstattung, wenn Sie sich entscheiden, den defekten Artikel zu behalten.<\/li><li>Eine vollst\u00e4ndige R\u00fcckerstattung, wenn der Defekt das Produkt unbrauchbar macht.<\/li><\/ul><\/li><\/ul><hr \/><h3>R\u00fccksendeadresse<\/h3><p>Alle R\u00fccksendungen und Reklamationen sind zu richten an:<br \/>StoreIt - Schl\u00e4fchen,<\/p><p>ul. Om\u0142otowa 23,<\/p><p>94-251 \u0141\u00f3d\u017a, Polen<\/p><hr \/><p><!--EndFragment --><\/p><p><!-- \/wp:paragraph --><\/p>\t\t\t\t\t\t\t\t<\/div>\n\t\t\t\t\t<\/div>\n\t\t\t\t<\/div>\n\t\t\t\t<\/div>","protected":false},"excerpt":{"rendered":"<p>\u00a0 R\u00fcckgabe- und Reklamationsbestimmungen des Sleepee Online Store https:\/\/lovesleepee.com (\"Store\") Diese R\u00fcckgabe- und Reklamationsbestimmungen gelten f\u00fcr Eink\u00e4ufe<\/p>","protected":false},"author":4,"featured_media":0,"parent":0,"menu_order":0,"comment_status":"closed","ping_status":"closed","template":"","meta":{"footnotes":""},"class_list":["post-12","page","type-page","status-publish","hentry"],"_hostinger_reach_plugin_has_subscription_block":false,"_hostinger_reach_plugin_is_elementor":false,"_links":{"self":[{"href":"https:\/\/lovesleepee.com\/de\/wp-json\/wp\/v2\/pages\/12","targetHints":{"allow":["GET"]}}],"collection":[{"href":"https:\/\/lovesleepee.com\/de\/wp-json\/wp\/v2\/pages"}],"about":[{"href":"https:\/\/lovesleepee.com\/de\/wp-json\/wp\/v2\/types\/page"}],"author":[{"embeddable":true,"href":"https:\/\/lovesleepee.com\/de\/wp-json\/wp\/v2\/users\/4"}],"replies":[{"embeddable":true,"href":"https:\/\/lovesleepee.com\/de\/wp-json\/wp\/v2\/comments?post=12"}],"version-history":[{"count":6,"href":"https:\/\/lovesleepee.com\/de\/wp-json\/wp\/v2\/pages\/12\/revisions"}],"predecessor-version":[{"id":11596,"href":"https:\/\/lovesleepee.com\/de\/wp-json\/wp\/v2\/pages\/12\/revisions\/11596"}],"wp:attachment":[{"href":"https:\/\/lovesleepee.com\/de\/wp-json\/wp\/v2\/media?parent=12"}],"curies":[{"name":"wp","href":"https:\/\/api.w.org\/{rel}","templated":true}]}}