{"id":11602,"date":"2025-09-03T05:22:00","date_gmt":"2025-09-03T05:22:00","guid":{"rendered":"https:\/\/lovesleepee.com\/?page_id=11602"},"modified":"2025-09-03T08:20:19","modified_gmt":"2025-09-03T08:20:19","slug":"kundenreferenzen","status":"publish","type":"page","link":"https:\/\/lovesleepee.com\/de\/kundenreferenzen\/","title":{"rendered":"Erfahrungsberichte von Kunden"},"content":{"rendered":"<div data-elementor-type=\"wp-page\" data-elementor-id=\"11602\" class=\"elementor elementor-11602\" data-elementor-post-type=\"page\">\n\t\t\t\t<div class=\"wd-negative-gap elementor-element elementor-element-ba6343a e-flex e-con-boxed e-con e-parent\" data-id=\"ba6343a\" data-element_type=\"container\" data-e-type=\"container\">\n\t\t\t\t\t<div class=\"e-con-inner\">\n\t\t\t\t<div class=\"elementor-element elementor-element-18d96d8 wd-width-100 elementor-widget elementor-widget-wd_title\" data-id=\"18d96d8\" data-element_type=\"widget\" data-e-type=\"widget\" data-widget_type=\"wd_title.default\">\n\t\t\t\t<div class=\"elementor-widget-container\">\n\t\t\t\t\t\t\t<div class=\"title-wrapper wd-set-mb reset-last-child wd-title-color-default wd-title-style-default wd-title-size-default text-center\">\n\n\t\t\t\n\t\t\t<div class=\"liner-continer\">\n\t\t\t\t<h3 class=\"woodmart-title-container title wd-fontsize-l\">Danke f\u00fcr Ihr Vertrauen in uns<br \/>\n<\/h3> \n\t\t\t\t\t\t\t<\/div>\n\n\t\t\t\t\t\t\t<div class=\"title-after_title reset-last-child wd-fontsize-xs\">\n\t\t\t\t\t<p>Jede Meinung hilft uns, mehr Komfort, Freude und F\u00fcrsorge zu schaffen.<\/p>\t\t\t\t<\/div>\n\t\t\t\t\t<\/div>\n\t\t\t\t\t\t<\/div>\n\t\t\t\t<\/div>\n\t\t\t\t\t<\/div>\n\t\t\t\t<\/div>\n\t\t<div class=\"wd-negative-gap elementor-element elementor-element-6c35b0b e-flex e-con-boxed e-con e-parent\" data-id=\"6c35b0b\" data-element_type=\"container\" data-e-type=\"container\">\n\t\t\t\t\t<div class=\"e-con-inner\">\n\t\t\t\t<div class=\"elementor-element elementor-element-1ad0271 elementor-widget elementor-widget-wd_testimonials\" data-id=\"1ad0271\" data-element_type=\"widget\" data-e-type=\"widget\" data-widget_type=\"wd_testimonials.default\">\n\t\t\t\t<div class=\"elementor-widget-container\">\n\t\t\t\t\t\t\t<div class=\"testimonials testimon-style-standard  color-scheme- testimon-with-rating testimon-align-center wd-carousel-container\" id=\"carousel-2060\">\n\t\t\t\t\t\t\t<div class=\"wd-carousel-inner\">\n\t\t\t\n\t\t\t<div class=\"wd-carousel wd-grid\" data-scroll_per_page=\"yes\" style=\"--wd-col-lg:3;--wd-col-md:3;--wd-col-sm:1;--wd-gap-lg:30px;--wd-gap-sm:10px;\">\n\t\t\t\t\t\t\t\t\t<div class=\"wd-carousel-wrap\">\n\t\t\t\t\n\t\t\t\t\t\t\t\t\t\n<div class=\"testimonial wd-carousel-item\">\n\t<div class=\"testimonial-inner\">\n\t\t\n\t\t<div class=\"testimonial-content\">\n\t\t\t<div class=\"testimonial-rating\">\n\t\t\t\t<span class=\"star-rating\">\n\t\t\t\t\t<span style=\"width:100%\"><\/span>\n\t\t\t\t<\/span>\n\t\t\t<\/div>\n\n\t\t\t<p>Geben Sie Ihrem Baby den Komfort, den es verdient, mit dieser hochwertigen Babyliege. Mit einem st\u00fctzenden Elefantenkissen und atmungsaktiven Materialien ist sie perfekt f\u00fcr sicheres Co-Sleeping und t\u00e4gliche Entspannung.<img decoding=\"async\" class=\"aligncenter wp-image-11608 size-thumbnail\" src=\"https:\/\/lovesleepee.com\/wp-content\/uploads\/2025\/09\/WhatsApp-Image-2025-08-26-at-16.03.32-1-150x150.jpeg\" alt=\"\" width=\"150\" height=\"150\"> <img decoding=\"async\" class=\"aligncenter wp-image-11609 size-thumbnail\" src=\"https:\/\/lovesleepee.com\/wp-content\/uploads\/2025\/09\/WhatsApp-Image-2025-08-26-at-16.03.33-150x150.jpeg\" alt=\"\" width=\"150\" height=\"150\"><\/p>\n\t\t\t<footer>\n\t\t\t\tIsla Bennett\n\t\t\t\t\t\t\t<\/footer>\n\t\t<\/div>\n\t<\/div>\n<\/div>\t\t\t\t\t\t\t\t\t\n<div class=\"testimonial wd-carousel-item\">\n\t<div class=\"testimonial-inner\">\n\t\t\n\t\t<div class=\"testimonial-content\">\n\t\t\t<div class=\"testimonial-rating\">\n\t\t\t\t<span class=\"star-rating\">\n\t\t\t\t\t<span style=\"width:100%\"><\/span>\n\t\t\t\t<\/span>\n\t\t\t<\/div>\n\n\t\t\t<p>\"Ich war mir anfangs nicht sicher, aber dieser Body hat sich als einer unserer Favoriten herausgestellt. Der Stoff ist weich, der Aufdruck ist sch\u00f6n und er passt unserem Baby perfekt. Wir benutzen ihn fast jeden Tag!\"<\/p><p><img decoding=\"async\" class=\"aligncenter wp-image-11610 size-thumbnail\" src=\"https:\/\/lovesleepee.com\/wp-content\/uploads\/2025\/09\/WhatsApp-Image-2025-08-26-at-16.03.33-4-150x150.jpeg\" alt=\"\" width=\"150\" height=\"150\"> <img loading=\"lazy\" decoding=\"async\" class=\"aligncenter wp-image-11611 size-thumbnail\" src=\"https:\/\/lovesleepee.com\/wp-content\/uploads\/2025\/09\/WhatsApp-Image-2025-08-26-at-16.03.35-150x150.jpeg\" alt=\"\" width=\"150\" height=\"150\"><\/p>\n\t\t\t<footer>\n\t\t\t\tAna\u00efs Dubois\n\t\t\t\t\t\t\t<\/footer>\n\t\t<\/div>\n\t<\/div>\n<\/div>\t\t\t\t\t\t\t\t\t\n<div class=\"testimonial wd-carousel-item\">\n\t<div class=\"testimonial-inner\">\n\t\t\n\t\t<div class=\"testimonial-content\">\n\t\t\t<div class=\"testimonial-rating\">\n\t\t\t\t<span class=\"star-rating\">\n\t\t\t\t\t<span style=\"width:100%\"><\/span>\n\t\t\t\t<\/span>\n\t\t\t<\/div>\n\n\t\t\t<p>\"Wir benutzen diesen Schlafsack nun schon seit ein paar Wochen und er ist einfach toll. Der Stoff ist weich, der Rei\u00dfverschluss ist super praktisch und das B\u00e4renmuster ist einfach bezaubernd. Unser Baby schl\u00e4ft darin so viel besser!\"<\/p><p><img loading=\"lazy\" decoding=\"async\" class=\"aligncenter wp-image-11612 size-thumbnail\" src=\"https:\/\/lovesleepee.com\/wp-content\/uploads\/2025\/09\/WhatsApp-Image-2025-08-26-at-16.03.33-2-150x150.jpeg\" alt=\"\" width=\"150\" height=\"150\"> <img loading=\"lazy\" decoding=\"async\" class=\"aligncenter wp-image-11613 size-thumbnail\" src=\"https:\/\/lovesleepee.com\/wp-content\/uploads\/2025\/09\/WhatsApp-Image-2025-08-26-at-16.03.34-3-150x150.jpeg\" alt=\"\" width=\"150\" height=\"150\"><\/p>\n\t\t\t<footer>\n\t\t\t\tMargaret L.\n\t\t\t\t\t\t\t<\/footer>\n\t\t<\/div>\n\t<\/div>\n<\/div>\t\t\t\t\n\t\t\t\t\t\t\t\t\t<\/div>\n\t\t\t\t\t\t\t<\/div>\n\t\t\t\t\t\t\t\t\t\t\t\t\t\t<div class=\"wd-nav-arrows wd-pos-sep wd-hover-1 wd-icon-1\">\n\t\t\t<div class=\"wd-btn-arrow wd-prev wd-disabled\">\n\t\t\t\t<div class=\"wd-arrow-inner\"><\/div>\n\t\t\t<\/div>\n\t\t\t<div class=\"wd-btn-arrow wd-next\">\n\t\t\t\t<div class=\"wd-arrow-inner\"><\/div>\n\t\t\t<\/div>\n\t\t<\/div>\n\t\t\t\t\t\t\n\t\t\t\t<\/div>\n\n\t\t\t\t\t\t<div class=\"wd-nav-pagin-wrap text-center wd-style-shape wd-hide-md-sm wd-hide-sm\">\n\t\t\t<ul class=\"wd-nav-pagin\"><\/ul>\n\t\t<\/div>\n\t\t\t\t\t\t\t\t\t\t\t<\/div>\n\t\t\t\t\t\t<\/div>\n\t\t\t\t<\/div>\n\t\t\t\t<div class=\"elementor-element elementor-element-41887c8 elementor-widget elementor-widget-wd_testimonials\" data-id=\"41887c8\" data-element_type=\"widget\" data-e-type=\"widget\" data-widget_type=\"wd_testimonials.default\">\n\t\t\t\t<div class=\"elementor-widget-container\">\n\t\t\t\t\t\t\t<div class=\"testimonials testimon-style-standard  color-scheme- testimon-with-rating testimon-align-center wd-carousel-container\" id=\"carousel-5558\">\n\t\t\t\t\t\t\t<div class=\"wd-carousel-inner\">\n\t\t\t\n\t\t\t<div class=\"wd-carousel wd-grid\" data-scroll_per_page=\"yes\" style=\"--wd-col-lg:3;--wd-col-md:3;--wd-col-sm:1;--wd-gap-lg:30px;--wd-gap-sm:10px;\">\n\t\t\t\t\t\t\t\t\t<div class=\"wd-carousel-wrap\">\n\t\t\t\t\n\t\t\t\t\t\t\t\t\t\n<div class=\"testimonial wd-carousel-item\">\n\t<div class=\"testimonial-inner\">\n\t\t\n\t\t<div class=\"testimonial-content\">\n\t\t\t<div class=\"testimonial-rating\">\n\t\t\t\t<span class=\"star-rating\">\n\t\t\t\t\t<span style=\"width:100%\"><\/span>\n\t\t\t\t<\/span>\n\t\t\t<\/div>\n\n\t\t\t<p>\"Die Decke ist so weich und kuschelig - perfekt, um unseren Kleinen beim Mittagsschlaf einzuwickeln. Die Farbe ist wundersch\u00f6n und die Textur f\u00fchlt sich wirklich sanft auf der Haut an. Wir benutzen sie jeden Tag!\"<br \/><img loading=\"lazy\" decoding=\"async\" class=\"aligncenter wp-image-11615 size-thumbnail\" src=\"https:\/\/lovesleepee.com\/wp-content\/uploads\/2025\/09\/WhatsApp-Image-2025-08-26-at-16.03.33-6-150x150.jpeg\" alt=\"\" width=\"150\" height=\"150\"> <img loading=\"lazy\" decoding=\"async\" class=\"aligncenter wp-image-11614 size-thumbnail\" src=\"https:\/\/lovesleepee.com\/wp-content\/uploads\/2025\/09\/WhatsApp-Image-2025-08-26-at-16.03.33-3-150x150.jpeg\" alt=\"\" width=\"150\" height=\"150\"><\/p>\n\t\t\t<footer>\n\t\t\t\tEva Cholton\n\t\t\t\t\t\t\t<\/footer>\n\t\t<\/div>\n\t<\/div>\n<\/div>\t\t\t\t\t\t\t\t\t\n<div class=\"testimonial wd-carousel-item\">\n\t<div class=\"testimonial-inner\">\n\t\t\n\t\t<div class=\"testimonial-content\">\n\t\t\t<div class=\"testimonial-rating\">\n\t\t\t\t<span class=\"star-rating\">\n\t\t\t\t\t<span style=\"width:100%\"><\/span>\n\t\t\t\t<\/span>\n\t\t\t<\/div>\n\n\t\t\t<p>\"Dieser Strampler ist einfach perfekt. Das Waldtiermuster ist so s\u00fc\u00df und der Stoff f\u00fchlt sich weich und atmungsaktiv an. Er ist einfach anzuziehen und sieht hinrei\u00dfend aus - wir bekommen jedes Mal Komplimente, wenn unser Baby ihn tr\u00e4gt!\"<img loading=\"lazy\" decoding=\"async\" class=\"aligncenter wp-image-11617 size-thumbnail\" src=\"https:\/\/lovesleepee.com\/wp-content\/uploads\/2025\/09\/WhatsApp-Image-2025-08-26-at-16.03.34-2-150x150.jpeg\" alt=\"\" width=\"150\" height=\"150\"> <img loading=\"lazy\" decoding=\"async\" class=\"aligncenter wp-image-11618 size-thumbnail\" src=\"https:\/\/lovesleepee.com\/wp-content\/uploads\/2025\/09\/WhatsApp-Image-2025-08-26-at-16.03.34-4-150x150.jpeg\" alt=\"\" width=\"150\" height=\"150\"><\/p>\n\t\t\t<footer>\n\t\t\t\tSofia Richter\n\t\t\t\t\t\t\t<\/footer>\n\t\t<\/div>\n\t<\/div>\n<\/div>\t\t\t\t\t\t\t\t\t\n<div class=\"testimonial wd-carousel-item\">\n\t<div class=\"testimonial-inner\">\n\t\t\n\t\t<div class=\"testimonial-content\">\n\t\t\t<div class=\"testimonial-rating\">\n\t\t\t\t<span class=\"star-rating\">\n\t\t\t\t\t<span style=\"width:100%\"><\/span>\n\t\t\t\t<\/span>\n\t\t\t<\/div>\n\n\t\t\t<p>\"Dieses kleine Kissen ist so weich und sch\u00f6n gemacht. Die Schleifen sind eine s\u00fc\u00dfe Note, und es gibt genau die richtige Unterst\u00fctzung f\u00fcr den Kopf unseres Babys. Wir benutzen es jeden Tag - es ist eines dieser kleinen Dinge, die einen gro\u00dfen Unterschied machen.<\/p><p><img loading=\"lazy\" decoding=\"async\" class=\"aligncenter wp-image-11619 size-thumbnail\" src=\"https:\/\/lovesleepee.com\/wp-content\/uploads\/2025\/09\/WhatsApp-Image-2025-08-26-at-16.03.35-3-150x150.jpeg\" alt=\"\" width=\"150\" height=\"150\"> <img loading=\"lazy\" decoding=\"async\" class=\"aligncenter wp-image-11620 size-thumbnail\" src=\"https:\/\/lovesleepee.com\/wp-content\/uploads\/2025\/09\/WhatsApp-Image-2025-08-26-at-16.03.35-5-150x150.jpeg\" alt=\"\" width=\"150\" height=\"150\"><\/p>\n\t\t\t<footer>\n\t\t\t\tNicole S.\n\t\t\t\t\t\t\t<\/footer>\n\t\t<\/div>\n\t<\/div>\n<\/div>\t\t\t\t\n\t\t\t\t\t\t\t\t\t<\/div>\n\t\t\t\t\t\t\t<\/div>\n\t\t\t\t\t\t\t\t\t\t\t\t\t\t<div class=\"wd-nav-arrows wd-pos-sep wd-hover-1 wd-icon-1\">\n\t\t\t<div class=\"wd-btn-arrow wd-prev wd-disabled\">\n\t\t\t\t<div class=\"wd-arrow-inner\"><\/div>\n\t\t\t<\/div>\n\t\t\t<div class=\"wd-btn-arrow wd-next\">\n\t\t\t\t<div class=\"wd-arrow-inner\"><\/div>\n\t\t\t<\/div>\n\t\t<\/div>\n\t\t\t\t\t\t\n\t\t\t\t<\/div>\n\n\t\t\t\t\t\t<div class=\"wd-nav-pagin-wrap text-center wd-style-shape wd-hide-md-sm wd-hide-sm\">\n\t\t\t<ul class=\"wd-nav-pagin\"><\/ul>\n\t\t<\/div>\n\t\t\t\t\t\t\t\t\t\t\t<\/div>\n\t\t\t\t\t\t<\/div>\n\t\t\t\t<\/div>\n\t\t\t\t\t<\/div>\n\t\t\t\t<\/div>\n\t\t\t\t<\/div>","protected":false},"excerpt":{"rendered":"<p>Danke, dass Sie uns vertrauen Jede Meinung hilft uns, mehr Komfort, Freude und Pflege zu schaffen. Schenken Sie Ihrem Baby den Komfort<\/p>","protected":false},"author":4,"featured_media":0,"parent":0,"menu_order":0,"comment_status":"closed","ping_status":"closed","template":"","meta":{"footnotes":""},"class_list":["post-11602","page","type-page","status-publish","hentry"],"_hostinger_reach_plugin_has_subscription_block":false,"_hostinger_reach_plugin_is_elementor":false,"_links":{"self":[{"href":"https:\/\/lovesleepee.com\/de\/wp-json\/wp\/v2\/pages\/11602","targetHints":{"allow":["GET"]}}],"collection":[{"href":"https:\/\/lovesleepee.com\/de\/wp-json\/wp\/v2\/pages"}],"about":[{"href":"https:\/\/lovesleepee.com\/de\/wp-json\/wp\/v2\/types\/page"}],"author":[{"embeddable":true,"href":"https:\/\/lovesleepee.com\/de\/wp-json\/wp\/v2\/users\/4"}],"replies":[{"embeddable":true,"href":"https:\/\/lovesleepee.com\/de\/wp-json\/wp\/v2\/comments?post=11602"}],"version-history":[{"count":4,"href":"https:\/\/lovesleepee.com\/de\/wp-json\/wp\/v2\/pages\/11602\/revisions"}],"predecessor-version":[{"id":11623,"href":"https:\/\/lovesleepee.com\/de\/wp-json\/wp\/v2\/pages\/11602\/revisions\/11623"}],"wp:attachment":[{"href":"https:\/\/lovesleepee.com\/de\/wp-json\/wp\/v2\/media?parent=11602"}],"curies":[{"name":"wp","href":"https:\/\/api.w.org\/{rel}","templated":true}]}}